{"id":60901,"date":"2023-08-16T20:31:01","date_gmt":"2023-08-16T20:31:01","guid":{"rendered":"https:\/\/lsd-legal.com\/kariera-v-lsd-legal-de\/"},"modified":"2025-09-22T14:48:17","modified_gmt":"2025-09-22T14:48:17","slug":"kariera-v-lsd-legal-de","status":"publish","type":"page","link":"https:\/\/lsd-legal.com\/cs\/kariera-v-lsd-legal-de\/","title":{"rendered":"Kari\u00e9ra v LSD-Legal.de"},"content":{"rendered":"\n<p>Jsme n\u011bmeck\u00fdm l\u00eddrem na trhu v oblasti deriv\u00e1t\u016f LSD a jsme hrd\u00ed na to, \u017ee jsme za posledn\u00ed t\u0159i roky poskytli stovk\u00e1m tis\u00edc\u016f v\u00fdzkumn\u00edk\u016f p\u0159\u00edstup k leg\u00e1ln\u00edm deriv\u00e1t\u016fm LSD \u2013 jak online na lsd-legal.de, tak v na\u0161em obchod\u011b v pulzuj\u00edc\u00ed berl\u00ednsk\u00e9 \u010dtvrti Friedrichshain.<br\/>Vyzna\u010dujeme se profesionalitou, spolehlivost\u00ed a vynikaj\u00edc\u00edmi slu\u017ebami.<\/p>\n\n<p><strong>Na\u0161e vize: poskytnout lidem otev\u0159en\u00fd p\u0159\u00edstup k leg\u00e1ln\u00edm deriv\u00e1t\u016fm LSD.<\/strong><\/p>\n\n<p>-V sou\u010dasn\u00e9 dob\u011b nejsou voln\u00e1 m\u00edsta-<\/p>\n\n<p><\/p>\n","protected":false},"excerpt":{"rendered":"<p>Jsme n\u011bmeck\u00fdm l\u00eddrem na trhu v oblasti deriv\u00e1t\u016f LSD a jsme hrd\u00ed na to, \u017ee jsme za posledn\u00ed t\u0159i roky poskytli stovk\u00e1m tis\u00edc\u016f v\u00fdzkumn\u00edk\u016f p\u0159\u00edstup k leg\u00e1ln\u00edm deriv\u00e1t\u016fm LSD \u2013 jak online na lsd-legal.de, tak v na\u0161em obchod\u011b v pulzuj\u00edc\u00ed berl\u00ednsk\u00e9 \u010dtvrti Friedrichshain.Vyzna\u010dujeme se profesionalitou, spolehlivost\u00ed a vynikaj\u00edc\u00edmi slu\u017ebami. Na\u0161e vize: poskytnout lidem otev\u0159en\u00fd p\u0159\u00edstup [&hellip;]<\/p>\n","protected":false},"author":9051,"featured_media":0,"parent":0,"menu_order":0,"comment_status":"closed","ping_status":"closed","template":"","meta":{"_acf_changed":false,"_uf_show_specific_survey":0,"_uf_disable_surveys":false,"footnotes":""},"class_list":["post-60901","page","type-page","status-publish","hentry"],"acf":[],"_links":{"self":[{"href":"https:\/\/lsd-legal.com\/cs\/wp-json\/wp\/v2\/pages\/60901","targetHints":{"allow":["GET"]}}],"collection":[{"href":"https:\/\/lsd-legal.com\/cs\/wp-json\/wp\/v2\/pages"}],"about":[{"href":"https:\/\/lsd-legal.com\/cs\/wp-json\/wp\/v2\/types\/page"}],"author":[{"embeddable":true,"href":"https:\/\/lsd-legal.com\/cs\/wp-json\/wp\/v2\/users\/9051"}],"replies":[{"embeddable":true,"href":"https:\/\/lsd-legal.com\/cs\/wp-json\/wp\/v2\/comments?post=60901"}],"version-history":[{"count":1,"href":"https:\/\/lsd-legal.com\/cs\/wp-json\/wp\/v2\/pages\/60901\/revisions"}],"predecessor-version":[{"id":60902,"href":"https:\/\/lsd-legal.com\/cs\/wp-json\/wp\/v2\/pages\/60901\/revisions\/60902"}],"wp:attachment":[{"href":"https:\/\/lsd-legal.com\/cs\/wp-json\/wp\/v2\/media?parent=60901"}],"curies":[{"name":"wp","href":"https:\/\/api.w.org\/{rel}","templated":true}]}}