{"id":60984,"date":"2023-07-14T15:57:36","date_gmt":"2023-07-14T15:57:36","guid":{"rendered":"https:\/\/lsd-legal.com\/otisteno\/"},"modified":"2026-03-12T11:25:47","modified_gmt":"2026-03-12T11:25:47","slug":"imprint","status":"publish","type":"page","link":"https:\/\/lsd-legal.com\/cs\/imprint\/","title":{"rendered":"Otisk"},"content":{"rendered":"\t\t<div data-elementor-type=\"wp-page\" data-elementor-id=\"60984\" class=\"elementor elementor-60984 elementor-4167\" data-elementor-post-type=\"page\">\n\t\t\t\t<div class=\"elementor-element elementor-element-27a14e5 e-flex e-con-boxed e-con e-parent\" data-id=\"27a14e5\" data-element_type=\"container\" data-e-type=\"container\">\n\t\t\t\t\t<div class=\"e-con-inner\">\n\t\t\t\t<div class=\"elementor-element elementor-element-5e683b3 elementor-widget elementor-widget-heading\" data-id=\"5e683b3\" data-element_type=\"widget\" data-e-type=\"widget\" data-widget_type=\"heading.default\">\n\t\t\t\t<div class=\"elementor-widget-container\">\n\t\t\t\t\t<h1 class=\"elementor-heading-title elementor-size-default\">Otisk<\/h1>\t\t\t\t<\/div>\n\t\t\t\t<\/div>\n\t\t\t\t<div class=\"elementor-element elementor-element-8b13a3e elementor-widget elementor-widget-text-editor\" data-id=\"8b13a3e\" data-element_type=\"widget\" data-e-type=\"widget\" data-widget_type=\"text-editor.default\">\n\t\t\t\t<div class=\"elementor-widget-container\">\n\t\t\t\t\t\t\t\t\t<div><p><strong>Lysentia B.V.<br><\/strong><br> V\u00fdkonn\u00fd \u0159editel: Daniel Becker a Manuel M\u00fchlhoff<\/p><p>Karveelweg 20<br>6222 NH Maastricht<br>Nizozemsko<\/p><p>Telefon: <a href=\"http:\/\/tel:+31623012367\/\" target=\"_blank\" rel=\"noopener\">+31623012367<\/a><br>E-mail: <a href=\"mailto:support@lsd-legal.com\">support@lsd-legal.com<\/a><\/p><p>\u017divnostensk\u00fd rejst\u0159\u00edk:<br>\u010c\u00edslo obchodn\u00ed komory: 94284407<br>DI\u010c: NL866710796B01<\/p><p>V souladu s nizozemsk\u00fdm ob\u010dansk\u00fdm pr\u00e1vem (Burgerlijk Wetboek, Boek 6) a na\u0159\u00edzen\u00edm (EU) 2022\/2065 (z\u00e1kon o digit\u00e1ln\u00edch slu\u017eb\u00e1ch) poskytujeme v\u00fd\u0161e uveden\u00e9 informace z d\u016fvodu transparentnosti.  <br>Dal\u0161\u00ed podrobnosti, jako jsou p\u0159\u00edslu\u0161n\u00e9 dozorov\u00e9 org\u00e1ny, na\u0161e z\u00e1sady ochrany osobn\u00edch \u00fadaj\u016f a podm\u00ednky, jsou k dispozici na vy\u017e\u00e1d\u00e1n\u00ed nebo p\u0159\u00edmo na na\u0161ich webov\u00fdch str\u00e1nk\u00e1ch.<\/p><\/div><div> <\/div><div><strong>\u0158e\u0161en\u00ed spor\u016f<\/strong><\/div><div><p>EU vytvo\u0159ila online postup pro \u0159e\u0161en\u00ed spor\u016f mezi podniky a spot\u0159ebiteli. Informace o n\u011bm najdete na adrese: <\/p><div><a href=\"https:\/\/ec.europa.eu\/consumers\/odr\">https:\/\/ec.europa.eu\/consumers\/odr<\/a><\/div><div> <\/div><div>Nejsme p\u0159ipraveni ani povinni \u00fa\u010dastnit se \u0159\u00edzen\u00ed o \u0159e\u0161en\u00ed spor\u016f p\u0159ed spot\u0159ebitelskou rozhod\u010d\u00ed komis\u00ed.<\/div><div> <\/div><div><strong>Odpov\u011bdnost za obsah<\/strong><\/div><div><p>Tvorb\u011b obsahu na\u0161ich webov\u00fdch str\u00e1nek v\u011bnujeme velkou p\u00e9\u010di a sna\u017e\u00edme se poskytovat p\u0159esn\u00e9 a aktu\u00e1ln\u00ed informace.<br>V souladu s \u010dl\u00e1nkem 14 z\u00e1kona o digit\u00e1ln\u00edch slu\u017eb\u00e1ch a p\u0159\u00edslu\u0161n\u00fdmi nizozemsk\u00fdmi pr\u00e1vn\u00edmi p\u0159edpisy neseme odpov\u011bdnost za vlastn\u00ed obsah t\u011bchto str\u00e1nek. <br>Nejsme povinni monitorovat p\u0159en\u00e1\u0161en\u00fd nebo ukl\u00e1dan\u00fd obsah t\u0159et\u00edch stran ani vy\u0161et\u0159ovat okolnosti, kter\u00e9 nazna\u010duj\u00ed nez\u00e1konnou \u010dinnost.<br>Odpov\u011bdnost v tomto ohledu je mo\u017en\u00e1 a\u017e od okam\u017eiku, kdy se dozv\u00edme o konkr\u00e9tn\u00edm poru\u0161en\u00ed. Jakmile se o n\u011bm dozv\u00edme, obsah okam\u017eit\u011b odstran\u00edme. <\/p><div> <\/div><div><strong>Odpov\u011bdnost za odkazy<\/strong><\/div><div><p>Na\u0161e webov\u00e9 str\u00e1nky obsahuj\u00ed extern\u00ed odkazy na jin\u00e9 webov\u00e9 str\u00e1nky, na jejich\u017e obsah nem\u00e1me \u017e\u00e1dn\u00fd vliv. Z tohoto d\u016fvodu nem\u016f\u017eeme za tento obsah p\u0159evz\u00edt \u017e\u00e1dnou odpov\u011bdnost. Za obsah a spr\u00e1vnost poskytovan\u00fdch informac\u00ed odpov\u00edd\u00e1 p\u0159\u00edslu\u0161n\u00fd poskytovatel odkazovan\u00e9 webov\u00e9 str\u00e1nky. V dob\u011b vytvo\u0159en\u00ed odkaz\u016f nebylo zji\u0161t\u011bno \u017e\u00e1dn\u00e9 poru\u0161en\u00ed pr\u00e1vn\u00edch p\u0159edpis\u016f. Pokud se dozv\u00edme o jak\u00e9mkoli poru\u0161en\u00ed, okam\u017eit\u011b takov\u00e9 odkazy odstran\u00edme.    <\/p><div> <\/div><div><p><strong>Autorsk\u00e1 pr\u00e1va<\/strong><br>Ve\u0161ker\u00fd obsah a d\u00edla vytvo\u0159en\u00e1 provozovateli t\u011bchto webov\u00fdch str\u00e1nek podl\u00e9haj\u00ed nizozemsk\u00e9mu autorsk\u00e9mu pr\u00e1vu a pr\u00e1v\u016fm s n\u00edm souvisej\u00edc\u00edm. P\u0159\u00edsp\u011bvky t\u0159et\u00edch stran jsou takto ozna\u010deny. <br>Jak\u00e1koli reprodukce, \u00faprava, distribuce nebo jak\u00fdkoli zp\u016fsob pou\u017eit\u00ed mimo r\u00e1mec autorsk\u00e9ho pr\u00e1va vy\u017eaduje p\u0159edchoz\u00ed p\u00edsemn\u00fd souhlas p\u0159\u00edslu\u0161n\u00e9ho dr\u017eitele autorsk\u00fdch pr\u00e1v.<br>Stahov\u00e1n\u00ed a kop\u00edrov\u00e1n\u00ed t\u011bchto webov\u00fdch str\u00e1nek je povoleno pouze pro soukrom\u00e9, nekomer\u010dn\u00ed pou\u017eit\u00ed. <br>Pokud se domn\u00edv\u00e1te, \u017ee obsah t\u011bchto webov\u00fdch str\u00e1nek poru\u0161uje autorsk\u00e1 pr\u00e1va, kontaktujte n\u00e1s. Z\u00e1le\u017eitost pro\u0161et\u0159\u00edme a v p\u0159\u00edpad\u011b pot\u0159eby obsah odstran\u00edme.  <\/p><\/div><\/div><\/div><\/div>\t\t\t\t\t\t\t\t<\/div>\n\t\t\t\t<\/div>\n\t\t\t\t\t<\/div>\n\t\t\t\t<\/div>\n\t\t\t\t<\/div>\n\t\t","protected":false},"excerpt":{"rendered":"<p>Lysentia B.V. V\u00fdkonn\u00fd \u0159editel: Daniel Becker a Manuel M\u00fchlhoff Karveelweg 206222 NH MaastrichtNizozemsko Telefon: +31623012367E-mail: support@lsd-legal.com \u017divnostensk\u00fd rejst\u0159\u00edk:\u010c\u00edslo obchodn\u00ed komory: 94284407DI\u010c: NL866710796B01 V souladu s nizozemsk\u00fdm ob\u010dansk\u00fdm pr\u00e1vem (Burgerlijk Wetboek, Boek 6) a na\u0159\u00edzen\u00edm (EU) 2022\/2065 (z\u00e1kon o digit\u00e1ln\u00edch slu\u017eb\u00e1ch) poskytujeme v\u00fd\u0161e uveden\u00e9 informace z d\u016fvodu transparentnosti. Dal\u0161\u00ed podrobnosti, jako jsou p\u0159\u00edslu\u0161n\u00e9 dozorov\u00e9 org\u00e1ny, na\u0161e [&hellip;]<\/p>\n","protected":false},"author":9051,"featured_media":0,"parent":0,"menu_order":0,"comment_status":"closed","ping_status":"closed","template":"","meta":{"_acf_changed":false,"_uf_show_specific_survey":0,"_uf_disable_surveys":false,"footnotes":""},"class_list":["post-60984","page","type-page","status-publish","hentry"],"acf":[],"_links":{"self":[{"href":"https:\/\/lsd-legal.com\/cs\/wp-json\/wp\/v2\/pages\/60984","targetHints":{"allow":["GET"]}}],"collection":[{"href":"https:\/\/lsd-legal.com\/cs\/wp-json\/wp\/v2\/pages"}],"about":[{"href":"https:\/\/lsd-legal.com\/cs\/wp-json\/wp\/v2\/types\/page"}],"author":[{"embeddable":true,"href":"https:\/\/lsd-legal.com\/cs\/wp-json\/wp\/v2\/users\/9051"}],"replies":[{"embeddable":true,"href":"https:\/\/lsd-legal.com\/cs\/wp-json\/wp\/v2\/comments?post=60984"}],"version-history":[{"count":8,"href":"https:\/\/lsd-legal.com\/cs\/wp-json\/wp\/v2\/pages\/60984\/revisions"}],"predecessor-version":[{"id":64688,"href":"https:\/\/lsd-legal.com\/cs\/wp-json\/wp\/v2\/pages\/60984\/revisions\/64688"}],"wp:attachment":[{"href":"https:\/\/lsd-legal.com\/cs\/wp-json\/wp\/v2\/media?parent=60984"}],"curies":[{"name":"wp","href":"https:\/\/api.w.org\/{rel}","templated":true}]}}