{"id":61000,"date":"2024-04-22T05:49:41","date_gmt":"2024-04-22T05:49:41","guid":{"rendered":"https:\/\/lsd-legal.com\/kontaktni-formular\/"},"modified":"2026-03-13T12:15:34","modified_gmt":"2026-03-13T12:15:34","slug":"contact","status":"publish","type":"page","link":"https:\/\/lsd-legal.com\/cs\/contact\/","title":{"rendered":"Kontakt"},"content":{"rendered":"\t\t<div data-elementor-type=\"wp-page\" data-elementor-id=\"61000\" class=\"elementor elementor-61000 elementor-6309\" data-elementor-post-type=\"page\">\n\t\t\t\t<div class=\"elementor-element elementor-element-ffab4bc e-flex e-con-boxed e-con e-parent\" data-id=\"ffab4bc\" data-element_type=\"container\" data-e-type=\"container\" data-settings=\"{&quot;background_background&quot;:&quot;classic&quot;}\">\n\t\t\t\t\t<div class=\"e-con-inner\">\n\t\t\t\t<div class=\"elementor-element elementor-element-b38ab97 elementor-widget elementor-widget-heading\" data-id=\"b38ab97\" data-element_type=\"widget\" data-e-type=\"widget\" data-widget_type=\"heading.default\">\n\t\t\t\t<div class=\"elementor-widget-container\">\n\t\t\t\t\t<h1 class=\"elementor-heading-title elementor-size-default\">Kontakt<\/h1>\t\t\t\t<\/div>\n\t\t\t\t<\/div>\n\t\t\t\t\t<\/div>\n\t\t\t\t<\/div>\n\t\t<div class=\"elementor-element elementor-element-557b9f9 e-flex e-con-boxed e-con e-parent\" data-id=\"557b9f9\" data-element_type=\"container\" data-e-type=\"container\">\n\t\t\t\t\t<div class=\"e-con-inner\">\n\t\t\t\t<div class=\"elementor-element elementor-element-2791d53 elementor-invisible elementor-widget elementor-widget-heading\" data-id=\"2791d53\" data-element_type=\"widget\" data-e-type=\"widget\" data-settings=\"{&quot;_animation&quot;:&quot;fadeIn&quot;}\" data-widget_type=\"heading.default\">\n\t\t\t\t<div class=\"elementor-widget-container\">\n\t\t\t\t\t<h2 class=\"elementor-heading-title elementor-size-default\">Kontaktujte n\u00e1s zde!<\/h2>\t\t\t\t<\/div>\n\t\t\t\t<\/div>\n\t\t\t\t\t<\/div>\n\t\t\t\t<\/div>\n\t\t<div class=\"elementor-element elementor-element-706369c e-flex e-con-boxed e-con e-parent\" data-id=\"706369c\" data-element_type=\"container\" data-e-type=\"container\">\n\t\t\t\t\t<div class=\"e-con-inner\">\n\t\t\t\t<div class=\"elementor-element elementor-element-bd987ca elementor-widget elementor-widget-text-editor\" data-id=\"bd987ca\" data-element_type=\"widget\" data-e-type=\"widget\" data-widget_type=\"text-editor.default\">\n\t\t\t\t<div class=\"elementor-widget-container\">\n\t\t\t\t\t\t\t\t\t<p style=\"text-align: center;\">V sou\u010dasn\u00e9 dob\u011b v\u00e1m nab\u00edz\u00edme p\u011bt r\u016fzn\u00fdch zp\u016fsob\u016f, jak se s n\u00e1mi spojit.  <br>Vyberte si ten, kter\u00fd se v\u00e1m l\u00edb\u00ed nejv\u00edce.<\/p>\t\t\t\t\t\t\t\t<\/div>\n\t\t\t\t<\/div>\n\t\t\t\t\t<\/div>\n\t\t\t\t<\/div>\n\t\t<div class=\"elementor-element elementor-element-c8cb7f2 e-flex e-con-boxed e-con e-parent\" data-id=\"c8cb7f2\" data-element_type=\"container\" data-e-type=\"container\">\n\t\t\t\t\t<div class=\"e-con-inner\">\n\t\t\t\t<div class=\"elementor-element elementor-element-41ac20c elementor-widget elementor-widget-html\" data-id=\"41ac20c\" data-element_type=\"widget\" data-e-type=\"widget\" data-widget_type=\"html.default\">\n\t\t\t\t<div class=\"elementor-widget-container\">\n\t\t\t\t\t<div class=\"lsd-contact-wrapper\">\r\n    <a href=\"https:\/\/web.whatsapp.com\/send?phone=31623012367&amp;text=\" target=\"_blank\" class=\"lsd-contact-item livechat-highlight\">\r\n        <div class=\"lsd-icon\">\r\n            <img decoding=\"async\" src=\"https:\/\/lsd-legal.de\/wp-content\/uploads\/2026\/01\/whatsapp-1.svg\" alt=\"WhatsApp\">\r\n        <\/div>\r\n        <div class=\"lsd-text\">\r\n WhatsApp \u2013 Sta\u010d\u00ed n\u00e1m poslat zpr\u00e1vu.\r\n        <\/div>\r\n    <\/a>\r\n\r\n    <a href=\"https:\/\/telegram.im\/LSD_legal_com\" target=\"_blank\" class=\"lsd-contact-item\">\r\n        <div class=\"lsd-icon\">\r\n            <img decoding=\"async\" src=\"https:\/\/lsd-legal.de\/wp-content\/uploads\/2026\/01\/telegram-1.svg\" alt=\"Telegram\">\r\n        <\/div>\r\n        <div class=\"lsd-text\">\r\n Telegram \u2013 Komunikujte bezpe\u010dn\u011b a diskr\u00e9tn\u011b.\r\n        <\/div>\r\n    <\/a>\r\n\r\n    <a href=\"mailto:support@lsd-legal.com\" class=\"lsd-contact-item\">\r\n        <div class=\"lsd-icon\">\r\n            <img decoding=\"async\" src=\"https:\/\/lsd-legal.de\/wp-content\/uploads\/2026\/01\/email-icon-121.png\" alt=\"E-Mail\">\r\n        <\/div>\r\n        <div class=\"lsd-text\">\r\n  E-mail (support@lsd-legal.com) - klasick\u00fd zp\u016fsob prost\u0159ednictv\u00edm e-mailu.\r\n        <\/div>\r\n    <\/a>\r\n\r\n    <a href=\"tel:+310623012367\" class=\"lsd-contact-item\">\r\n        <div class=\"lsd-icon\">\r\n            <img decoding=\"async\" src=\"https:\/\/lsd-legal.de\/wp-content\/uploads\/2026\/01\/Telefon-weiss.png\" alt=\"formul\u00e1\u0159\">\r\n        <\/div>\r\n        <div class=\"lsd-text\">\r\n  Zavolejte n\u00e1m - jednodu\u0161e n\u00e1m zavolejte b\u011bhem otev\u00edrac\u00ed doby.\r\n        <\/div>\r\n    <\/a>\r\n<\/div>\r\n\r\n<style>\r\n.lsd-contact-wrapper {\r\n    display: flex;\r\n    flex-direction: column;\r\n    gap: 15px;\r\n    font-family: inherit;\r\n}\r\n\r\n.lsd-contact-item {\r\n    display: flex;\r\n    align-items: center;\r\n    text-decoration: none;\r\n    color: inherit;\r\n    padding: 10px;\r\n    border-radius: 8px;\r\n    transition: background 0.3s ease;\r\n}\r\n\r\n.lsd-contact-item:hover {\r\n    background-color: rgba(0,0,0,0.03);\r\n}\r\n\r\n.lsd-icon {\r\n    width: 40px;\r\n    height: 40px;\r\n    margin-right: 20px;\r\n    display: flex;\r\n    justify-content: center;\r\n    align-items: center;\r\n}\r\n\r\n.lsd-icon img {\r\n    max-width: 100%;\r\n    height: auto;\r\n}\r\n\r\n\/* Hervorhebung f\u00fcr LiveChat *\/\r\n.livechat-highlight {\r\n    background-color: #f0f7ff; \/* Leichtes Blau oder Gold f\u00fcr LSD-Legal passend w\u00e4hlen *\/\r\n    border: 1px solid #007bff;\r\n    box-shadow: 0 4px 10px rgba(0,0,0,0.05);\r\n}\r\n\r\n.lsd-text {\r\n    line-height: 1.4;\r\n}\r\n<\/style>\t\t\t\t<\/div>\n\t\t\t\t<\/div>\n\t\t\t\t\t<\/div>\n\t\t\t\t<\/div>\n\t\t<div class=\"elementor-element elementor-element-cf9b97e e-flex e-con-boxed e-con e-parent\" data-id=\"cf9b97e\" data-element_type=\"container\" data-e-type=\"container\">\n\t\t\t\t\t<div class=\"e-con-inner\">\n\t\t\t\t<div class=\"elementor-element elementor-element-703c2f8 elementor-invisible elementor-widget elementor-widget-heading\" data-id=\"703c2f8\" data-element_type=\"widget\" data-e-type=\"widget\" data-settings=\"{&quot;_animation&quot;:&quot;fadeIn&quot;}\" data-widget_type=\"heading.default\">\n\t\t\t\t<div class=\"elementor-widget-container\">\n\t\t\t\t\t<h2 class=\"elementor-heading-title elementor-size-default\">Kontaktn\u00ed formul\u00e1\u0159<\/h2>\t\t\t\t<\/div>\n\t\t\t\t<\/div>\n\t\t\t\t\t<\/div>\n\t\t\t\t<\/div>\n\t\t<div class=\"elementor-element elementor-element-2c165e5 e-flex e-con-boxed e-con e-parent\" data-id=\"2c165e5\" data-element_type=\"container\" data-e-type=\"container\">\n\t\t\t\t\t<div class=\"e-con-inner\">\n\t\t\t\t<div class=\"elementor-element elementor-element-c1d259c elementor-widget elementor-widget-shortcode\" data-id=\"c1d259c\" data-element_type=\"widget\" data-e-type=\"widget\" data-widget_type=\"shortcode.default\">\n\t\t\t\t<div class=\"elementor-widget-container\">\n\t\t\t\t\t\t\t<div class=\"elementor-shortcode\"><p class=\"wpcf7-contact-form-not-found\"><strong>Chyba:<\/strong> Kontaktn\u00ed formul\u00e1\u0159 nebyl nalezen.<\/p><\/div>\n\t\t\t\t\t\t<\/div>\n\t\t\t\t<\/div>\n\t\t\t\t\t<\/div>\n\t\t\t\t<\/div>\n\t\t\t\t<\/div>\n\t\t","protected":false},"excerpt":{"rendered":"<p>Kontakt Kontaktujte n\u00e1s zde! V sou\u010dasn\u00e9 dob\u011b v\u00e1m nab\u00edz\u00edme p\u011bt r\u016fzn\u00fdch zp\u016fsob\u016f, jak se s n\u00e1mi spojit. Vyberte si ten, kter\u00fd se v\u00e1m l\u00edb\u00ed nejv\u00edce. WhatsApp \u2013 Sta\u010d\u00ed n\u00e1m poslat zpr\u00e1vu. Telegram \u2013 Komunikujte bezpe\u010dn\u011b a diskr\u00e9tn\u011b. E-mail (support@lsd-legal.com) &#8211; klasick\u00fd zp\u016fsob prost\u0159ednictv\u00edm e-mailu. Zavolejte n\u00e1m &#8211; jednodu\u0161e n\u00e1m zavolejte b\u011bhem otev\u00edrac\u00ed doby. Kontaktn\u00ed formul\u00e1\u0159<\/p>\n","protected":false},"author":4,"featured_media":0,"parent":0,"menu_order":0,"comment_status":"closed","ping_status":"closed","template":"","meta":{"_acf_changed":false,"_uf_show_specific_survey":0,"_uf_disable_surveys":false,"footnotes":""},"class_list":["post-61000","page","type-page","status-publish","hentry"],"acf":[],"_links":{"self":[{"href":"https:\/\/lsd-legal.com\/cs\/wp-json\/wp\/v2\/pages\/61000","targetHints":{"allow":["GET"]}}],"collection":[{"href":"https:\/\/lsd-legal.com\/cs\/wp-json\/wp\/v2\/pages"}],"about":[{"href":"https:\/\/lsd-legal.com\/cs\/wp-json\/wp\/v2\/types\/page"}],"author":[{"embeddable":true,"href":"https:\/\/lsd-legal.com\/cs\/wp-json\/wp\/v2\/users\/4"}],"replies":[{"embeddable":true,"href":"https:\/\/lsd-legal.com\/cs\/wp-json\/wp\/v2\/comments?post=61000"}],"version-history":[{"count":6,"href":"https:\/\/lsd-legal.com\/cs\/wp-json\/wp\/v2\/pages\/61000\/revisions"}],"predecessor-version":[{"id":64771,"href":"https:\/\/lsd-legal.com\/cs\/wp-json\/wp\/v2\/pages\/61000\/revisions\/64771"}],"wp:attachment":[{"href":"https:\/\/lsd-legal.com\/cs\/wp-json\/wp\/v2\/media?parent=61000"}],"curies":[{"name":"wp","href":"https:\/\/api.w.org\/{rel}","templated":true}]}}