{"id":61018,"date":"2023-08-21T16:19:46","date_gmt":"2023-08-21T16:19:46","guid":{"rendered":"https:\/\/lsd-legal.com\/pravo-na-odstoupeni-od-smlouvy\/"},"modified":"2025-09-23T09:26:21","modified_gmt":"2025-09-23T09:26:21","slug":"pravo-na-odstoupeni-od-smlouvy","status":"publish","type":"page","link":"https:\/\/lsd-legal.com\/cs\/pravo-na-odstoupeni-od-smlouvy\/","title":{"rendered":"Pr\u00e1vo na odstoupen\u00ed od smlouvy"},"content":{"rendered":"\n<p>M\u00e1te pr\u00e1vo odstoupit od t\u00e9to smlouvy do <strong>\u010dtrn\u00e1cti (14) dn\u016f<\/strong> bez ud\u00e1n\u00ed d\u016fvodu.<br\/>Lh\u016fta pro odstoupen\u00ed od smlouvy uplyne <strong>\u010dtrn\u00e1ct (14) dn\u016f ode dne uzav\u0159en\u00ed smlouvy<\/strong>.<\/p>\n\n<p>Chcete-li uplatnit sv\u00e9 pr\u00e1vo na odstoupen\u00ed od smlouvy, mus\u00edte n\u00e1s o sv\u00e9m rozhodnut\u00ed informovat jasn\u00fdm prohl\u00e1\u0161en\u00edm (nap\u0159. po\u0161tou, telefonicky nebo e-mailem) pomoc\u00ed n\u00ed\u017ee uveden\u00fdch kontaktn\u00edch \u00fadaj\u016f:<\/p>\n\n<p><strong>Cofana International B.V.<\/strong><br\/>Attn: Daniel Becker<br\/>Karveelweg 20<br\/>6222 NH Maastricht<br\/>Nizozemsko<\/p>\n\n<p>Telefon: +49 (0)176 434 499 27<br\/>E-mail: info@cofanainternational.com<\/p>\n\n<p>M\u016f\u017eete pou\u017e\u00edt n\u00ed\u017ee uveden\u00fd vzorov\u00fd formul\u00e1\u0159 pro odstoupen\u00ed od smlouvy, ale nen\u00ed to povinn\u00e9. <br\/>Pro dodr\u017een\u00ed lh\u016fty pro odstoupen\u00ed od smlouvy sta\u010d\u00ed, abyste p\u0159ed uplynut\u00edm lh\u016fty pro odstoupen\u00ed od smlouvy zaslali ozn\u00e1men\u00ed o uplatn\u011bn\u00ed pr\u00e1va na odstoupen\u00ed od smlouvy.<\/p>\n\n<hr class=\"wp-block-separator has-alpha-channel-opacity\"\/>\n\n<p><strong>D\u016fsledky odn\u011bt\u00ed<\/strong><\/p>\n\n<p>Pokud odstoup\u00edte od t\u00e9to smlouvy, vr\u00e1t\u00edme v\u00e1m v\u0161echny platby, kter\u00e9 jsme od v\u00e1s obdr\u017eeli, v\u010detn\u011b n\u00e1klad\u016f na dod\u00e1n\u00ed (s v\u00fdjimkou dodate\u010dn\u00fdch n\u00e1klad\u016f vznikl\u00fdch v d\u016fsledku va\u0161\u00ed volby jin\u00e9ho zp\u016fsobu dod\u00e1n\u00ed, ne\u017e je nejlevn\u011bj\u0161\u00ed standardn\u00ed dod\u00e1n\u00ed, kter\u00e9 nab\u00edz\u00edme), bez zbyte\u010dn\u00e9ho odkladu a v ka\u017ed\u00e9m p\u0159\u00edpad\u011b nejpozd\u011bji do <strong>\u010dtrn\u00e1cti (14) dn\u016f<\/strong> ode dne, kdy jsme byli informov\u00e1ni o va\u0161em rozhodnut\u00ed odstoupit od t\u00e9to smlouvy.<\/p>\n\n<hr class=\"wp-block-separator has-alpha-channel-opacity\"\/>\n\n<p><strong>Vylou\u010den\u00ed \/ p\u0159ed\u010dasn\u00e9 z\u00e1nik pr\u00e1va na odstoupen\u00ed od smlouvy<\/strong><\/p>\n\n<p>Pr\u00e1vo na odstoupen\u00ed od smlouvy se nevztahuje nebo m\u016f\u017ee p\u0159ed\u010dasn\u011b zaniknout u smluv uzav\u0159en\u00fdch na d\u00e1lku, kter\u00e9 se t\u00fdkaj\u00ed:<\/p>\n\n<ul class=\"wp-block-list\">\n<li>zbo\u017e\u00ed, kter\u00e9 podl\u00e9h\u00e1 rychl\u00e9 zk\u00e1ze nebo m\u00e1 kr\u00e1tkou dobu spot\u0159eby;<\/li>\n\n\n\n<li>zape\u010det\u011bn\u00e9 zbo\u017e\u00ed, kter\u00e9 z hygienick\u00fdch nebo zdravotn\u00edch d\u016fvod\u016f nelze vr\u00e1tit, pokud bylo po dod\u00e1n\u00ed rozpe\u010det\u011bno.<\/li>\n<\/ul>\n\n<hr class=\"wp-block-separator has-alpha-channel-opacity\"\/>\n\n<p>Vzorov\u00fd formul\u00e1\u0159 pro odstoupen\u00ed od smlouvy<\/p>\n\n<p>Pokud chcete odstoupit od smlouvy, vypl\u0148te pros\u00edm tento formul\u00e1\u0159 a za\u0161lete jej na adresu:<\/p>\n\n<p><strong>Cofana International B.V.<\/strong><br\/>Attn: Daniel Becker<br\/>Karveelweg 20<br\/>6222 NH Maastricht<br\/>Nizozemsko<\/p>\n\n<p>nebo e-mailem na adresu: info@cofanainternational.com<\/p>\n\n<p>T\u00edmto odstupuji\/odstupujeme od smlouvy uzav\u0159en\u00e9 mnou\/n\u00e1mi o koupi n\u00e1sleduj\u00edc\u00edho zbo\u017e\u00ed:<\/p>\n\n<p>\u2013 Jm\u00e9no spot\u0159ebitele (spot\u0159ebitel\u016f):<br\/>\u2013 Adresa spot\u0159ebitele (spot\u0159ebitel\u016f):<br\/>\u2013 Datum objedn\u00e1vky:<br\/>\u2013 Objednan\u00e9 zbo\u017e\u00ed:<br\/>\u2013 Datum:<br\/>\u2013 Podpis spot\u0159ebitele (spot\u0159ebitel\u016f) (pouze v p\u0159\u00edpad\u011b pod\u00e1n\u00ed v pap\u00edrov\u00e9 podob\u011b):<\/p>\n","protected":false},"excerpt":{"rendered":"<p>M\u00e1te pr\u00e1vo odstoupit od t\u00e9to smlouvy do \u010dtrn\u00e1cti (14) dn\u016f bez ud\u00e1n\u00ed d\u016fvodu.Lh\u016fta pro odstoupen\u00ed od smlouvy uplyne \u010dtrn\u00e1ct (14) dn\u016f ode dne uzav\u0159en\u00ed smlouvy. Chcete-li uplatnit sv\u00e9 pr\u00e1vo na odstoupen\u00ed od smlouvy, mus\u00edte n\u00e1s o sv\u00e9m rozhodnut\u00ed informovat jasn\u00fdm prohl\u00e1\u0161en\u00edm (nap\u0159. po\u0161tou, telefonicky nebo e-mailem) pomoc\u00ed n\u00ed\u017ee uveden\u00fdch kontaktn\u00edch \u00fadaj\u016f: Cofana International B.V.Attn: Daniel [&hellip;]<\/p>\n","protected":false},"author":9051,"featured_media":0,"parent":0,"menu_order":0,"comment_status":"closed","ping_status":"closed","template":"","meta":{"_acf_changed":false,"_uf_show_specific_survey":0,"_uf_disable_surveys":false,"footnotes":""},"class_list":["post-61018","page","type-page","status-publish","hentry"],"acf":[],"_links":{"self":[{"href":"https:\/\/lsd-legal.com\/cs\/wp-json\/wp\/v2\/pages\/61018","targetHints":{"allow":["GET"]}}],"collection":[{"href":"https:\/\/lsd-legal.com\/cs\/wp-json\/wp\/v2\/pages"}],"about":[{"href":"https:\/\/lsd-legal.com\/cs\/wp-json\/wp\/v2\/types\/page"}],"author":[{"embeddable":true,"href":"https:\/\/lsd-legal.com\/cs\/wp-json\/wp\/v2\/users\/9051"}],"replies":[{"embeddable":true,"href":"https:\/\/lsd-legal.com\/cs\/wp-json\/wp\/v2\/comments?post=61018"}],"version-history":[{"count":1,"href":"https:\/\/lsd-legal.com\/cs\/wp-json\/wp\/v2\/pages\/61018\/revisions"}],"predecessor-version":[{"id":61019,"href":"https:\/\/lsd-legal.com\/cs\/wp-json\/wp\/v2\/pages\/61018\/revisions\/61019"}],"wp:attachment":[{"href":"https:\/\/lsd-legal.com\/cs\/wp-json\/wp\/v2\/media?parent=61018"}],"curies":[{"name":"wp","href":"https:\/\/api.w.org\/{rel}","templated":true}]}}