{"id":64190,"date":"2026-03-09T04:14:51","date_gmt":"2026-03-09T04:14:51","guid":{"rendered":"https:\/\/lsd-legal.com\/newsletter\/"},"modified":"2026-03-09T04:23:49","modified_gmt":"2026-03-09T04:23:49","slug":"newsletter","status":"publish","type":"page","link":"https:\/\/lsd-legal.com\/cs\/newsletter\/","title":{"rendered":"LSD-legal Newsletter"},"content":{"rendered":"\t\t<div data-elementor-type=\"wp-page\" data-elementor-id=\"64190\" class=\"elementor elementor-64190 elementor-64185\" data-elementor-post-type=\"page\">\n\t\t\t\t<div class=\"elementor-element elementor-element-f0f24e2 e-flex e-con-boxed elementor-invisible e-con e-parent\" data-id=\"f0f24e2\" data-element_type=\"container\" data-e-type=\"container\" data-settings=\"{&quot;background_background&quot;:&quot;classic&quot;,&quot;animation&quot;:&quot;fadeIn&quot;}\">\n\t\t\t\t\t<div class=\"e-con-inner\">\n\t\t\t\t<div class=\"elementor-element elementor-element-2c82cad elementor-widget elementor-widget-shortcode\" data-id=\"2c82cad\" data-element_type=\"widget\" data-e-type=\"widget\" data-widget_type=\"shortcode.default\">\n\t\t\t\t<div class=\"elementor-widget-container\">\n\t\t\t\t\t\t\t<div class=\"elementor-shortcode\">\t\t<div class=\"newsletter-form-wrapper\">\n\t\t\t\t\t\t\t<h3 class=\"newsletter-form__title\">Newsletter LSD-legal<\/h3>\n\t\t\t\n\t\t\t\t\t\t\t<p class=\"newsletter-form__description\">P\u0159ihlaste se k odb\u011bru na\u0161eho newsletteru a bu\u010fte v obraze o nejnov\u011bj\u0161\u00edm v\u00fdvoji LSD-legal a slevov\u00fdch akc\u00edch. Jako pod\u011bkov\u00e1n\u00ed obdr\u017e\u00edte 10% slevov\u00fd k\u00f3d e-mailem na va\u0161i dal\u0161\u00ed online objedn\u00e1vku (maxim\u00e1ln\u00ed hodnota objedn\u00e1vky: 250\u20ac, s v\u00fdjimkou bal\u00ed\u010dk\u016f).<\/p>\n\t\t\t\n\t\t\t<form id=\"newsletter-form\" class=\"newsletter-form\" method=\"post\">\n\t\t\t\t<input type=\"hidden\" id=\"newsletter_nonce\" name=\"newsletter_nonce\" value=\"e166d7770e\" \/><input type=\"hidden\" name=\"_wp_http_referer\" value=\"\/cs\/wp-json\/wp\/v2\/pages\/64190\" \/>\t\t\t\t<input type=\"hidden\" name=\"action\" value=\"newsletter_form_submit\" \/>\n\t\t\t\t<input type=\"hidden\" name=\"time_token\" value=\"MTc3NzM3NjMzOA==\" \/>\n\t\t\t\t<input type=\"hidden\" name=\"language\" value=\"cs\" \/>\n\n\t\t\t\t<!-- Honeypot field - hidden from humans, bots will fill it -->\n\t\t\t\t<div class=\"newsletter-form__honeypot\" aria-hidden=\"true\">\n\t\t\t\t\t<label for=\"website_url\">Website<\/label>\n\t\t\t\t\t<input type=\"text\" name=\"website_url\" id=\"website_url\" tabindex=\"-1\" autocomplete=\"off\" \/>\n\t\t\t\t<\/div>\n\n\t\t\t\t\t\t\t\t\t<div class=\"newsletter-form__field\">\n\t\t\t\t\t\t<label for=\"newsletter_first_name\">\n\t\t\t\t\t\t\tJm\u00e9no\t\t\t\t\t\t\t<span class=\"required\">*<\/span>\n\t\t\t\t\t\t<\/label>\n\t\t\t\t\t\t<input\n\t\t\t\t\t\t\ttype=\"text\"\n\t\t\t\t\t\t\tname=\"first_name\"\n\t\t\t\t\t\t\tid=\"newsletter_first_name\"\n\t\t\t\t\t\t\tplaceholder=\"Zadejte sv\u00e9 jm\u00e9no.\"\n\t\t\t\t\t\t\trequired\n\t\t\t\t\t\t\/>\n\t\t\t\t\t<\/div>\n\n\t\t\t\t\t<div class=\"newsletter-form__field\">\n\t\t\t\t\t\t<label for=\"newsletter_last_name\">\n\t\t\t\t\t\t\tP\u0159\u00edjmen\u00ed\t\t\t\t\t\t<\/label>\n\t\t\t\t\t\t<input\n\t\t\t\t\t\t\ttype=\"text\"\n\t\t\t\t\t\t\tname=\"last_name\"\n\t\t\t\t\t\t\tid=\"newsletter_last_name\"\n\t\t\t\t\t\t\tplaceholder=\"Zadejte sv\u00e9 p\u0159\u00edjmen\u00ed.\"\n\t\t\t\t\t\t\/>\n\t\t\t\t\t<\/div>\n\t\t\t\t\n\t\t\t\t<div class=\"newsletter-form__field\">\n\t\t\t\t\t<label for=\"newsletter_email\">\n\t\t\t\t\t\tE-mail\t\t\t\t\t\t<span class=\"required\">*<\/span>\n\t\t\t\t\t<\/label>\n\t\t\t\t\t<input\n\t\t\t\t\t\ttype=\"email\"\n\t\t\t\t\t\tname=\"email\"\n\t\t\t\t\t\tid=\"newsletter_email\"\n\t\t\t\t\t\tplaceholder=\"Zadejte svou e-mailovou adresu.\"\n\t\t\t\t\t\trequired\n\t\t\t\t\t\/>\n\t\t\t\t<\/div>\n\n\t\t\t\t\t\t\t\t\t<p class=\"newsletter-form__legal\">\n\t\t\t\t\t\tP\u0159ihl\u00e1\u0161en\u00edm k odb\u011bru souhlas\u00edte se zas\u00edl\u00e1n\u00edm newsletteru e-mailem. Va\u0161i e-mailovou adresu pou\u017e\u00edv\u00e1me v\u00fdhradn\u011b k zas\u00edl\u00e1n\u00ed newsletteru. Odb\u011br m\u016f\u017eete kdykoli zru\u0161it prost\u0159ednictv\u00edm odkazu pro odhl\u00e1\u0161en\u00ed v ka\u017ed\u00e9m e-mailu nebo t\u00edm, \u017ee n\u00e1s kontaktujete. Dal\u0161\u00ed informace naleznete v na\u0161ich\t\t\t\t\t\t<a href=\"https:\/\/lsd-legal.com\/data-privacy\/\" target=\"_blank\">Z\u00e1sady ochrany osobn\u00edch \u00fadaj\u016f<\/a>.\n\t\t\t\t\t<\/p>\n\t\t\t\t\n\t\t\t\t<div class=\"newsletter-form__field newsletter-form__field--submit\">\n\t\t\t\t\t<button type=\"submit\" class=\"newsletter-form__submit\">\n\t\t\t\t\t\tOdeb\u00edrat\t\t\t\t\t<\/button>\n\t\t\t\t<\/div>\n\n\t\t\t\t<div class=\"newsletter-form__message\" aria-live=\"polite\"><\/div>\n\t\t\t<\/form>\n\t\t<\/div>\n\t\t<\/div>\n\t\t\t\t\t\t<\/div>\n\t\t\t\t<\/div>\n\t\t\t\t\t<\/div>\n\t\t\t\t<\/div>\n\t\t\t\t<\/div>\n\t\t","protected":false},"excerpt":{"rendered":"","protected":false},"author":4,"featured_media":0,"parent":0,"menu_order":0,"comment_status":"closed","ping_status":"closed","template":"","meta":{"_acf_changed":false,"_uf_show_specific_survey":0,"_uf_disable_surveys":false,"footnotes":""},"class_list":["post-64190","page","type-page","status-publish","hentry"],"acf":[],"_links":{"self":[{"href":"https:\/\/lsd-legal.com\/cs\/wp-json\/wp\/v2\/pages\/64190","targetHints":{"allow":["GET"]}}],"collection":[{"href":"https:\/\/lsd-legal.com\/cs\/wp-json\/wp\/v2\/pages"}],"about":[{"href":"https:\/\/lsd-legal.com\/cs\/wp-json\/wp\/v2\/types\/page"}],"author":[{"embeddable":true,"href":"https:\/\/lsd-legal.com\/cs\/wp-json\/wp\/v2\/users\/4"}],"replies":[{"embeddable":true,"href":"https:\/\/lsd-legal.com\/cs\/wp-json\/wp\/v2\/comments?post=64190"}],"version-history":[{"count":1,"href":"https:\/\/lsd-legal.com\/cs\/wp-json\/wp\/v2\/pages\/64190\/revisions"}],"predecessor-version":[{"id":64191,"href":"https:\/\/lsd-legal.com\/cs\/wp-json\/wp\/v2\/pages\/64190\/revisions\/64191"}],"wp:attachment":[{"href":"https:\/\/lsd-legal.com\/cs\/wp-json\/wp\/v2\/media?parent=64190"}],"curies":[{"name":"wp","href":"https:\/\/api.w.org\/{rel}","templated":true}]}}