{"id":65582,"date":"2026-05-06T04:52:46","date_gmt":"2026-05-06T04:52:46","guid":{"rendered":"https:\/\/lsd-legal.com\/zkusenosti\/nova\/"},"modified":"2026-05-06T04:52:46","modified_gmt":"2026-05-06T04:52:46","slug":"nova","status":"publish","type":"page","link":"https:\/\/lsd-legal.com\/cs\/zkusenosti\/nova\/","title":{"rendered":"Napsat recenzi"},"content":{"rendered":"<div class=\"lsdr-no-session\"><p>Recenze m\u016f\u017eete podat pouze p\u0159es osobn\u00ed odkaz z e-mailu s \u017e\u00e1dost\u00ed o recenzi. Pokud jste odkaz neobdr\u017eeli, kontaktujte na\u0161i podporu.<\/p><\/div>\n","protected":false},"excerpt":{"rendered":"","protected":false},"author":1,"featured_media":0,"parent":60880,"menu_order":0,"comment_status":"closed","ping_status":"closed","template":"","meta":{"_acf_changed":false,"_uf_show_specific_survey":0,"_uf_disable_surveys":false,"footnotes":""},"class_list":["post-65582","page","type-page","status-publish","hentry"],"acf":[],"_links":{"self":[{"href":"https:\/\/lsd-legal.com\/cs\/wp-json\/wp\/v2\/pages\/65582","targetHints":{"allow":["GET"]}}],"collection":[{"href":"https:\/\/lsd-legal.com\/cs\/wp-json\/wp\/v2\/pages"}],"about":[{"href":"https:\/\/lsd-legal.com\/cs\/wp-json\/wp\/v2\/types\/page"}],"author":[{"embeddable":true,"href":"https:\/\/lsd-legal.com\/cs\/wp-json\/wp\/v2\/users\/1"}],"replies":[{"embeddable":true,"href":"https:\/\/lsd-legal.com\/cs\/wp-json\/wp\/v2\/comments?post=65582"}],"version-history":[{"count":0,"href":"https:\/\/lsd-legal.com\/cs\/wp-json\/wp\/v2\/pages\/65582\/revisions"}],"up":[{"embeddable":true,"href":"https:\/\/lsd-legal.com\/cs\/wp-json\/wp\/v2\/pages\/60880"}],"wp:attachment":[{"href":"https:\/\/lsd-legal.com\/cs\/wp-json\/wp\/v2\/media?parent=65582"}],"curies":[{"name":"wp","href":"https:\/\/api.w.org\/{rel}","templated":true}]}}