{"id":1000,"date":"2023-08-21T16:19:46","date_gmt":"2023-08-21T16:19:46","guid":{"rendered":"http:\/\/lsd-legal.eu\/?page_id=1000"},"modified":"2025-10-10T11:34:19","modified_gmt":"2025-10-10T11:34:19","slug":"widerrufsbelehrung","status":"publish","type":"page","link":"https:\/\/lsd-legal.com\/de\/widerrufsbelehrung\/","title":{"rendered":"Widerrufsbelehrung"},"content":{"rendered":"\n<p>Sie haben das Recht, innerhalb von <strong>vierzehn (14) Tagen<\/strong> ohne Angabe von Gr\u00fcnden diesen Vertrag zu widerrufen.<br\/>Die Widerrufsfrist betr\u00e4gt <strong>vierzehn (14) Tage ab dem Tag des Vertragsabschlusses<\/strong>.<\/p>\n\n<p>Um Ihr Widerrufsrecht auszu\u00fcben, m\u00fcssen Sie uns Ihre Entscheidung mittels einer eindeutigen Erkl\u00e4rung (z. B. per Post, Telefon oder E-Mail) unter Verwendung der unten angegebenen Kontaktdaten mitteilen:<\/p>\n\n<p><strong>Cofana International B.V.<\/strong><br\/>z. Hd.: Daniel Becker<br\/>Karveelweg 20<br\/>6222 NH Maastricht<br\/>Niederlande<\/p>\n\n<p>Phone: +49 (0)176 434 499 27<br\/>Email: info@cofanainternational.com<\/p>\n\n<p>Sie k\u00f6nnen das unten bereitgestellte Widerrufsformular verwenden, dies ist jedoch nicht zwingend erforderlich. <br\/>Zur Wahrung der Widerrufsfrist reicht es aus, dass Sie Ihre Mitteilung \u00fcber die Aus\u00fcbung des Widerrufsrechts vor Ablauf der Widerrufsfrist absenden.<\/p>\n\n<hr class=\"wp-block-separator has-alpha-channel-opacity\"\/>\n\n<p><strong>Folgen des R\u00fcckzugs<\/strong><\/p>\n\n<p>Wenn Sie diesen Vertrag widerrufen, erstatten wir Ihnen alle von Ihnen erhaltenen Zahlungen, einschlie\u00dflich der Lieferkosten (mit Ausnahme der zus\u00e4tzlichen Kosten, die sich daraus ergeben, dass Sie eine andere als die von uns angebotene, g\u00fcnstigste Standardlieferung gew\u00e4hlt haben), unverz\u00fcglich und sp\u00e4testens innerhalb von <strong>vierzehn (14) Tagen<\/strong> ab dem Tag, an dem wir \u00fcber Ihren Widerruf dieses Vertrags informiert wurden.<\/p>\n\n<hr class=\"wp-block-separator has-alpha-channel-opacity\"\/>\n\n<p><strong>Ausschluss \/ vorzeitiges Erl\u00f6schen des Widerrufsrechts<\/strong><\/p>\n\n<p>Das Widerrufsrecht gilt nicht oder kann vorzeitig erl\u00f6schen f\u00fcr Fernabsatzvertr\u00e4ge in Bezug auf:<\/p>\n\n<ul class=\"wp-block-list\">\n<li>Waren, die schnell verderben k\u00f6nnen oder eine kurze Haltbarkeitsdauer haben;<\/li>\n\n\n\n<li>Versiegelte Waren, die aus Gesundheits- oder Hygienegr\u00fcnden nicht zur R\u00fcckgabe geeignet sind, wenn sie nach der Lieferung entsiegelt wurden.<\/li>\n<\/ul>\n\n<hr class=\"wp-block-separator has-alpha-channel-opacity\"\/>\n\n<p>Muster-Widerrufsformular<\/p>\n\n<p>Wenn Sie den Vertrag widerrufen m\u00f6chten, f\u00fcllen Sie bitte dieses Formular aus und senden Sie es an:<\/p>\n\n<p><strong>Cofana International B.V.<\/strong><br\/>z. Hd.: Daniel Becker<br\/>Karveelweg 20<br\/>6222 NH Maastricht<br\/>Niederlande<\/p>\n\n<p>oder per E-Mail an: info@cofanainternational.com<\/p>\n\n<p>Hiermit widerrufe(n) ich\/wir den von mir\/uns abgeschlossenen Vertrag \u00fcber den Kauf der folgenden Waren:<\/p>\n\n<p>\u2013 Name des\/der Verbraucher(s):<br\/>\u2013 Anschrift des\/der Verbraucher(s):<br\/>\u2013 Datum der Bestellung:<br\/>\u2013 Bestellte Waren:<br\/>\u2013 Datum:<br\/>\u2013 Unterschrift des\/der Verbraucher(s) (nur bei Einreichung in Papierform):<\/p>\n","protected":false},"excerpt":{"rendered":"<p>Sie haben das Recht, innerhalb von vierzehn (14) Tagen ohne Angabe von Gr\u00fcnden diesen Vertrag zu widerrufen.Die Widerrufsfrist betr\u00e4gt vierzehn (14) Tage ab dem Tag des Vertragsabschlusses. Um Ihr Widerrufsrecht auszu\u00fcben, m\u00fcssen Sie uns Ihre Entscheidung mittels einer eindeutigen Erkl\u00e4rung (z. B. per Post, Telefon oder E-Mail) unter Verwendung der unten angegebenen Kontaktdaten mitteilen: Cofana [&hellip;]<\/p>\n","protected":false},"author":9051,"featured_media":0,"parent":0,"menu_order":0,"comment_status":"closed","ping_status":"closed","template":"","meta":{"_acf_changed":false,"_uf_show_specific_survey":0,"_uf_disable_surveys":false,"footnotes":""},"class_list":["post-1000","page","type-page","status-publish","hentry"],"acf":[],"_links":{"self":[{"href":"https:\/\/lsd-legal.com\/de\/wp-json\/wp\/v2\/pages\/1000","targetHints":{"allow":["GET"]}}],"collection":[{"href":"https:\/\/lsd-legal.com\/de\/wp-json\/wp\/v2\/pages"}],"about":[{"href":"https:\/\/lsd-legal.com\/de\/wp-json\/wp\/v2\/types\/page"}],"author":[{"embeddable":true,"href":"https:\/\/lsd-legal.com\/de\/wp-json\/wp\/v2\/users\/9051"}],"replies":[{"embeddable":true,"href":"https:\/\/lsd-legal.com\/de\/wp-json\/wp\/v2\/comments?post=1000"}],"version-history":[{"count":2,"href":"https:\/\/lsd-legal.com\/de\/wp-json\/wp\/v2\/pages\/1000\/revisions"}],"predecessor-version":[{"id":61413,"href":"https:\/\/lsd-legal.com\/de\/wp-json\/wp\/v2\/pages\/1000\/revisions\/61413"}],"wp:attachment":[{"href":"https:\/\/lsd-legal.com\/de\/wp-json\/wp\/v2\/media?parent=1000"}],"curies":[{"name":"wp","href":"https:\/\/api.w.org\/{rel}","templated":true}]}}