{"id":3853,"date":"2023-08-16T20:31:01","date_gmt":"2023-08-16T20:31:01","guid":{"rendered":"https:\/\/lsd-legal.eu\/?page_id=3853"},"modified":"2025-11-20T12:19:08","modified_gmt":"2025-11-20T12:19:08","slug":"karriere","status":"publish","type":"page","link":"https:\/\/lsd-legal.com\/de\/karriere\/","title":{"rendered":"Karriere bei LSD-legal"},"content":{"rendered":"\n<p>Wir sind der deutsche Marktf\u00fchrer im Bereich der LSD-Derivate und sind stolz darauf in den letzten drei Jahren hunderttausenden von Forschern Zugang zu legalen LSD-Derivaten geboten zu haben \u2013 sowohl online unter <a href=\"https:\/\/lsd-legal.com\" target=\"_blank\" rel=\"noreferrer noopener\">lsd-legal.de<\/a> als auch in unserem Ladengesch\u00e4ft im lebendigen Berlin Friedrichshain.<br>Uns zeichnen Professionalit\u00e4t, Zuverl\u00e4ssigkeit und ein ausgezeichneter Service aus.<br><br><strong>Unsere Vision: Menschen einen offenen Zugang zu legalen LSD-Derivaten zu erm\u00f6glichen.<\/strong><\/p>\n\n\n\n<p><em>-Aktuell keine freien Stellen-<\/em><\/p>\n\n\n\n<div style=\"height:24px\" aria-hidden=\"true\" class=\"wp-block-spacer\"><\/div>\n\n\n\n<p><\/p>\n","protected":false},"excerpt":{"rendered":"<p>Wir sind der deutsche Marktf\u00fchrer im Bereich der LSD-Derivate und sind stolz darauf in den letzten drei Jahren hunderttausenden von Forschern Zugang zu legalen LSD-Derivaten geboten zu haben \u2013 sowohl online unter lsd-legal.de als auch in unserem Ladengesch\u00e4ft im lebendigen Berlin Friedrichshain.Uns zeichnen Professionalit\u00e4t, Zuverl\u00e4ssigkeit und ein ausgezeichneter Service aus. Unsere Vision: Menschen einen offenen [&hellip;]<\/p>\n","protected":false},"author":9051,"featured_media":0,"parent":0,"menu_order":0,"comment_status":"closed","ping_status":"closed","template":"","meta":{"_acf_changed":false,"_uf_show_specific_survey":0,"_uf_disable_surveys":false,"footnotes":""},"class_list":["post-3853","page","type-page","status-publish","hentry"],"acf":[],"_links":{"self":[{"href":"https:\/\/lsd-legal.com\/de\/wp-json\/wp\/v2\/pages\/3853","targetHints":{"allow":["GET"]}}],"collection":[{"href":"https:\/\/lsd-legal.com\/de\/wp-json\/wp\/v2\/pages"}],"about":[{"href":"https:\/\/lsd-legal.com\/de\/wp-json\/wp\/v2\/types\/page"}],"author":[{"embeddable":true,"href":"https:\/\/lsd-legal.com\/de\/wp-json\/wp\/v2\/users\/9051"}],"replies":[{"embeddable":true,"href":"https:\/\/lsd-legal.com\/de\/wp-json\/wp\/v2\/comments?post=3853"}],"version-history":[{"count":1,"href":"https:\/\/lsd-legal.com\/de\/wp-json\/wp\/v2\/pages\/3853\/revisions"}],"predecessor-version":[{"id":61667,"href":"https:\/\/lsd-legal.com\/de\/wp-json\/wp\/v2\/pages\/3853\/revisions\/61667"}],"wp:attachment":[{"href":"https:\/\/lsd-legal.com\/de\/wp-json\/wp\/v2\/media?parent=3853"}],"curies":[{"name":"wp","href":"https:\/\/api.w.org\/{rel}","templated":true}]}}