{"id":4698,"date":"2023-08-25T21:25:22","date_gmt":"2023-08-25T21:25:22","guid":{"rendered":"https:\/\/lsd-legal.eu\/?page_id=4698"},"modified":"2026-03-12T12:06:17","modified_gmt":"2026-03-12T12:06:17","slug":"terms","status":"publish","type":"page","link":"https:\/\/lsd-legal.com\/de\/terms\/","title":{"rendered":"AGB"},"content":{"rendered":"\t\t<div data-elementor-type=\"wp-page\" data-elementor-id=\"4698\" class=\"elementor elementor-4698 elementor-4152\" data-elementor-post-type=\"page\">\n\t\t\t\t<div class=\"elementor-element elementor-element-550ebec e-flex e-con-boxed e-con e-parent\" data-id=\"550ebec\" data-element_type=\"container\" data-e-type=\"container\">\n\t\t\t\t\t<div class=\"e-con-inner\">\n\t\t\t\t<div class=\"elementor-element elementor-element-19099da elementor-widget elementor-widget-heading\" data-id=\"19099da\" data-element_type=\"widget\" data-e-type=\"widget\" data-widget_type=\"heading.default\">\n\t\t\t\t<div class=\"elementor-widget-container\">\n\t\t\t\t\t<h1 class=\"elementor-heading-title elementor-size-default\">Allgemeine Gesch\u00e4ftsbedingungen (AGB)<\/h1>\t\t\t\t<\/div>\n\t\t\t\t<\/div>\n\t\t\t\t<div class=\"elementor-element elementor-element-41f2081 elementor-widget elementor-widget-text-editor\" data-id=\"41f2081\" data-element_type=\"widget\" data-e-type=\"widget\" data-widget_type=\"text-editor.default\">\n\t\t\t\t<div class=\"elementor-widget-container\">\n\t\t\t\t\t\t\t\t\t<p><em>Ab Februar 2026<\/em><\/p><h2>1. Umfang<\/h2><p>Die folgenden Allgemeinen Gesch\u00e4ftsbedingungen (AGB) gelten f\u00fcr alle Bestellungen bei Lysentia B.V. (im Folgenden: &#8222;Lysentia&#8220;), es sei denn, die Waren werden auf der Grundlage eines gesonderten, zwischen den Parteien geschlossenen Vertrags verkauft, in dem ausdr\u00fccklich auf den Ausschluss dieser AGB hingewiesen wird. Unsere Angebote richten sich sowohl an Verbraucherinnen und Verbraucher als auch an Unternehmerinnen und Unternehmer. Ein Verbraucher ist jede nat\u00fcrliche Person, die ein Rechtsgesch\u00e4ft zu einem bestimmten Zweck abschlie\u00dft,<br>das nicht \u00fcberwiegend ihrer gewerblichen oder selbst\u00e4ndigen beruflichen T\u00e4tigkeit zugerechnet werden kann. Ein Unternehmer ist eine nat\u00fcrliche oder juristische Person oder eine rechtsf\u00e4hige Personengesellschaft, die bei Abschluss eines Rechtsgesch\u00e4fts in Aus\u00fcbung ihrer gewerblichen oder selbst\u00e4ndigen beruflichen T\u00e4tigkeit handelt. Vom K\u00e4ufer vorgelegte Bedingungen sind f\u00fcr den Bestellvorgang unerheblich. Im \u00dcbrigen haben diese Allgemeinen Gesch\u00e4ftsbedingungen Vorrang vor<br>Bedingungen des K\u00e4ufers oder erg\u00e4nzenden Dokumenten, die zwischen Lysentia und dem K\u00e4ufer ausgetauscht werden.     <\/p><h2>2 Vertragspartner, Angebot und Annahme<\/h2><p><strong>2.1<\/strong> Der Kaufvertrag wird mit Lysentia B.V., Karveelweg 20, 6222NH Maastricht, Niederlande, geschlossen.<\/p><p><strong>2.2<\/strong> Die Darstellung der Produkte im Online-Shop stellt kein rechtlich bindendes Angebot, sondern eine Aufforderung zur Bestellung dar. Du kannst die Produkte zun\u00e4chst unverbindlich in den Warenkorb legen und deine Eingaben jederzeit vor Abgabe einer verbindlichen Bestellung korrigieren, indem du die daf\u00fcr vorgesehenen und erl\u00e4uterten Korrekturhilfen im Bestellprozess nutzt. <\/p><p><strong>2.3<\/strong> Durch Anklicken des Bestellbuttons gibst du ein verbindliches Angebot f\u00fcr die im Warenkorb enthaltenen Waren ab. Die Best\u00e4tigung des Eingangs deiner Bestellung erfolgt per E-Mail unmittelbar nach dem Absenden der Bestellung. <\/p><p><strong>2.4<\/strong> Der Kaufvertrag kommt zustande, wenn wir dein Angebot innerhalb weniger Tage annehmen. Dies kann geschehen durch <\/p><ul><li>wir eine Annahmeerkl\u00e4rung in einer separaten E-Mail abgeben; oder<\/li><li>wir die Waren geliefert bekommen; oder<\/li><li>die Zahlungstransaktion wird durchgef\u00fchrt, falls zutreffend. Die f\u00fcr dich relevante Alternative h\u00e4ngt davon ab, welches der vorgenannten Ereignisse zuerst eintritt. <\/li><\/ul><h2>3. Lieferbedingungen<\/h2><p><strong>3.1<\/strong> Die Lieferung erfolgt in die folgenden ausgew\u00e4hlten L\u00e4nder: Italien, Deutschland, Polen, Portugal, die Slowakei, Spanien, die Tschechische Republik und die Niederlande.<\/p><p><strong>3.2<\/strong> Der Versand erfolgt durch DHL. Lieferfristen sind unverbindlich, es sei denn, sie sind ausdr\u00fccklich schriftlich als verbindlich vereinbart worden. <\/p><p><strong>3.3<\/strong> Die INCOTERMS 2020, Lieferbedingung DAP gelten f\u00fcr die Lieferbedingungen und das Verlustrisiko f\u00fcr Verbraucher.<\/p><p>a) Die Lieferung erfolgt an die vom K\u00e4ufer angegebene Lieferadresse. Der Verk\u00e4ufer tr\u00e4gt die Kosten und das Risiko des Transports bis zur Haust\u00fcr des K\u00e4ufers. <\/p><p><strong>3.4<\/strong> F\u00fcr die Lieferbedingungen und das Verlustrisiko gegen\u00fcber Unternehmen gelten die INCOTERMS 2020, Lieferbedingung FCA.<\/p><p>a) Der Verk\u00e4ufer \u00fcbergibt die Waren ordnungsgem\u00e4\u00df verpackt und beschriftet an DHL.<\/p><p>b) Das Risiko (Verlust, Besch\u00e4digung, Verz\u00f6gerung) sowie die Verantwortung f\u00fcr Zoll, Einfuhr, Transport und Versicherung gehen mit der Lieferung am genannten Ort auf den K\u00e4ufer \u00fcber.<\/p><p><strong>3.5<\/strong> Der Kunde ist daf\u00fcr verantwortlich, dass die bestellten Forschungschemikalien in dem jeweiligen Empf\u00e4ngerland rechtlich zul\u00e4ssig sind. Lysentia \u00fcbernimmt gegen\u00fcber dem Kunden keine Haftung f\u00fcr Beschlagnahmungen, Verz\u00f6gerungen oder rechtliche Konsequenzen, die sich aus der Einfuhr in L\u00e4nder mit spezifischen Chemikalienvorschriften ergeben. <\/p><p><strong>3.6<\/strong> Die Versandkosten h\u00e4ngen vom Lieferland, dem Gewicht und der Gr\u00f6\u00dfe der Bestellung ab. Die genauen Kosten werden im Bestellprozess angezeigt, bevor die Bestellung abgeschlossen wird. <\/p><p><strong>3.7<\/strong> Die Lieferzeit variiert je nach Land, in das geliefert wird.<\/p><p><strong>3.8<\/strong> Im Falle von Lieferverz\u00f6gerungen wirst du unverz\u00fcglich informiert. Gesetzliche Anspr\u00fcche bleiben hiervon unber\u00fchrt. <\/p><h2>4. Preis und Bezahlung<\/h2><p><strong>4.1<\/strong> Die angegebenen Preise sind Nettopreise einschlie\u00dflich Mehrwertsteuer und anderer auf die Waren anwendbarer Steuern. Alle Steuern sind vom K\u00e4ufer zu tragen. <\/p><p><strong>4.2<\/strong> Der\/die K\u00e4ufer\/in erh\u00e4lt f\u00fcr jede Bestellung eine Rechnung. Die Rechnung muss vom K\u00e4ufer innerhalb von 14 Tagen nach dem Rechnungsdatum in der auf der Rechnung angegebenen W\u00e4hrung bezahlt werden. <\/p><p><strong>4.3<\/strong> Die Zahlung auf die Rechnung hat im Voraus zu erfolgen. Die Waren werden nach Zahlungseingang geliefert. <\/p><p><strong>4.4<\/strong> Aufrechnungen, K\u00fcrzungen oder sonstige Abz\u00fcge seitens des Kunden sind hiermit ausgeschlossen.<\/p><p><strong>4.5<\/strong> Beanstandungen von Rechnungen, die von Lysentia verschickt wurden, m\u00fcssen innerhalb von f\u00fcnf (5) Tagen nach Rechnungsdatum schriftlich bei Lysentia eingereicht werden.<\/p><h2>5. Eigentumsvorbehalt<\/h2><p><strong>5.1<\/strong> Alle Waren bleiben das ausschlie\u00dfliche Eigentum von Lysentia, bis alle Forderungen, die Lysentia<br>aus welchem Grund auch immer gegen den K\u00e4ufer hat, vollst\u00e4ndig beglichen sind.<\/p><p><strong>5.2<\/strong> Lysentia ist &#8211; wenn der K\u00e4ufer als Unternehmer eingestuft ist &#8211; berechtigt, ohne Inverzugsetzung<br>oder gerichtliches Einschreiten die noch im Besitz von<br>befindlichen Waren in Besitz zu nehmen, wenn und sobald der K\u00e4ufer sich in finanziellen Schwierigkeiten befindet und\/oder<br>zahlungsunf\u00e4hig ist und\/oder Gefahr l\u00e4uft, dies zu werden, aus welchem Grund auch immer, bei der Erf\u00fcllung seiner Verpflichtungen<br>gegen\u00fcber Lysentia.<\/p><p><strong>5.3<\/strong> Der K\u00e4ufer ist, wenn er Unternehmer ist, verpflichtet, Lysentia die Kosten, Sch\u00e4den,<br>und den entgangenen Gewinn zu ersetzen, die durch die R\u00fccksendung der Waren entstehen.<\/p><p><strong>5.4<\/strong> Der K\u00e4ufer, sofern er Unternehmer ist, ist verpflichtet, Lysentia jederzeit freien Zugang zu seinem Betriebsgel\u00e4nde und\/oder den Geb\u00e4uden von<br>zu gew\u00e4hren, um die Produkte zu pr\u00fcfen und\/oder die Rechte von Lysentia auszu\u00fcben.<\/p><p><strong>5.5<\/strong> Solange das Eigentum an den Produkten nicht auf den K\u00e4ufer \u00fcbertragen wurde, darf der K\u00e4ufer<br>nicht belasten, verkaufen, verpf\u00e4nden, verleasen oder in irgendeiner Weise oder unter irgendeinem Titel auf seine (tats\u00e4chliche)<br>Macht \u00fcber die Waren verzichten.<\/p><p><strong>5.6<\/strong> Der K\u00e4ufer darf die Waren nur nach<br>schriftlicher Vereinbarung mit Lysentia im Rahmen seines normalen Gesch\u00e4ftsbetriebs verkaufen, wobei die Rechte des K\u00e4ufers<br>gegen\u00fcber dem Vertragspartner an Lysentia \u00fcbergehen, bis der K\u00e4ufer die Waren vollst\u00e4ndig bezahlt und<br>seine sonstigen Verpflichtungen gegen\u00fcber Lysentia erf\u00fcllt hat, aus welchem Grund auch immer. Diese Rechte<br>schlie\u00dfen ausdr\u00fccklich alle (k\u00fcnftigen) Forderungen und alle (k\u00fcnftigen) Anspr\u00fcche wegen Besch\u00e4digung oder Verlust von Produkten ein.<br>Gegebenenfalls \u00fcbertr\u00e4gt der K\u00e4ufer diese Rechte bedingungslos und unwiderruflich auf<br>Lysentia, die diese \u00dcbertragung hiermit annimmt. <\/p>\t\t\t\t\t\t\t\t<\/div>\n\t\t\t\t<\/div>\n\t\t\t\t<div class=\"elementor-element elementor-element-47e5443 elementor-widget elementor-widget-text-editor\" data-id=\"47e5443\" data-element_type=\"widget\" data-e-type=\"widget\" data-widget_type=\"text-editor.default\">\n\t\t\t\t<div class=\"elementor-widget-container\">\n\t\t\t\t\t\t\t\t\t<h2>6 Gew\u00e4hrleistung und Garantien<\/h2>\n<p><strong>6.1<\/strong> Lysentia garantiert dem K\u00e4ufer, dass:<\/p>\n<ul>\n<li>a) die gelieferten Waren mit den Spezifikationen \u00fcbereinstimmen, d.h. wie in der Bestellung aufgef\u00fchrt sind;<\/li>\n<li>b) Lysentia beh\u00e4lt das volle Eigentum an den Waren; und<\/li>\n<li>c) alle Waren frei von Pfandrechten, Anspr\u00fcchen, Lasten, Verpf\u00e4ndungen oder anderen Belastungen sind.<\/li>\n\n<\/ul><div><br><\/div>\n<p><strong>6.2<\/strong> Sollte eine der oben genannten Garantien zutreffen, wird Lysentia nach eigenem Ermessen die Ware ersetzen oder den Preis der Ware erstatten. Wenn und soweit Lysentia Ersatzware liefert, ist der K\u00e4ufer verpflichtet, die mangelhaften Produkte unverz\u00fcglich auf eigene Kosten an Lysentia zur\u00fcckzusenden. <\/p>\n<p><strong>6.3<\/strong> Neben den in 7.1 genannten Garantien gibt es keine weiteren Garantien. Insbesondere werden keine zus\u00e4tzlichen Garantien, Erkl\u00e4rungen und\/oder Zusicherungen abgegeben. Dies gilt unter anderem f\u00fcr die Waren, die Anwendung und\/oder Nutzung der Waren, die Marktg\u00e4ngigkeit, die Eignung f\u00fcr einen bestimmten Zweck oder die Nichtverletzung von Rechten Dritter.  <\/p>\n<p><strong>6.4<\/strong> Der Vertragspartner ist verpflichtet, die Produkte unverz\u00fcglich nach Erhalt u.a. auf M\u00e4ngel, Qualit\u00e4t und Menge zu pr\u00fcfen.<\/p>\n<p><strong>6.5<\/strong> Der K\u00e4ufer kann sich nicht mehr darauf berufen, dass die gelieferten Waren nicht der Bestellung entsprechen, wenn er Lysentia nicht innerhalb von acht (8) Tagen nach der Lieferung schriftlich dar\u00fcber informiert hat. F\u00fcr nicht sichtbare M\u00e4ngel gilt eine Frist von vierzehn (14) Tagen nach Entdeckung der M\u00e4ngel. Diese Mitteilungen m\u00fcssen schriftlich erfolgen und eine m\u00f6glichst detaillierte Beschreibung der Beanstandung enthalten, damit Lysentia angemessen reagieren kann. Der K\u00e4ufer muss Lysentia die M\u00f6glichkeit geben, die Beanstandung rechtlich zu pr\u00fcfen.   <\/p>\n<p><strong>6.6<\/strong> Eine von Lysentia gew\u00e4hrte Garantie erlischt unwiderruflich, wenn die M\u00e4ngel auf normalen Verschlei\u00df, unsachgem\u00e4\u00dfen Gebrauch, \u00e4u\u00dfere Ursachen oder h\u00f6here Gewalt zur\u00fcckzuf\u00fchren sind.<\/p>\n<p><strong>6.7<\/strong> Lysentia \u00fcbernimmt keine Gew\u00e4hrleistung f\u00fcr Produkte, die nicht ausschlie\u00dflich nach der eigenen Rezeptur von Lysentia hergestellt werden.<\/p>\n<p><strong>6.8<\/strong> Der Gew\u00e4hrleistungsanspruch des K\u00e4ufers erlischt, wenn und sobald sich die Produkte nicht mehr in der Originalverpackung befinden, verarbeitet und\/oder anderweitig (ganz oder teilweise) ver\u00e4ndert wurden.<\/p>\n<p><strong>6.9<\/strong> Lysentia weist darauf hin, dass die angebotenen Waren Forschungschemikalien sind, die nicht f\u00fcr den menschlichen Verzehr bestimmt oder geeignet sind. Der Zweck der angebotenen Waren ist auf Laboranalysen beschr\u00e4nkt. Dies bestimmt auch die Qualit\u00e4t der Waren.  <\/p>\n<h2>7 Haftung und Ausschluss der Haftung<\/h2>\n<p><strong>7.1<\/strong> Lysentia haftet nur dann f\u00fcr einen Mangel, wenn der Mangel auf Vorsatz oder bewusste Fahrl\u00e4ssigkeit von Lysentia zur\u00fcckzuf\u00fchren ist oder wenn Lysentia eine fehlerhafte Handlung begangen hat, f\u00fcr die Lysentia ernsthaft verantwortlich ist. Die Haftung von Lysentia gegen\u00fcber dem K\u00e4ufer ist immer auf die in Artikel 7 genannte Garantie beschr\u00e4nkt. <\/p>\n<p><strong>7.2<\/strong> Lysentia haftet niemals, wenn der K\u00e4ufer die Ratschl\u00e4ge und\/oder Anweisungen von Lysentia und\/oder von Lysentia beauftragten Dritten nicht, nicht vollst\u00e4ndig und\/oder nicht ordnungsgem\u00e4\u00df befolgt hat. Lysentia haftet in keinem Fall, wenn der K\u00e4ufer und\/oder sein Vertragspartner oder der Endverbraucher: <\/p>\n<ul>\n<li>a) die Gebrauchsanweisung nicht befolgt hat;<\/li>\n<li>b) den Waren andere Stoffe zugesetzt hat;<\/li>\n<li>c) die Waren nicht in der vorgeschriebenen Weise gelagert oder f\u00fcr andere als die vorgesehenen Zwecke verwendet hat;<\/li>\n<li>d) die Waren nicht ordnungsgem\u00e4\u00df gelagert hat;<\/li>\n<li>e) das Produkt, das nicht f\u00fcr den menschlichen Verzehr bestimmt ist, zu sich genommen hat;<\/li>\n<li>f) die Waren nach Ablauf ihres Verfallsdatums benutzt hat;<\/li>\n<li>g) falsche und\/oder unvollst\u00e4ndige Daten an Lysentia \u00fcbermittelt hat;<\/li>\n<li>h) die Ware benutzt hat, obwohl er wusste oder vern\u00fcnftigerweise h\u00e4tte wissen k\u00f6nnen, dass die Ware mangelhaft war;<\/li>\n<li>i) Waren erworben hat, die nicht ausschlie\u00dflich nach seinem eigenen Rezept hergestellt wurden<\/li>\n<\/ul><div><br><\/div>\n<p><strong>7.3<\/strong> Der K\u00e4ufer ist verpflichtet, alle einschl\u00e4gigen Ausfuhr- und Einfuhrbestimmungen einzuhalten. Lysentia haftet nicht f\u00fcr Sch\u00e4den, die dadurch entstehen, dass die Waren, einschlie\u00dflich der Kennzeichnung und des Sicherheitsdatenblatts, nicht den \u00f6rtlichen Vorschriften entsprechen. Dies gilt unabh\u00e4ngig davon, ob diese an dem Ort gelten, an dem der K\u00e4ufer seinen Sitz und\/oder Wohnsitz hat oder an dem die Waren verkauft werden.  <\/p>\n<p><strong>7.4<\/strong> Der K\u00e4ufer ist &#8211; wenn er als Wiederverk\u00e4ufer im Einvernehmen mit Lysentia handelt &#8211; verpflichtet, sicherzustellen, dass die Produkte, einschlie\u00dflich der Kennzeichnung und des Sicherheitsdatenblatts, und\/oder die Artikel, die er von Lysentia zum Zwecke des Weiterverkaufs erwirbt, allen f\u00fcr einen solchen Weiterverkauf geltenden \u00f6rtlichen Vorschriften entsprechen.<\/p>\n<p><strong>7.5<\/strong> Lysentia haftet in keinem Fall f\u00fcr Beratung in Bezug auf die Waren oder andere Ratschl\u00e4ge, noch f\u00fcr Folgesch\u00e4den, entgangenen Gewinn, entgangene Einsparungen, immaterielle Sch\u00e4den, Betriebs- und\/oder Umweltsch\u00e4den.<\/p>\n<p><strong>7.6<\/strong> Der Vertrag enth\u00e4lt keine Bestimmungen, die die Haftung von Lysentia einschr\u00e4nken oder ausschlie\u00dfen f\u00fcr: (a) Todesf\u00e4lle oder Personensch\u00e4den, die auf Vorsatz und\/oder grobe Fahrl\u00e4ssigkeit von Lysentia zur\u00fcckzuf\u00fchren sind; (b) Betrug oder arglistige T\u00e4uschung; oder (c) andere Umst\u00e4nde, bei denen ein Ausschluss oder eine Begrenzung der Haftung von Lysentia rechtlich unzul\u00e4ssig ist.   <\/p>\n<p><strong>7.7<\/strong> Unbeschadet der Bestimmungen in Artikel 6:89 des niederl\u00e4ndischen B\u00fcrgerlichen Gesetzbuches erlischt jeder Anspruch der Gegenpartei gegen Lysentia, aus welchem Grund auch immer, wenn der K\u00e4ufer nicht innerhalb eines (1) Jahres nach Entstehen des Anspruchs ein Verfahren gegen Lysentia in dieser Sache eingeleitet hat.<\/p>\n<h2>8. H\u00f6here Gewalt<\/h2>\n<p>Wenn Lysentia aufgrund h\u00f6herer Gewalt und\/oder anderer au\u00dfergew\u00f6hnlicher Umst\u00e4nde nicht in der Lage ist, die Waren zu liefern und damit die Verpflichtungen aus dem geschlossenen Vertrag zu erf\u00fcllen, ist Lysentia berechtigt, die Erf\u00fcllung zu einem sp\u00e4teren Zeitpunkt nachzuholen. Als h\u00f6here Gewalt gilt ein Umstand, der nicht in der Einflusssph\u00e4re von Lysentia liegt und durch zumutbare Ma\u00dfnahmen nicht verhindert werden kann. Dazu k\u00f6nnen unter anderem geh\u00f6ren: Feuer, \u00dcberschwemmung, Streiks, Stockung der Warenversorgung, staatliche Ma\u00dfnahmen, Erdbeben oder andere Naturereignisse, Epidemien, Pandemien, Krieg, nationaler Notstand, Terrorismus, Anordnungen und\/oder Ma\u00dfnahmen ausl\u00e4ndischer, nationaler oder regionaler Regierungen.  <\/p>\n<h2>9. Beendigung \/ Aussetzung<\/h2>\n<p>Lysentia ist nicht verpflichtet, im Zuge eines Auftrags weitere Auftr\u00e4ge anzunehmen. Das Vertragsverh\u00e4ltnis mit dem Kunden kann nach Erf\u00fcllung der vertraglichen Verpflichtungen jederzeit ohne Vorank\u00fcndigung gek\u00fcndigt werden. Der Kunde hat bei Beendigung der Zusammenarbeit keinen Anspruch auf eine Entsch\u00e4digung.  <\/p>\n<h2>10. Streitschlichtung<\/h2>\n<p><strong>10.1<\/strong> Die EU-Kommission hat eine Internetplattform f\u00fcr die Online-Streitbeilegung eingerichtet. Die Plattform dient als Anlaufstelle f\u00fcr die au\u00dfergerichtliche Beilegung von Streitigkeiten \u00fcber vertragliche Verpflichtungen, die sich aus Online-Kaufvertr\u00e4gen ergeben. Weitere Informationen findest du auf der Website der EU-Kommission.  <\/p>\n<p><strong>10.2<\/strong> Wir sind weder verpflichtet noch bereit, an einem Streitbeilegungsverfahren vor einer Verbraucherschlichtungsstelle teilzunehmen.<\/p>\n<h2>11 Wahl des Rechts und des Gerichtsstandes<\/h2>\n<p>Auf alle vertraglichen und au\u00dfervertraglichen Rechtsbeziehungen zwischen dem Verk\u00e4ufer und dem K\u00e4ufer findet das materielle Recht der Niederlande Anwendung, unter Ausschluss des UN-Kaufrechts (CISG). Ausschlie\u00dflicher Gerichtsstand f\u00fcr alle Streitigkeiten, die sich aus oder im Zusammenhang mit diesem Vertragsverh\u00e4ltnis ergeben, ist der Sitz des Verk\u00e4ufers in den Niederlanden. Jede Vertragspartei erkl\u00e4rt sich mit der Zust\u00e4ndigkeit des vorgenannten Gerichts und der zust\u00e4ndigen Gerichte am Sitz des Verk\u00e4ufers einverstanden.  <\/p>\n<h2>12. Vertraulichkeit<\/h2>\n<p>Die Vertragsparteien verpflichten sich, Gesch\u00e4ftsgeheimnisse und andere vertrauliche Informationen nicht an Dritte weiterzugeben. Dies gilt nicht, wenn die Weitergabe f\u00fcr die Erf\u00fcllung und\/oder Durchsetzung des Vertrages erforderlich ist und die vertrauliche Behandlung der Daten durch den Dritten sichergestellt ist. Dies gilt auch nicht, wenn zwingende gesetzliche Bestimmungen und\/oder gerichtliche oder beh\u00f6rdliche Anordnungen die Weitergabe der Daten erforderlich machen. Die Geheimhaltungsverpflichtung bleibt auch nach Beendigung des Vertrags in vollem Umfang bestehen.   <\/p>\n<h2>13. Vertragssprache und Vertragstextspeicherung<\/h2>\n<p>Die f\u00fcr den Vertragsschluss zur Verf\u00fcgung stehende Sprache ist Englisch. Wir speichern den Vertragstext und senden dir die Bestelldaten und unsere AGB in Textform zu. Aus Sicherheitsgr\u00fcnden ist der Vertragstext nicht \u00fcber das Internet zug\u00e4nglich. Bei Unstimmigkeiten zwischen verschiedenen Sprachversionen ist die englische Version ma\u00dfgebend.   <\/p>\n<h2>14. Klarstellung zum Widerrufsrecht<\/h2>\n<p>Nach der EU-Verbraucherschutzrichtlinie (2011\/83\/EU) und den entsprechenden nationalen Umsetzungen hat ein Verbraucher beim Online-Kauf ein 14-t\u00e4giges Widerrufsrecht, es sei denn, es gilt eine gesetzliche Ausnahme. Das Widerrufsrecht ist ausgeschlossen f\u00fcr: <\/p>\n<ul>\n<li>Sicherheits- oder Gesundheitsrisiken, wenn das Siegel entfernt wurde;<\/li>\n<li>Gef\u00e4hrliche Stoffe, die nicht sicher zur\u00fcckgegeben werden k\u00f6nnen.<br><br><\/li>\n<\/ul>\n<p>Ein Widerrufsrecht f\u00fcr die von uns vertriebenen Forschungschemikalien kann daher nicht gew\u00e4hrt werden.<\/p>\n<p>Es wird jedoch klargestellt, dass die zwingenden Verbraucherschutzvorschriften des Wohnsitzlandes immer dann gelten, wenn sie als Mindeststandards g\u00fcnstiger sind als die EU-Verbraucherschutzvorschriften. Bestellt der Kunde als Verbraucher aus einem Land mit g\u00fcnstigeren Verbraucherschutzvorschriften, gelten daher ungeachtet der obigen Bestimmungen die gesetzlichen Mindestanforderungen seines Herkunftslandes. <\/p>\t\t\t\t\t\t\t\t<\/div>\n\t\t\t\t<\/div>\n\t\t\t\t\t<\/div>\n\t\t\t\t<\/div>\n\t\t\t\t<\/div>\n\t\t","protected":false},"excerpt":{"rendered":"<p>Allgemeine Gesch\u00e4ftsbedingungen (AGB) Ab Februar 2026 1. Umfang Die folgenden Allgemeinen Gesch\u00e4ftsbedingungen (AGB) gelten f\u00fcr alle Bestellungen bei Lysentia B.V. (im Folgenden: &#8222;Lysentia&#8220;), es sei denn, die Waren werden auf der Grundlage eines gesonderten, zwischen den Parteien geschlossenen Vertrags verkauft, in dem ausdr\u00fccklich auf den Ausschluss dieser AGB hingewiesen wird. Unsere Angebote richten sich sowohl [&hellip;]<\/p>\n","protected":false},"author":9051,"featured_media":0,"parent":0,"menu_order":0,"comment_status":"closed","ping_status":"closed","template":"","meta":{"_acf_changed":false,"_uf_show_specific_survey":0,"_uf_disable_surveys":false,"footnotes":""},"class_list":["post-4698","page","type-page","status-publish","hentry"],"acf":[],"_links":{"self":[{"href":"https:\/\/lsd-legal.com\/de\/wp-json\/wp\/v2\/pages\/4698","targetHints":{"allow":["GET"]}}],"collection":[{"href":"https:\/\/lsd-legal.com\/de\/wp-json\/wp\/v2\/pages"}],"about":[{"href":"https:\/\/lsd-legal.com\/de\/wp-json\/wp\/v2\/types\/page"}],"author":[{"embeddable":true,"href":"https:\/\/lsd-legal.com\/de\/wp-json\/wp\/v2\/users\/9051"}],"replies":[{"embeddable":true,"href":"https:\/\/lsd-legal.com\/de\/wp-json\/wp\/v2\/comments?post=4698"}],"version-history":[{"count":7,"href":"https:\/\/lsd-legal.com\/de\/wp-json\/wp\/v2\/pages\/4698\/revisions"}],"predecessor-version":[{"id":64713,"href":"https:\/\/lsd-legal.com\/de\/wp-json\/wp\/v2\/pages\/4698\/revisions\/64713"}],"wp:attachment":[{"href":"https:\/\/lsd-legal.com\/de\/wp-json\/wp\/v2\/media?parent=4698"}],"curies":[{"name":"wp","href":"https:\/\/api.w.org\/{rel}","templated":true}]}}