{"id":987,"date":"2023-07-14T15:57:36","date_gmt":"2023-07-14T15:57:36","guid":{"rendered":"http:\/\/lsd-legal.eu\/?page_id=987"},"modified":"2026-03-12T11:25:04","modified_gmt":"2026-03-12T11:25:04","slug":"impressum","status":"publish","type":"page","link":"https:\/\/lsd-legal.com\/de\/impressum\/","title":{"rendered":"Impressum"},"content":{"rendered":"\t\t<div data-elementor-type=\"wp-page\" data-elementor-id=\"987\" class=\"elementor elementor-987 elementor-4167\" data-elementor-post-type=\"page\">\n\t\t\t\t<div class=\"elementor-element elementor-element-27a14e5 e-flex e-con-boxed e-con e-parent\" data-id=\"27a14e5\" data-element_type=\"container\" data-e-type=\"container\">\n\t\t\t\t\t<div class=\"e-con-inner\">\n\t\t\t\t<div class=\"elementor-element elementor-element-5e683b3 elementor-widget elementor-widget-heading\" data-id=\"5e683b3\" data-element_type=\"widget\" data-e-type=\"widget\" data-widget_type=\"heading.default\">\n\t\t\t\t<div class=\"elementor-widget-container\">\n\t\t\t\t\t<h1 class=\"elementor-heading-title elementor-size-default\">Impressum<\/h1>\t\t\t\t<\/div>\n\t\t\t\t<\/div>\n\t\t\t\t<div class=\"elementor-element elementor-element-8b13a3e elementor-widget elementor-widget-text-editor\" data-id=\"8b13a3e\" data-element_type=\"widget\" data-e-type=\"widget\" data-widget_type=\"text-editor.default\">\n\t\t\t\t<div class=\"elementor-widget-container\">\n\t\t\t\t\t\t\t\t\t<div><p><strong>Lysentia B.V.<br><\/strong><br> Gesch\u00e4ftsf\u00fchrerin: Daniel Becker und Manuel M\u00fchlhoff<\/p><p>Karveelweg 20<br>6222 NH Maastricht<br>Die Niederlande<\/p><p>Telefon: <a href=\"http:\/\/tel:+31623012367\/\" target=\"_blank\" rel=\"noopener\">+31623012367<\/a><br>E-Mail: <a href=\"mailto:support@lsd-legal.com\">support@lsd-legal.com<\/a><\/p><p>Handelsregister:<br>Handelskammernummer: 94284407<br>Umsatzsteuernummer: NL866710796B01<\/p><p>In \u00dcbereinstimmung mit dem niederl\u00e4ndischen Zivilrecht (Burgerlijk Wetboek, Boek 6) und der Verordnung (EU) 2022\/2065 (Gesetz \u00fcber digitale Dienste) stellen wir die oben genannten Informationen aus Gr\u00fcnden der Transparenz zur Verf\u00fcgung.  <br>Weitere Einzelheiten, wie z. B. die zust\u00e4ndigen Aufsichtsbeh\u00f6rden, unsere Datenschutzbestimmungen und -bedingungen, sind auf Anfrage oder direkt \u00fcber unsere Website erh\u00e4ltlich.<\/p><\/div><div> <\/div><div><strong>Streitschlichtung<\/strong><\/div><div><p>Die EU hat ein Online-Verfahren zur Beilegung von Streitigkeiten zwischen Unternehmen und Verbrauchern eingerichtet. Informationen dazu findest du unter: <\/p><div><a href=\"https:\/\/ec.europa.eu\/consumers\/odr\">https:\/\/ec.europa.eu\/consumers\/odr<\/a><\/div><div> <\/div><div>Wir sind nicht bereit oder verpflichtet, an einem Streitbeilegungsverfahren vor einer Verbraucherschlichtungsstelle teilzunehmen.<\/div><div> <\/div><div><strong>Haftung f\u00fcr Inhalte<\/strong><\/div><div><p>Wir gehen bei der Erstellung der Inhalte unserer Website mit gro\u00dfer Sorgfalt vor und bem\u00fchen uns, genaue und aktuelle Informationen bereitzustellen.<br>Gem\u00e4\u00df Artikel 14 des Gesetzes \u00fcber digitale Dienste und den einschl\u00e4gigen niederl\u00e4ndischen Rechtsvorschriften sind wir f\u00fcr unsere eigenen Inhalte auf diesen Seiten verantwortlich. <br>Wir sind nicht verpflichtet, \u00fcbermittelte oder gespeicherte fremde Inhalte zu \u00fcberwachen oder Umst\u00e4nden nachzugehen, die auf eine rechtswidrige T\u00e4tigkeit hinweisen.<br>Eine diesbez\u00fcgliche Haftung ist erst ab dem Zeitpunkt m\u00f6glich, an dem wir von einem konkreten Versto\u00df Kenntnis erlangen. Sobald wir davon Kenntnis erlangen, werden wir die Inhalte unverz\u00fcglich entfernen. <\/p><div> <\/div><div><strong>Haftung f\u00fcr Links<\/strong><\/div><div><p>Unsere Website enth\u00e4lt externe Links zu anderen Websites, auf deren Inhalt wir keinen Einfluss haben. Aus diesem Grund k\u00f6nnen wir keine Haftung f\u00fcr diese Inhalte \u00fcbernehmen. F\u00fcr den Inhalt und die Richtigkeit der bereitgestellten Informationen ist der jeweilige Anbieter der verlinkten Website verantwortlich. Zum Zeitpunkt der Erstellung der Links wurden keine Rechtsverst\u00f6\u00dfe festgestellt. Sollten uns Rechtsverst\u00f6\u00dfe bekannt werden, werden wir diese Links umgehend entfernen.    <\/p><div> <\/div><div><p><strong>Urheberrecht<\/strong><br>Alle Inhalte und Werke, die von den Betreibern der Website erstellt wurden, unterliegen dem niederl\u00e4ndischen Urheberrecht und verwandten Schutzrechten. Beitr\u00e4ge Dritter sind als solche gekennzeichnet. <br>Die Vervielf\u00e4ltigung, Bearbeitung, Verbreitung und jede Art der Verwertung au\u00dferhalb der Grenzen des Urheberrechtes bed\u00fcrfen der vorherigen schriftlichen Zustimmung des jeweiligen Autors bzw. Erstellers.<br>Downloads und Kopien dieser Website sind nur f\u00fcr den privaten, nicht kommerziellen Gebrauch gestattet. <br>Wenn du der Meinung bist, dass Inhalte auf dieser Website gegen das Urheberrecht versto\u00dfen, kontaktiere uns bitte. Wir werden die Angelegenheit untersuchen und den Inhalt ggf. entfernen.  <\/p><\/div><\/div><\/div><\/div>\t\t\t\t\t\t\t\t<\/div>\n\t\t\t\t<\/div>\n\t\t\t\t\t<\/div>\n\t\t\t\t<\/div>\n\t\t\t\t<\/div>\n\t\t","protected":false},"excerpt":{"rendered":"<p>Lysentia B.V. Gesch\u00e4ftsf\u00fchrerin: Daniel Becker und Manuel M\u00fchlhoff Karveelweg 206222 NH MaastrichtDie Niederlande Telefon: +31623012367E-Mail: support@lsd-legal.com Handelsregister:Handelskammernummer: 94284407Umsatzsteuernummer: NL866710796B01 In \u00dcbereinstimmung mit dem niederl\u00e4ndischen Zivilrecht (Burgerlijk Wetboek, Boek 6) und der Verordnung (EU) 2022\/2065 (Gesetz \u00fcber digitale Dienste) stellen wir die oben genannten Informationen aus Gr\u00fcnden der Transparenz zur Verf\u00fcgung. Weitere Einzelheiten, wie z. B. [&hellip;]<\/p>\n","protected":false},"author":9051,"featured_media":0,"parent":0,"menu_order":0,"comment_status":"closed","ping_status":"closed","template":"","meta":{"_acf_changed":false,"_uf_show_specific_survey":0,"_uf_disable_surveys":false,"footnotes":""},"class_list":["post-987","page","type-page","status-publish","hentry"],"acf":[],"_links":{"self":[{"href":"https:\/\/lsd-legal.com\/de\/wp-json\/wp\/v2\/pages\/987","targetHints":{"allow":["GET"]}}],"collection":[{"href":"https:\/\/lsd-legal.com\/de\/wp-json\/wp\/v2\/pages"}],"about":[{"href":"https:\/\/lsd-legal.com\/de\/wp-json\/wp\/v2\/types\/page"}],"author":[{"embeddable":true,"href":"https:\/\/lsd-legal.com\/de\/wp-json\/wp\/v2\/users\/9051"}],"replies":[{"embeddable":true,"href":"https:\/\/lsd-legal.com\/de\/wp-json\/wp\/v2\/comments?post=987"}],"version-history":[{"count":7,"href":"https:\/\/lsd-legal.com\/de\/wp-json\/wp\/v2\/pages\/987\/revisions"}],"predecessor-version":[{"id":64684,"href":"https:\/\/lsd-legal.com\/de\/wp-json\/wp\/v2\/pages\/987\/revisions\/64684"}],"wp:attachment":[{"href":"https:\/\/lsd-legal.com\/de\/wp-json\/wp\/v2\/media?parent=987"}],"curies":[{"name":"wp","href":"https:\/\/api.w.org\/{rel}","templated":true}]}}