{"id":58190,"date":"2023-08-16T20:31:01","date_gmt":"2023-08-16T20:31:01","guid":{"rendered":"http:\/\/lsd-legal.com\/carrera-con-lsd-legal\/"},"modified":"2025-06-13T11:32:16","modified_gmt":"2025-06-13T11:32:16","slug":"carrera-con-lsd-legal","status":"publish","type":"page","link":"https:\/\/lsd-legal.com\/es\/carrera-con-lsd-legal\/","title":{"rendered":"Carrera en LSD-Legal.de"},"content":{"rendered":"\n<p>Somos el l\u00edder del mercado alem\u00e1n en el campo de los derivados del LSD y estamos orgullosos de haber proporcionado a cientos de miles de investigadores acceso a derivados legales del LSD durante los \u00faltimos tres a\u00f1os, tanto en l\u00ednea en lsd-legal.de como en nuestra tienda en el vibrante Friedrichshain de Berl\u00edn.<br\/>Nos caracterizamos por nuestra profesionalidad, fiabilidad y excelente servicio.<\/p>\n\n<p><strong>Nuestra visi\u00f3n: proporcionar a la gente un acceso abierto a los derivados legales del LSD.<\/strong><\/p>\n\n<p>-No hay vacantes por el momento-<\/p>\n\n<p><\/p>\n","protected":false},"excerpt":{"rendered":"<p>Somos el l\u00edder del mercado alem\u00e1n en el campo de los derivados del LSD y estamos orgullosos de haber proporcionado a cientos de miles de investigadores acceso a derivados legales del LSD durante los \u00faltimos tres a\u00f1os, tanto en l\u00ednea en lsd-legal.de como en nuestra tienda en el vibrante Friedrichshain de Berl\u00edn.Nos caracterizamos por nuestra [&hellip;]<\/p>\n","protected":false},"author":9051,"featured_media":0,"parent":0,"menu_order":0,"comment_status":"closed","ping_status":"closed","template":"","meta":{"_acf_changed":false,"_uf_show_specific_survey":0,"_uf_disable_surveys":false,"footnotes":""},"class_list":["post-58190","page","type-page","status-publish","hentry"],"acf":[],"_links":{"self":[{"href":"https:\/\/lsd-legal.com\/es\/wp-json\/wp\/v2\/pages\/58190","targetHints":{"allow":["GET"]}}],"collection":[{"href":"https:\/\/lsd-legal.com\/es\/wp-json\/wp\/v2\/pages"}],"about":[{"href":"https:\/\/lsd-legal.com\/es\/wp-json\/wp\/v2\/types\/page"}],"author":[{"embeddable":true,"href":"https:\/\/lsd-legal.com\/es\/wp-json\/wp\/v2\/users\/9051"}],"replies":[{"embeddable":true,"href":"https:\/\/lsd-legal.com\/es\/wp-json\/wp\/v2\/comments?post=58190"}],"version-history":[{"count":0,"href":"https:\/\/lsd-legal.com\/es\/wp-json\/wp\/v2\/pages\/58190\/revisions"}],"wp:attachment":[{"href":"https:\/\/lsd-legal.com\/es\/wp-json\/wp\/v2\/media?parent=58190"}],"curies":[{"name":"wp","href":"https:\/\/api.w.org\/{rel}","templated":true}]}}