{"id":58284,"date":"2023-07-14T15:57:36","date_gmt":"2023-07-14T15:57:36","guid":{"rendered":"http:\/\/lsd-legal.com\/aviso-legal-informacion-de-contactoimprint\/"},"modified":"2026-03-12T11:23:36","modified_gmt":"2026-03-12T11:23:36","slug":"imprint","status":"publish","type":"page","link":"https:\/\/lsd-legal.com\/es\/imprint\/","title":{"rendered":"Pie de imprenta"},"content":{"rendered":"\t\t<div data-elementor-type=\"wp-page\" data-elementor-id=\"58284\" class=\"elementor elementor-58284 elementor-4167\" data-elementor-post-type=\"page\">\n\t\t\t\t<div class=\"elementor-element elementor-element-27a14e5 e-flex e-con-boxed e-con e-parent\" data-id=\"27a14e5\" data-element_type=\"container\" data-e-type=\"container\">\n\t\t\t\t\t<div class=\"e-con-inner\">\n\t\t\t\t<div class=\"elementor-element elementor-element-5e683b3 elementor-widget elementor-widget-heading\" data-id=\"5e683b3\" data-element_type=\"widget\" data-e-type=\"widget\" data-widget_type=\"heading.default\">\n\t\t\t\t<div class=\"elementor-widget-container\">\n\t\t\t\t\t<h1 class=\"elementor-heading-title elementor-size-default\">Pie de imprenta<\/h1>\t\t\t\t<\/div>\n\t\t\t\t<\/div>\n\t\t\t\t<div class=\"elementor-element elementor-element-8b13a3e elementor-widget elementor-widget-text-editor\" data-id=\"8b13a3e\" data-element_type=\"widget\" data-e-type=\"widget\" data-widget_type=\"text-editor.default\">\n\t\t\t\t<div class=\"elementor-widget-container\">\n\t\t\t\t\t\t\t\t\t<div><p><strong>Lysentia B.V.<br><\/strong><br> Director Gerente: Daniel Becker y Manuel M\u00fchlhoff<\/p><p>Karveelweg 20<br>6222 NH Maastricht<br>Pa\u00edses Bajos<\/p><p>Tel\u00e9fono: <a href=\"http:\/\/tel:+31623012367\/\" target=\"_blank\" rel=\"noopener\">+31623012367<\/a><br>Correo electr\u00f3nico: <a href=\"mailto:support@lsd-legal.com\">support@lsd-legal.com<\/a><\/p><p>Registro mercantil:<br>N\u00famero de la C\u00e1mara de Comercio: 94284407<br>N\u00famero de IVA: NL866710796B01<\/p><p>De conformidad con el derecho civil holand\u00e9s (Burgerlijk Wetboek, Boek 6) y el Reglamento (UE) 2022\/2065 (Ley de Servicios Digitales), facilitamos la informaci\u00f3n anterior por motivos de transparencia.  <br>Puedes obtener m\u00e1s informaci\u00f3n, como las autoridades supervisoras competentes, nuestra pol\u00edtica de privacidad y nuestros t\u00e9rminos y condiciones, previa solicitud o directamente a trav\u00e9s de nuestro sitio web.<\/p><\/div><div> <\/div><div><strong>Resoluci\u00f3n de conflictos<\/strong><\/div><div><p>La UE ha creado un procedimiento en l\u00ednea para resolver litigios entre empresas y consumidores. Puedes encontrar informaci\u00f3n al respecto en <\/p><div><a href=\"https:\/\/ec.europa.eu\/consumers\/odr\">https:\/\/ec.europa.eu\/consumers\/odr<\/a><\/div><div> <\/div><div>No estamos dispuestos ni obligados a participar en procedimientos de resoluci\u00f3n de litigios ante una junta de arbitraje de consumo.<\/div><div> <\/div><div><strong>Responsabilidad por el contenido<\/strong><\/div><div><p>Ponemos gran cuidado en la creaci\u00f3n del contenido de nuestro sitio web y nos esforzamos por ofrecer informaci\u00f3n precisa y actualizada.<br>De acuerdo con el Art\u00edculo 14 de la Ley de Servicios Digitales y la legislaci\u00f3n holandesa pertinente, somos responsables de nuestro propio contenido en estas p\u00e1ginas. <br>No estamos obligados a controlar el contenido transmitido o almacenado de terceros ni a investigar circunstancias que indiquen una actividad ilegal.<br>La responsabilidad a este respecto s\u00f3lo es posible desde el momento en que tenemos conocimiento de una infracci\u00f3n concreta. En cuanto tengamos conocimiento de ello, eliminaremos el contenido inmediatamente. <\/p><div> <\/div><div><strong>Responsabilidad de los enlaces<\/strong><\/div><div><p>Nuestro sitio web contiene enlaces externos a otros sitios web sobre cuyo contenido no tenemos ninguna influencia. Por esta raz\u00f3n, no podemos aceptar ninguna responsabilidad por este contenido. El proveedor respectivo del sitio web enlazado es responsable del contenido y la exactitud de la informaci\u00f3n proporcionada. En el momento de crear los enlaces no se detectaron infracciones legales. Si tenemos conocimiento de alguna infracci\u00f3n, eliminaremos dichos enlaces inmediatamente.    <\/p><div> <\/div><div><p><strong>Copyright<\/strong><br>Todos los contenidos y obras creados por los operadores del sitio web est\u00e1n sujetos a la legislaci\u00f3n holandesa sobre derechos de autor y derechos afines. Las contribuciones de terceros est\u00e1n marcadas como tales. <br>Cualquier reproducci\u00f3n, edici\u00f3n, distribuci\u00f3n o cualquier tipo de uso fuera de los l\u00edmites de la ley de derechos de autor requiere el consentimiento previo por escrito del respectivo titular de los derechos de autor.<br>Las descargas y copias de este sitio web s\u00f3lo est\u00e1n permitidas para uso privado y no comercial. <br>Si crees que el contenido de este sitio web infringe los derechos de autor, ponte en contacto con nosotros. Investigaremos el asunto y eliminaremos el contenido si es necesario.  <\/p><\/div><\/div><\/div><\/div>\t\t\t\t\t\t\t\t<\/div>\n\t\t\t\t<\/div>\n\t\t\t\t\t<\/div>\n\t\t\t\t<\/div>\n\t\t\t\t<\/div>\n\t\t","protected":false},"excerpt":{"rendered":"<p>Lysentia B.V. Director Gerente: Daniel Becker y Manuel M\u00fchlhoff Karveelweg 206222 NH MaastrichtPa\u00edses Bajos Tel\u00e9fono: +31623012367Correo electr\u00f3nico: support@lsd-legal.com Registro mercantil:N\u00famero de la C\u00e1mara de Comercio: 94284407N\u00famero de IVA: NL866710796B01 De conformidad con el derecho civil holand\u00e9s (Burgerlijk Wetboek, Boek 6) y el Reglamento (UE) 2022\/2065 (Ley de Servicios Digitales), facilitamos la informaci\u00f3n anterior por motivos [&hellip;]<\/p>\n","protected":false},"author":9051,"featured_media":0,"parent":0,"menu_order":0,"comment_status":"closed","ping_status":"closed","template":"","meta":{"_acf_changed":false,"_uf_show_specific_survey":0,"_uf_disable_surveys":false,"footnotes":""},"class_list":["post-58284","page","type-page","status-publish","hentry"],"acf":[],"_links":{"self":[{"href":"https:\/\/lsd-legal.com\/es\/wp-json\/wp\/v2\/pages\/58284","targetHints":{"allow":["GET"]}}],"collection":[{"href":"https:\/\/lsd-legal.com\/es\/wp-json\/wp\/v2\/pages"}],"about":[{"href":"https:\/\/lsd-legal.com\/es\/wp-json\/wp\/v2\/types\/page"}],"author":[{"embeddable":true,"href":"https:\/\/lsd-legal.com\/es\/wp-json\/wp\/v2\/users\/9051"}],"replies":[{"embeddable":true,"href":"https:\/\/lsd-legal.com\/es\/wp-json\/wp\/v2\/comments?post=58284"}],"version-history":[{"count":5,"href":"https:\/\/lsd-legal.com\/es\/wp-json\/wp\/v2\/pages\/58284\/revisions"}],"predecessor-version":[{"id":64679,"href":"https:\/\/lsd-legal.com\/es\/wp-json\/wp\/v2\/pages\/58284\/revisions\/64679"}],"wp:attachment":[{"href":"https:\/\/lsd-legal.com\/es\/wp-json\/wp\/v2\/media?parent=58284"}],"curies":[{"name":"wp","href":"https:\/\/api.w.org\/{rel}","templated":true}]}}