{"id":58422,"date":"2023-08-21T16:19:46","date_gmt":"2023-08-21T16:19:46","guid":{"rendered":"http:\/\/lsd-legal.com\/derecho-de-retractacion\/"},"modified":"2025-06-13T11:36:03","modified_gmt":"2025-06-13T11:36:03","slug":"derecho-de-retractacion","status":"publish","type":"page","link":"https:\/\/lsd-legal.com\/es\/derecho-de-retractacion\/","title":{"rendered":"Derecho de retractaci\u00f3n"},"content":{"rendered":"\n<p>Tiene derecho a rescindir el presente contrato en un plazo de <strong>catorce (14)<\/strong> d\u00edas sin necesidad de justificaci\u00f3n.<br\/>El plazo de desistimiento expirar\u00e1 a los <strong>catorce (14) d\u00edas de la fecha de celebraci\u00f3n del contrato.<\/strong><\/p>\n\n<p>Para ejercer su derecho de desistimiento, debe informarnos de su decisi\u00f3n mediante una declaraci\u00f3n clara (por ejemplo, por correo postal, tel\u00e9fono o correo electr\u00f3nico) utilizando los datos de contacto que figuran a continuaci\u00f3n:<\/p>\n\n<p><strong>Cofana Internacional B.V.<\/strong><br\/>Attn: Daniel Becker<br\/>Karveelweg 20<br\/>6222 NH Maastricht<br\/>Pa\u00edses Bajos<\/p>\n\n<p>Tel\u00e9fono: +49 (0)176 434 499 27<br\/>Correo electr\u00f3nico: info@cofanainternational.com<\/p>\n\n<p>Puede utilizar el modelo de formulario de desistimiento que figura a continuaci\u00f3n, pero no es obligatorio.<br\/>Para cumplir el plazo de desistimiento, basta con que env\u00ede su comunicaci\u00f3n relativa al ejercicio del derecho de desistimiento antes de que expire el plazo de desistimiento.<\/p>\n\n<hr class=\"wp-block-separator has-alpha-channel-opacity\"\/>\n\n<p><strong>Consecuencias de la retirada<\/strong><\/p>\n\n<p>Si desiste del presente contrato, le reembolsaremos todos los pagos recibidos de usted, incluidos los gastos de entrega (salvo los gastos adicionales derivados de la elecci\u00f3n por su parte de una modalidad de entrega distinta a la entrega est\u00e1ndar menos costosa ofrecida por nosotros), sin ninguna demora indebida y, en cualquier caso, a m\u00e1s tardar <strong>catorce (14)<\/strong> d\u00edas a partir del d\u00eda en que se nos informe de su decisi\u00f3n de desistir del presente contrato.<\/p>\n\n<hr class=\"wp-block-separator has-alpha-channel-opacity\"\/>\n\n<p><strong>Exclusi\u00f3n \/ vencimiento anticipado del derecho de desistimiento<\/strong><\/p>\n\n<p>El derecho de desistimiento no se aplica o puede expirar anticipadamente en los contratos a distancia relativos a:<\/p>\n\n<ul class=\"wp-block-list\">\n<li>mercanc\u00edas que puedan deteriorarse r\u00e1pidamente o que tengan una fecha de caducidad corta;<\/li>\n\n\n\n<li>mercanc\u00edas precintadas que no sean aptas para su devoluci\u00f3n por motivos de salud o higiene, si se desprecintan despu\u00e9s de la entrega.<\/li>\n<\/ul>\n\n<hr class=\"wp-block-separator has-alpha-channel-opacity\"\/>\n\n<p>Modelo de formulario de desistimiento<\/p>\n\n<p>Si desea rescindir el contrato, rellene este formulario y env\u00edelo a<\/p>\n\n<p><strong>Cofana Internacional B.V.<\/strong><br\/>Attn: Daniel Becker<br\/>Karveelweg 20<br\/>6222 NH Maastricht<br\/>Pa\u00edses Bajos<\/p>\n\n<p>o por correo electr\u00f3nico a: info@cofanainternational.com<\/p>\n\n<p>Por la presente desisto\/desistimos del contrato celebrado por m\u00ed\/nosotros para la compra de los siguientes bienes:<\/p>\n\n<p>&#8211; Nombre del (de los) consumidor(es)<br\/>&#8211; Direcci\u00f3n del (de los) consumidor(es):<br\/>&#8211; Fecha del pedido<br\/>&#8211; Mercanc\u00eda pedida:<br\/>&#8211; Fecha<br\/>&#8211; Firma del (de los) consumidor(es) (s\u00f3lo si se presenta en papel):<\/p>\n","protected":false},"excerpt":{"rendered":"<p>Tiene derecho a rescindir el presente contrato en un plazo de catorce (14) d\u00edas sin necesidad de justificaci\u00f3n.El plazo de desistimiento expirar\u00e1 a los catorce (14) d\u00edas de la fecha de celebraci\u00f3n del contrato. Para ejercer su derecho de desistimiento, debe informarnos de su decisi\u00f3n mediante una declaraci\u00f3n clara (por ejemplo, por correo postal, tel\u00e9fono [&hellip;]<\/p>\n","protected":false},"author":9051,"featured_media":0,"parent":0,"menu_order":0,"comment_status":"closed","ping_status":"closed","template":"","meta":{"_acf_changed":false,"_uf_show_specific_survey":0,"_uf_disable_surveys":false,"footnotes":""},"class_list":["post-58422","page","type-page","status-publish","hentry"],"acf":[],"_links":{"self":[{"href":"https:\/\/lsd-legal.com\/es\/wp-json\/wp\/v2\/pages\/58422","targetHints":{"allow":["GET"]}}],"collection":[{"href":"https:\/\/lsd-legal.com\/es\/wp-json\/wp\/v2\/pages"}],"about":[{"href":"https:\/\/lsd-legal.com\/es\/wp-json\/wp\/v2\/types\/page"}],"author":[{"embeddable":true,"href":"https:\/\/lsd-legal.com\/es\/wp-json\/wp\/v2\/users\/9051"}],"replies":[{"embeddable":true,"href":"https:\/\/lsd-legal.com\/es\/wp-json\/wp\/v2\/comments?post=58422"}],"version-history":[{"count":0,"href":"https:\/\/lsd-legal.com\/es\/wp-json\/wp\/v2\/pages\/58422\/revisions"}],"wp:attachment":[{"href":"https:\/\/lsd-legal.com\/es\/wp-json\/wp\/v2\/media?parent=58422"}],"curies":[{"name":"wp","href":"https:\/\/api.w.org\/{rel}","templated":true}]}}