{"id":64206,"date":"2026-03-09T04:14:51","date_gmt":"2026-03-09T04:14:51","guid":{"rendered":"https:\/\/lsd-legal.com\/newsletter\/"},"modified":"2026-03-09T04:26:28","modified_gmt":"2026-03-09T04:26:28","slug":"newsletter","status":"publish","type":"page","link":"https:\/\/lsd-legal.com\/es\/newsletter\/","title":{"rendered":"LSD-legal Newsletter"},"content":{"rendered":"\t\t<div data-elementor-type=\"wp-page\" data-elementor-id=\"64206\" class=\"elementor elementor-64206 elementor-64185\" data-elementor-post-type=\"page\">\n\t\t\t\t<div class=\"elementor-element elementor-element-f0f24e2 e-flex e-con-boxed elementor-invisible e-con e-parent\" data-id=\"f0f24e2\" data-element_type=\"container\" data-e-type=\"container\" data-settings=\"{&quot;background_background&quot;:&quot;classic&quot;,&quot;animation&quot;:&quot;fadeIn&quot;}\">\n\t\t\t\t\t<div class=\"e-con-inner\">\n\t\t\t\t<div class=\"elementor-element elementor-element-2c82cad elementor-widget elementor-widget-shortcode\" data-id=\"2c82cad\" data-element_type=\"widget\" data-e-type=\"widget\" data-widget_type=\"shortcode.default\">\n\t\t\t\t<div class=\"elementor-widget-container\">\n\t\t\t\t\t\t\t<div class=\"elementor-shortcode\">\t\t<div class=\"newsletter-form-wrapper\">\n\t\t\t\t\t\t\t<h3 class=\"newsletter-form__title\">Bolet\u00edn LSD-legal<\/h3>\n\t\t\t\n\t\t\t\t\t\t\t<p class=\"newsletter-form__description\">Suscr\u00edbete a nuestro bolet\u00edn para estar al d\u00eda de las \u00faltimas novedades de LSD-legal y promociones de descuento. Como agradecimiento, recibir\u00e1s un c\u00f3digo de descuento del 10% por email para tu pr\u00f3ximo pedido online (valor m\u00e1ximo del pedido: 250\u20ac, excluyendo packs).<\/p>\n\t\t\t\n\t\t\t<form id=\"newsletter-form\" class=\"newsletter-form\" method=\"post\">\n\t\t\t\t<input type=\"hidden\" id=\"newsletter_nonce\" name=\"newsletter_nonce\" value=\"1b104de89e\" \/><input type=\"hidden\" name=\"_wp_http_referer\" value=\"\/es\/wp-json\/wp\/v2\/pages\/64206\" \/>\t\t\t\t<input type=\"hidden\" name=\"action\" value=\"newsletter_form_submit\" \/>\n\t\t\t\t<input type=\"hidden\" name=\"time_token\" value=\"MTc3NzM3OTI1Nw==\" \/>\n\t\t\t\t<input type=\"hidden\" name=\"language\" value=\"es\" \/>\n\n\t\t\t\t<!-- Honeypot field - hidden from humans, bots will fill it -->\n\t\t\t\t<div class=\"newsletter-form__honeypot\" aria-hidden=\"true\">\n\t\t\t\t\t<label for=\"website_url\">Website<\/label>\n\t\t\t\t\t<input type=\"text\" name=\"website_url\" id=\"website_url\" tabindex=\"-1\" autocomplete=\"off\" \/>\n\t\t\t\t<\/div>\n\n\t\t\t\t\t\t\t\t\t<div class=\"newsletter-form__field\">\n\t\t\t\t\t\t<label for=\"newsletter_first_name\">\n\t\t\t\t\t\t\tNombre\t\t\t\t\t\t\t<span class=\"required\">*<\/span>\n\t\t\t\t\t\t<\/label>\n\t\t\t\t\t\t<input\n\t\t\t\t\t\t\ttype=\"text\"\n\t\t\t\t\t\t\tname=\"first_name\"\n\t\t\t\t\t\t\tid=\"newsletter_first_name\"\n\t\t\t\t\t\t\tplaceholder=\"Introduce tu nombre.\"\n\t\t\t\t\t\t\trequired\n\t\t\t\t\t\t\/>\n\t\t\t\t\t<\/div>\n\n\t\t\t\t\t<div class=\"newsletter-form__field\">\n\t\t\t\t\t\t<label for=\"newsletter_last_name\">\n\t\t\t\t\t\t\tApellido\t\t\t\t\t\t<\/label>\n\t\t\t\t\t\t<input\n\t\t\t\t\t\t\ttype=\"text\"\n\t\t\t\t\t\t\tname=\"last_name\"\n\t\t\t\t\t\t\tid=\"newsletter_last_name\"\n\t\t\t\t\t\t\tplaceholder=\"Introduce tu apellido.\"\n\t\t\t\t\t\t\/>\n\t\t\t\t\t<\/div>\n\t\t\t\t\n\t\t\t\t<div class=\"newsletter-form__field\">\n\t\t\t\t\t<label for=\"newsletter_email\">\n\t\t\t\t\t\tCorreo electr\u00f3nico\t\t\t\t\t\t<span class=\"required\">*<\/span>\n\t\t\t\t\t<\/label>\n\t\t\t\t\t<input\n\t\t\t\t\t\ttype=\"email\"\n\t\t\t\t\t\tname=\"email\"\n\t\t\t\t\t\tid=\"newsletter_email\"\n\t\t\t\t\t\tplaceholder=\"Introduce tu direcci\u00f3n de correo electr\u00f3nico.\"\n\t\t\t\t\t\trequired\n\t\t\t\t\t\/>\n\t\t\t\t<\/div>\n\n\t\t\t\t\t\t\t\t\t<p class=\"newsletter-form__legal\">\n\t\t\t\t\t\tAl suscribirte, aceptas recibir el bolet\u00edn por correo electr\u00f3nico. Utilizamos tu direcci\u00f3n de correo electr\u00f3nico exclusivamente para el env\u00edo del bolet\u00edn. Puedes darte de baja en cualquier momento a trav\u00e9s del enlace de cancelaci\u00f3n en cada correo electr\u00f3nico o contact\u00e1ndonos. Para m\u00e1s informaci\u00f3n, consulta nuestra\t\t\t\t\t\t<a href=\"https:\/\/lsd-legal.com\/data-privacy\/\" target=\"_blank\">Pol\u00edtica de privacidad<\/a>.\n\t\t\t\t\t<\/p>\n\t\t\t\t\n\t\t\t\t<div class=\"newsletter-form__field newsletter-form__field--submit\">\n\t\t\t\t\t<button type=\"submit\" class=\"newsletter-form__submit\">\n\t\t\t\t\t\tSuscribirse\t\t\t\t\t<\/button>\n\t\t\t\t<\/div>\n\n\t\t\t\t<div class=\"newsletter-form__message\" aria-live=\"polite\"><\/div>\n\t\t\t<\/form>\n\t\t<\/div>\n\t\t<\/div>\n\t\t\t\t\t\t<\/div>\n\t\t\t\t<\/div>\n\t\t\t\t\t<\/div>\n\t\t\t\t<\/div>\n\t\t\t\t<\/div>\n\t\t","protected":false},"excerpt":{"rendered":"","protected":false},"author":4,"featured_media":0,"parent":0,"menu_order":0,"comment_status":"closed","ping_status":"closed","template":"","meta":{"_acf_changed":false,"_uf_show_specific_survey":0,"_uf_disable_surveys":false,"footnotes":""},"class_list":["post-64206","page","type-page","status-publish","hentry"],"acf":[],"_links":{"self":[{"href":"https:\/\/lsd-legal.com\/es\/wp-json\/wp\/v2\/pages\/64206","targetHints":{"allow":["GET"]}}],"collection":[{"href":"https:\/\/lsd-legal.com\/es\/wp-json\/wp\/v2\/pages"}],"about":[{"href":"https:\/\/lsd-legal.com\/es\/wp-json\/wp\/v2\/types\/page"}],"author":[{"embeddable":true,"href":"https:\/\/lsd-legal.com\/es\/wp-json\/wp\/v2\/users\/4"}],"replies":[{"embeddable":true,"href":"https:\/\/lsd-legal.com\/es\/wp-json\/wp\/v2\/comments?post=64206"}],"version-history":[{"count":1,"href":"https:\/\/lsd-legal.com\/es\/wp-json\/wp\/v2\/pages\/64206\/revisions"}],"predecessor-version":[{"id":64207,"href":"https:\/\/lsd-legal.com\/es\/wp-json\/wp\/v2\/pages\/64206\/revisions\/64207"}],"wp:attachment":[{"href":"https:\/\/lsd-legal.com\/es\/wp-json\/wp\/v2\/media?parent=64206"}],"curies":[{"name":"wp","href":"https:\/\/api.w.org\/{rel}","templated":true}]}}