{"id":59306,"date":"2023-07-14T15:57:36","date_gmt":"2023-07-14T15:57:36","guid":{"rendered":"https:\/\/lsd-legal.com\/impronta\/"},"modified":"2026-03-12T11:24:23","modified_gmt":"2026-03-12T11:24:23","slug":"imprint","status":"publish","type":"page","link":"https:\/\/lsd-legal.com\/it\/imprint\/","title":{"rendered":"Impronta"},"content":{"rendered":"\t\t<div data-elementor-type=\"wp-page\" data-elementor-id=\"59306\" class=\"elementor elementor-59306 elementor-4167\" data-elementor-post-type=\"page\">\n\t\t\t\t<div class=\"elementor-element elementor-element-27a14e5 e-flex e-con-boxed e-con e-parent\" data-id=\"27a14e5\" data-element_type=\"container\" data-e-type=\"container\">\n\t\t\t\t\t<div class=\"e-con-inner\">\n\t\t\t\t<div class=\"elementor-element elementor-element-5e683b3 elementor-widget elementor-widget-heading\" data-id=\"5e683b3\" data-element_type=\"widget\" data-e-type=\"widget\" data-widget_type=\"heading.default\">\n\t\t\t\t<div class=\"elementor-widget-container\">\n\t\t\t\t\t<h1 class=\"elementor-heading-title elementor-size-default\">Impronta<\/h1>\t\t\t\t<\/div>\n\t\t\t\t<\/div>\n\t\t\t\t<div class=\"elementor-element elementor-element-8b13a3e elementor-widget elementor-widget-text-editor\" data-id=\"8b13a3e\" data-element_type=\"widget\" data-e-type=\"widget\" data-widget_type=\"text-editor.default\">\n\t\t\t\t<div class=\"elementor-widget-container\">\n\t\t\t\t\t\t\t\t\t<div><p><strong>Lysentia B.V.<br><\/strong><br> Amministratore delegato: Daniel Becker e Manuel M\u00fchlhoff<\/p><p>Karveelweg 20<br>6222 NH Maastricht<br>Paesi Bassi<\/p><p>Telefono: <a href=\"http:\/\/tel:+31623012367\/\" target=\"_blank\" rel=\"noopener\">+31623012367<\/a><br>Email: <a href=\"mailto:support@lsd-legal.com\">support@lsd-legal.com<\/a><\/p><p>Registro delle imprese:<br>Numero della Camera di Commercio: 94284407<br>Partita IVA: NL866710796B01<\/p><p>In conformit\u00e0 al diritto civile olandese (Burgerlijk Wetboek, Boek 6) e al Regolamento (UE) 2022\/2065 (Digital Services Act), forniamo le informazioni di cui sopra per motivi di trasparenza.  <br>Ulteriori dettagli, come le autorit\u00e0 di vigilanza competenti, la nostra politica sulla privacy e i nostri termini e condizioni, sono disponibili su richiesta o direttamente sul nostro sito web.<\/p><\/div><div> <\/div><div><strong>Risoluzione delle controversie<\/strong><\/div><div><p>L&#8217;UE ha creato una procedura online per risolvere le controversie tra aziende e consumatori. Puoi trovare informazioni al riguardo su: <\/p><div><a href=\"https:\/\/ec.europa.eu\/consumers\/odr\">https:\/\/ec.europa.eu\/consumers\/odr<\/a><\/div><div> <\/div><div>Non siamo disposti o obbligati a partecipare a procedure di risoluzione delle controversie davanti a un collegio arbitrale dei consumatori.<\/div><div> <\/div><div><strong>Responsabilit\u00e0 per i contenuti<\/strong><\/div><div><p>Prestiamo grande attenzione alla creazione dei contenuti del nostro sito web e ci impegniamo a fornire informazioni accurate e aggiornate.<br>Ai sensi dell&#8217;articolo 14 della Legge sui Servizi Digitali e della legislazione olandese in materia, siamo responsabili dei nostri contenuti su queste pagine. <br>Non siamo obbligati a monitorare i contenuti di terzi trasmessi o memorizzati o a indagare su circostanze che indichino un&#8217;attivit\u00e0 illegale.<br>La responsabilit\u00e0 in questo senso \u00e8 possibile solo dal momento in cui veniamo a conoscenza di una specifica violazione. Non appena ne verremo a conoscenza, rimuoveremo immediatamente il contenuto. <\/p><div> <\/div><div><strong>Responsabilit\u00e0 per i link<\/strong><\/div><div><p>Il nostro sito web contiene link esterni ad altri siti web sui cui contenuti non abbiamo alcuna influenza. Per questo motivo, non possiamo assumerci alcuna responsabilit\u00e0 per tali contenuti. Il rispettivo fornitore del sito web collegato \u00e8 responsabile del contenuto e dell&#8217;accuratezza delle informazioni fornite. Al momento della creazione dei link non sono state riscontrate violazioni legali. Se dovessimo venire a conoscenza di eventuali violazioni, rimuoveremo immediatamente tali link.    <\/p><div> <\/div><div><p><strong>Copyright<\/strong><br>Tutti i contenuti e le opere create dagli operatori del sito web sono soggetti alla legge olandese sul copyright e ai relativi diritti. I contributi di terzi sono contrassegnati come tali. <br>Qualsiasi riproduzione, modifica, distribuzione o qualsiasi tipo di utilizzo al di fuori dei limiti della legge sul copyright richiede il previo consenso scritto del rispettivo titolare del copyright.<br>Download e copie di questo sito web sono consentiti solo per uso privato e non commerciale. <br>Se ritieni che il contenuto di questo sito web violi il copyright, contattaci. Indagheremo sulla questione e, se necessario, rimuoveremo il contenuto.  <\/p><\/div><\/div><\/div><\/div>\t\t\t\t\t\t\t\t<\/div>\n\t\t\t\t<\/div>\n\t\t\t\t\t<\/div>\n\t\t\t\t<\/div>\n\t\t\t\t<\/div>\n\t\t","protected":false},"excerpt":{"rendered":"<p>Lysentia B.V. Amministratore delegato: Daniel Becker e Manuel M\u00fchlhoff Karveelweg 206222 NH MaastrichtPaesi Bassi Telefono: +31623012367Email: support@lsd-legal.com Registro delle imprese:Numero della Camera di Commercio: 94284407Partita IVA: NL866710796B01 In conformit\u00e0 al diritto civile olandese (Burgerlijk Wetboek, Boek 6) e al Regolamento (UE) 2022\/2065 (Digital Services Act), forniamo le informazioni di cui sopra per motivi di trasparenza. [&hellip;]<\/p>\n","protected":false},"author":9051,"featured_media":0,"parent":0,"menu_order":0,"comment_status":"closed","ping_status":"closed","template":"","meta":{"_acf_changed":false,"_uf_show_specific_survey":0,"_uf_disable_surveys":false,"footnotes":""},"class_list":["post-59306","page","type-page","status-publish","hentry"],"acf":[],"_links":{"self":[{"href":"https:\/\/lsd-legal.com\/it\/wp-json\/wp\/v2\/pages\/59306","targetHints":{"allow":["GET"]}}],"collection":[{"href":"https:\/\/lsd-legal.com\/it\/wp-json\/wp\/v2\/pages"}],"about":[{"href":"https:\/\/lsd-legal.com\/it\/wp-json\/wp\/v2\/types\/page"}],"author":[{"embeddable":true,"href":"https:\/\/lsd-legal.com\/it\/wp-json\/wp\/v2\/users\/9051"}],"replies":[{"embeddable":true,"href":"https:\/\/lsd-legal.com\/it\/wp-json\/wp\/v2\/comments?post=59306"}],"version-history":[{"count":4,"href":"https:\/\/lsd-legal.com\/it\/wp-json\/wp\/v2\/pages\/59306\/revisions"}],"predecessor-version":[{"id":64683,"href":"https:\/\/lsd-legal.com\/it\/wp-json\/wp\/v2\/pages\/59306\/revisions\/64683"}],"wp:attachment":[{"href":"https:\/\/lsd-legal.com\/it\/wp-json\/wp\/v2\/media?parent=59306"}],"curies":[{"name":"wp","href":"https:\/\/api.w.org\/{rel}","templated":true}]}}