{"id":60551,"date":"2023-08-16T20:31:01","date_gmt":"2023-08-16T20:31:01","guid":{"rendered":"https:\/\/lsd-legal.com\/kariera-w-lsd-legal-de\/"},"modified":"2025-09-16T10:42:52","modified_gmt":"2025-09-16T10:42:52","slug":"kariera-w-lsd-legal-de","status":"publish","type":"page","link":"https:\/\/lsd-legal.com\/pl\/kariera-w-lsd-legal-de\/","title":{"rendered":"Kariera w LSD-Legal.de"},"content":{"rendered":"\n<p>Jeste\u015bmy niemieckim liderem rynku w dziedzinie pochodnych LSD i jeste\u015bmy dumni, \u017ce w ci\u0105gu ostatnich trzech lat zapewnili\u015bmy setkom tysi\u0119cy naukowc\u00f3w dost\u0119p do legalnych pochodnych LSD \u2013 zar\u00f3wno online na stronie lsd-legal.de, jak i w naszym sklepie w t\u0119tni\u0105cej \u017cyciem dzielnicy Berlin Friedrichshain.<br\/>Charakteryzuje nas profesjonalizm, niezawodno\u015b\u0107 i doskona\u0142a obs\u0142uga.<\/p>\n\n<p><strong>Nasza wizja: zapewnienie ludziom otwartego dost\u0119pu do legalnych pochodnych LSD.<\/strong><\/p>\n\n<p>-W tej chwili nie ma wolnych miejsc-<\/p>\n\n<p><\/p>\n","protected":false},"excerpt":{"rendered":"<p>Jeste\u015bmy niemieckim liderem rynku w dziedzinie pochodnych LSD i jeste\u015bmy dumni, \u017ce w ci\u0105gu ostatnich trzech lat zapewnili\u015bmy setkom tysi\u0119cy naukowc\u00f3w dost\u0119p do legalnych pochodnych LSD \u2013 zar\u00f3wno online na stronie lsd-legal.de, jak i w naszym sklepie w t\u0119tni\u0105cej \u017cyciem dzielnicy Berlin Friedrichshain.Charakteryzuje nas profesjonalizm, niezawodno\u015b\u0107 i doskona\u0142a obs\u0142uga. Nasza wizja: zapewnienie ludziom otwartego dost\u0119pu [&hellip;]<\/p>\n","protected":false},"author":9051,"featured_media":0,"parent":0,"menu_order":0,"comment_status":"closed","ping_status":"closed","template":"","meta":{"_acf_changed":false,"_uf_show_specific_survey":0,"_uf_disable_surveys":false,"footnotes":""},"class_list":["post-60551","page","type-page","status-publish","hentry"],"acf":[],"_links":{"self":[{"href":"https:\/\/lsd-legal.com\/pl\/wp-json\/wp\/v2\/pages\/60551","targetHints":{"allow":["GET"]}}],"collection":[{"href":"https:\/\/lsd-legal.com\/pl\/wp-json\/wp\/v2\/pages"}],"about":[{"href":"https:\/\/lsd-legal.com\/pl\/wp-json\/wp\/v2\/types\/page"}],"author":[{"embeddable":true,"href":"https:\/\/lsd-legal.com\/pl\/wp-json\/wp\/v2\/users\/9051"}],"replies":[{"embeddable":true,"href":"https:\/\/lsd-legal.com\/pl\/wp-json\/wp\/v2\/comments?post=60551"}],"version-history":[{"count":1,"href":"https:\/\/lsd-legal.com\/pl\/wp-json\/wp\/v2\/pages\/60551\/revisions"}],"predecessor-version":[{"id":60552,"href":"https:\/\/lsd-legal.com\/pl\/wp-json\/wp\/v2\/pages\/60551\/revisions\/60552"}],"wp:attachment":[{"href":"https:\/\/lsd-legal.com\/pl\/wp-json\/wp\/v2\/media?parent=60551"}],"curies":[{"name":"wp","href":"https:\/\/api.w.org\/{rel}","templated":true}]}}