{"id":60554,"date":"2024-04-22T05:49:41","date_gmt":"2024-04-22T05:49:41","guid":{"rendered":"https:\/\/lsd-legal.com\/formularz-kontaktowy\/"},"modified":"2026-03-13T12:13:43","modified_gmt":"2026-03-13T12:13:43","slug":"contact","status":"publish","type":"page","link":"https:\/\/lsd-legal.com\/pl\/contact\/","title":{"rendered":"Kontakt"},"content":{"rendered":"\t\t<div data-elementor-type=\"wp-page\" data-elementor-id=\"60554\" class=\"elementor elementor-60554 elementor-6309\" data-elementor-post-type=\"page\">\n\t\t\t\t<div class=\"elementor-element elementor-element-ffab4bc e-flex e-con-boxed e-con e-parent\" data-id=\"ffab4bc\" data-element_type=\"container\" data-e-type=\"container\" data-settings=\"{&quot;background_background&quot;:&quot;classic&quot;}\">\n\t\t\t\t\t<div class=\"e-con-inner\">\n\t\t\t\t<div class=\"elementor-element elementor-element-b38ab97 elementor-widget elementor-widget-heading\" data-id=\"b38ab97\" data-element_type=\"widget\" data-e-type=\"widget\" data-widget_type=\"heading.default\">\n\t\t\t\t<div class=\"elementor-widget-container\">\n\t\t\t\t\t<h1 class=\"elementor-heading-title elementor-size-default\">Kontakt<\/h1>\t\t\t\t<\/div>\n\t\t\t\t<\/div>\n\t\t\t\t\t<\/div>\n\t\t\t\t<\/div>\n\t\t<div class=\"elementor-element elementor-element-557b9f9 e-flex e-con-boxed e-con e-parent\" data-id=\"557b9f9\" data-element_type=\"container\" data-e-type=\"container\">\n\t\t\t\t\t<div class=\"e-con-inner\">\n\t\t\t\t<div class=\"elementor-element elementor-element-2791d53 elementor-invisible elementor-widget elementor-widget-heading\" data-id=\"2791d53\" data-element_type=\"widget\" data-e-type=\"widget\" data-settings=\"{&quot;_animation&quot;:&quot;fadeIn&quot;}\" data-widget_type=\"heading.default\">\n\t\t\t\t<div class=\"elementor-widget-container\">\n\t\t\t\t\t<h2 class=\"elementor-heading-title elementor-size-default\">Skontaktuj si\u0119 z nami tutaj!<\/h2>\t\t\t\t<\/div>\n\t\t\t\t<\/div>\n\t\t\t\t\t<\/div>\n\t\t\t\t<\/div>\n\t\t<div class=\"elementor-element elementor-element-706369c e-flex e-con-boxed e-con e-parent\" data-id=\"706369c\" data-element_type=\"container\" data-e-type=\"container\">\n\t\t\t\t\t<div class=\"e-con-inner\">\n\t\t\t\t<div class=\"elementor-element elementor-element-bd987ca elementor-widget elementor-widget-text-editor\" data-id=\"bd987ca\" data-element_type=\"widget\" data-e-type=\"widget\" data-widget_type=\"text-editor.default\">\n\t\t\t\t<div class=\"elementor-widget-container\">\n\t\t\t\t\t\t\t\t\t<p style=\"text-align: center;\">Obecnie oferujemy Ci pi\u0119\u0107 r\u00f3\u017cnych sposob\u00f3w skontaktowania si\u0119 z nami.  <br>Wybierz t\u0119, kt\u00f3ra najbardziej Ci si\u0119 podoba.<\/p>\t\t\t\t\t\t\t\t<\/div>\n\t\t\t\t<\/div>\n\t\t\t\t\t<\/div>\n\t\t\t\t<\/div>\n\t\t<div class=\"elementor-element elementor-element-c8cb7f2 e-flex e-con-boxed e-con e-parent\" data-id=\"c8cb7f2\" data-element_type=\"container\" data-e-type=\"container\">\n\t\t\t\t\t<div class=\"e-con-inner\">\n\t\t\t\t<div class=\"elementor-element elementor-element-41ac20c elementor-widget elementor-widget-html\" data-id=\"41ac20c\" data-element_type=\"widget\" data-e-type=\"widget\" data-widget_type=\"html.default\">\n\t\t\t\t<div class=\"elementor-widget-container\">\n\t\t\t\t\t<div class=\"lsd-contact-wrapper\">\r\n    <a href=\"https:\/\/web.whatsapp.com\/send?phone=31623012367&amp;text=\" target=\"_blank\" class=\"lsd-contact-item livechat-highlight\">\r\n        <div class=\"lsd-icon\">\r\n            <img decoding=\"async\" src=\"https:\/\/lsd-legal.de\/wp-content\/uploads\/2026\/01\/whatsapp-1.svg\" alt=\"WhatsApp\">\r\n        <\/div>\r\n        <div class=\"lsd-text\">\r\n WhatsApp \u2013 Po prostu wy\u015blij nam wiadomo\u015b\u0107.\r\n        <\/div>\r\n    <\/a>\r\n\r\n    <a href=\"https:\/\/telegram.im\/LSD_legal_com\" target=\"_blank\" class=\"lsd-contact-item\">\r\n        <div class=\"lsd-icon\">\r\n            <img decoding=\"async\" src=\"https:\/\/lsd-legal.de\/wp-content\/uploads\/2026\/01\/telegram-1.svg\" alt=\"Telegram\">\r\n        <\/div>\r\n        <div class=\"lsd-text\">\r\n Telegram \u2013 komunikuj si\u0119 bezpiecznie i dyskretnie.\r\n        <\/div>\r\n    <\/a>\r\n\r\n    <a href=\"mailto:support@lsd-legal.com\" class=\"lsd-contact-item\">\r\n        <div class=\"lsd-icon\">\r\n            <img decoding=\"async\" src=\"https:\/\/lsd-legal.de\/wp-content\/uploads\/2026\/01\/email-icon-121.png\" alt=\"e-mail\">\r\n        <\/div>\r\n        <div class=\"lsd-text\">\r\n  E-mail (support@lsd-legal.com) - klasyczny spos\u00f3b za po\u015brednictwem poczty elektronicznej.\r\n        <\/div>\r\n    <\/a>\r\n\r\n    <a href=\"tel:+310623012367\" class=\"lsd-contact-item\">\r\n        <div class=\"lsd-icon\">\r\n            <img decoding=\"async\" src=\"https:\/\/lsd-legal.de\/wp-content\/uploads\/2026\/01\/Telefon-weiss.png\" alt=\"forma\">\r\n        <\/div>\r\n        <div class=\"lsd-text\">\r\n  Zadzwo\u0144 do nas - po prostu zadzwo\u0144 do nas w godzinach pracy.\r\n        <\/div>\r\n    <\/a>\r\n<\/div>\r\n\r\n<style>\r\n.lsd-contact-wrapper {\r\n    display: flex;\r\n    flex-direction: column;\r\n    gap: 15px;\r\n    font-family: inherit;\r\n}\r\n\r\n.lsd-contact-item {\r\n    display: flex;\r\n    align-items: center;\r\n    text-decoration: none;\r\n    color: inherit;\r\n    padding: 10px;\r\n    border-radius: 8px;\r\n    transition: background 0.3s ease;\r\n}\r\n\r\n.lsd-contact-item:hover {\r\n    background-color: rgba(0,0,0,0.03);\r\n}\r\n\r\n.lsd-icon {\r\n    width: 40px;\r\n    height: 40px;\r\n    margin-right: 20px;\r\n    display: flex;\r\n    justify-content: center;\r\n    align-items: center;\r\n}\r\n\r\n.lsd-icon img {\r\n    max-width: 100%;\r\n    height: auto;\r\n}\r\n\r\n\/* Hervorhebung f\u00fcr LiveChat *\/\r\n.livechat-highlight {\r\n    background-color: #f0f7ff; \/* Leichtes Blau oder Gold f\u00fcr LSD-Legal passend w\u00e4hlen *\/\r\n    border: 1px solid #007bff;\r\n    box-shadow: 0 4px 10px rgba(0,0,0,0.05);\r\n}\r\n\r\n.lsd-text {\r\n    line-height: 1.4;\r\n}\r\n<\/style>\t\t\t\t<\/div>\n\t\t\t\t<\/div>\n\t\t\t\t\t<\/div>\n\t\t\t\t<\/div>\n\t\t<div class=\"elementor-element elementor-element-cf9b97e e-flex e-con-boxed e-con e-parent\" data-id=\"cf9b97e\" data-element_type=\"container\" data-e-type=\"container\">\n\t\t\t\t\t<div class=\"e-con-inner\">\n\t\t\t\t<div class=\"elementor-element elementor-element-703c2f8 elementor-invisible elementor-widget elementor-widget-heading\" data-id=\"703c2f8\" data-element_type=\"widget\" data-e-type=\"widget\" data-settings=\"{&quot;_animation&quot;:&quot;fadeIn&quot;}\" data-widget_type=\"heading.default\">\n\t\t\t\t<div class=\"elementor-widget-container\">\n\t\t\t\t\t<h2 class=\"elementor-heading-title elementor-size-default\">Formularz kontaktowy<\/h2>\t\t\t\t<\/div>\n\t\t\t\t<\/div>\n\t\t\t\t\t<\/div>\n\t\t\t\t<\/div>\n\t\t<div class=\"elementor-element elementor-element-2c165e5 e-flex e-con-boxed e-con e-parent\" data-id=\"2c165e5\" data-element_type=\"container\" data-e-type=\"container\">\n\t\t\t\t\t<div class=\"e-con-inner\">\n\t\t\t\t<div class=\"elementor-element elementor-element-c1d259c elementor-widget elementor-widget-shortcode\" data-id=\"c1d259c\" data-element_type=\"widget\" data-e-type=\"widget\" data-widget_type=\"shortcode.default\">\n\t\t\t\t<div class=\"elementor-widget-container\">\n\t\t\t\t\t\t\t<div class=\"elementor-shortcode\">\n<div class=\"wpcf7 no-js\" id=\"wpcf7-f60848-o1\" lang=\"pl-PL\" dir=\"ltr\" data-wpcf7-id=\"60848\">\n<div class=\"screen-reader-response\"><p role=\"status\" aria-live=\"polite\" aria-atomic=\"true\"><\/p> <ul><\/ul><\/div>\n<form action=\"\/pl\/wp-json\/wp\/v2\/pages\/60554#wpcf7-f60848-o1\" method=\"post\" class=\"wpcf7-form init\" aria-label=\"Formularz kontaktowy\" enctype=\"multipart\/form-data\" novalidate=\"novalidate\" data-status=\"init\">\n<fieldset class=\"hidden-fields-container\"><input type=\"hidden\" name=\"_wpcf7\" value=\"60848\" \/><input type=\"hidden\" name=\"_wpcf7_version\" value=\"6.1.5\" \/><input type=\"hidden\" name=\"_wpcf7_locale\" value=\"pl_PL\" \/><input type=\"hidden\" name=\"_wpcf7_unit_tag\" value=\"wpcf7-f60848-o1\" \/><input type=\"hidden\" name=\"_wpcf7_container_post\" value=\"0\" \/><input type=\"hidden\" name=\"_wpcf7_posted_data_hash\" value=\"\" \/><input type=\"hidden\" name=\"_wpcf7_recaptcha_response\" value=\"\" \/>\n<\/fieldset>\n<div class=\"form-zentriert\">\n\t<p><label> Imi\u0119 i nazwisko*<br \/>\n<span class=\"wpcf7-form-control-wrap\" data-name=\"your-name\"><input size=\"40\" maxlength=\"400\" class=\"wpcf7-form-control wpcf7-text wpcf7-validates-as-required\" autocomplete=\"name\" aria-required=\"true\" aria-invalid=\"false\" value=\"\" type=\"text\" name=\"your-name\" \/><\/span> <\/label>\n\t<\/p>\n\t<p><label> E-mail*<br \/>\n<span class=\"wpcf7-form-control-wrap\" data-name=\"your-email\"><input size=\"40\" maxlength=\"400\" class=\"wpcf7-form-control wpcf7-email wpcf7-validates-as-required wpcf7-text wpcf7-validates-as-email\" autocomplete=\"email\" aria-required=\"true\" aria-invalid=\"false\" value=\"\" type=\"email\" name=\"your-email\" \/><\/span> <\/label>\n\t<\/p>\n\t<p><label> Telefon<br \/>\n<span class=\"wpcf7-form-control-wrap\" data-name=\"tel-63\"><input size=\"40\" maxlength=\"400\" class=\"wpcf7-form-control wpcf7-tel wpcf7-text wpcf7-validates-as-tel\" aria-invalid=\"false\" value=\"\" type=\"tel\" name=\"tel-63\" \/><\/span> <\/label>\n\t<\/p>\n\t<p><label> Wiadomo\u015b\u0107*<br \/>\n<span class=\"wpcf7-form-control-wrap\" data-name=\"your-message\"><textarea cols=\"40\" rows=\"4\" maxlength=\"2000\" class=\"wpcf7-form-control wpcf7-textarea wpcf7-validates-as-required\" aria-required=\"true\" aria-invalid=\"false\" name=\"your-message\"><\/textarea><\/span> <\/label>\n\t<\/p>\n\t<p><span class=\"wpcf7-form-control-wrap\" data-name=\"Anhang\"><input size=\"40\" class=\"wpcf7-form-control wpcf7-file\" accept=\"video\/*,image\/*,.txt,application\/pdf\" aria-invalid=\"false\" type=\"file\" name=\"Anhang\" \/><\/span>\n\t<\/p>\n\t<p><span class=\"wpcf7-form-control-wrap\" data-name=\"acceptance-120\"><span class=\"wpcf7-form-control wpcf7-acceptance\"><span class=\"wpcf7-list-item\"><label><input type=\"checkbox\" name=\"acceptance-120\" value=\"1\" aria-invalid=\"false\" \/><span class=\"wpcf7-list-item-label\">Po wys\u0142aniu formularza wprowadzone dane zostan\u0105 zapisane w naszej bazie w celu przetworzenia zapytania. Dane te nie b\u0119d\u0105 w \u017cadnym wypadku przekazywane dalej. Wi\u0119cej informacji mo\u017cna znale\u017a\u0107 w naszej polityce prywatno\u015bci.<\/span><\/label><\/span><\/span><\/span>\n\t<\/p>\n\t<p><input class=\"wpcf7-form-control wpcf7-submit has-spinner mein-custom-button\" type=\"submit\" value=\"Wy\u015blij wiadomo\u015b\u0107\" \/>\n\t<\/p>\n<\/div><div class=\"wpcf7-response-output\" aria-hidden=\"true\"><\/div>\n<\/form>\n<\/div>\n<\/div>\n\t\t\t\t\t\t<\/div>\n\t\t\t\t<\/div>\n\t\t\t\t\t<\/div>\n\t\t\t\t<\/div>\n\t\t\t\t<\/div>\n\t\t","protected":false},"excerpt":{"rendered":"<p>Kontakt Skontaktuj si\u0119 z nami tutaj! Obecnie oferujemy Ci pi\u0119\u0107 r\u00f3\u017cnych sposob\u00f3w skontaktowania si\u0119 z nami. Wybierz t\u0119, kt\u00f3ra najbardziej Ci si\u0119 podoba. WhatsApp \u2013 Po prostu wy\u015blij nam wiadomo\u015b\u0107. Telegram \u2013 komunikuj si\u0119 bezpiecznie i dyskretnie. E-mail (support@lsd-legal.com) &#8211; klasyczny spos\u00f3b za po\u015brednictwem poczty elektronicznej. Zadzwo\u0144 do nas &#8211; po prostu zadzwo\u0144 do nas [&hellip;]<\/p>\n","protected":false},"author":4,"featured_media":0,"parent":0,"menu_order":0,"comment_status":"closed","ping_status":"closed","template":"","meta":{"_acf_changed":false,"_uf_show_specific_survey":0,"_uf_disable_surveys":false,"footnotes":""},"class_list":["post-60554","page","type-page","status-publish","hentry"],"acf":[],"_links":{"self":[{"href":"https:\/\/lsd-legal.com\/pl\/wp-json\/wp\/v2\/pages\/60554","targetHints":{"allow":["GET"]}}],"collection":[{"href":"https:\/\/lsd-legal.com\/pl\/wp-json\/wp\/v2\/pages"}],"about":[{"href":"https:\/\/lsd-legal.com\/pl\/wp-json\/wp\/v2\/types\/page"}],"author":[{"embeddable":true,"href":"https:\/\/lsd-legal.com\/pl\/wp-json\/wp\/v2\/users\/4"}],"replies":[{"embeddable":true,"href":"https:\/\/lsd-legal.com\/pl\/wp-json\/wp\/v2\/comments?post=60554"}],"version-history":[{"count":6,"href":"https:\/\/lsd-legal.com\/pl\/wp-json\/wp\/v2\/pages\/60554\/revisions"}],"predecessor-version":[{"id":64764,"href":"https:\/\/lsd-legal.com\/pl\/wp-json\/wp\/v2\/pages\/60554\/revisions\/64764"}],"wp:attachment":[{"href":"https:\/\/lsd-legal.com\/pl\/wp-json\/wp\/v2\/media?parent=60554"}],"curies":[{"name":"wp","href":"https:\/\/api.w.org\/{rel}","templated":true}]}}