{"id":60618,"date":"2023-08-21T16:19:46","date_gmt":"2023-08-21T16:19:46","guid":{"rendered":"https:\/\/lsd-legal.com\/prawo-do-odstapienia-od-umowy\/"},"modified":"2025-09-18T09:36:49","modified_gmt":"2025-09-18T09:36:49","slug":"prawo-do-odstapienia-od-umowy","status":"publish","type":"page","link":"https:\/\/lsd-legal.com\/pl\/prawo-do-odstapienia-od-umowy\/","title":{"rendered":"Prawo do odst\u0105pienia od umowy"},"content":{"rendered":"\n<p>Masz prawo odst\u0105pi\u0107 od niniejszej umowy w ci\u0105gu <strong>czternastu (14) dni<\/strong> bez podania przyczyny.<br\/>Okres odst\u0105pienia od umowy wygasa<strong> czterna\u015bcie (14) dni od daty zawarcia umowy.<\/strong><\/p>\n\n<p>Aby skorzysta\u0107 z prawa do odst\u0105pienia od umowy, nale\u017cy poinformowa\u0107 nas o swojej decyzji w jasny spos\u00f3b (np. poczt\u0105, telefonicznie lub poczt\u0105 elektroniczn\u0105), korzystaj\u0105c z poni\u017cszych danych kontaktowych:<\/p>\n\n<p><strong>Cofana International B.V.<\/strong><br\/>Attn: Daniel Becker<br\/>Karveelweg 20<br\/>6222 NH Maastricht<br\/>Netherlands<\/p>\n\n<p>Telefon: +49 (0)176 434 499 27<br\/>E-mail: info@cofanainternational.com<\/p>\n\n<p>Mo\u017cesz skorzysta\u0107 z poni\u017cszego wzoru formularza odst\u0105pienia od umowy, ale nie jest to obowi\u0105zkowe.<br\/>Aby dotrzyma\u0107 terminu odst\u0105pienia od umowy, wystarczy, \u017ce wy\u015blesz informacj\u0119 dotycz\u0105c\u0105 skorzystania z prawa do odst\u0105pienia od umowy przed up\u0142ywem terminu odst\u0105pienia od umowy.<\/p>\n\n<hr class=\"wp-block-separator has-alpha-channel-opacity\"\/>\n\n<p><strong>Konsekwencje wycofania si\u0119<\/strong><\/p>\n\n<p>W przypadku odst\u0105pienia od niniejszej umowy zwr\u00f3cimy Pa\u0144stwu wszystkie otrzymane od Pa\u0144stwa p\u0142atno\u015bci, w tym koszty dostawy (z wyj\u0105tkiem dodatkowych koszt\u00f3w wynikaj\u0105cych z wyboru przez Pa\u0144stwa sposobu dostawy innego ni\u017c najta\u0144szy standardowy spos\u00f3b dostawy oferowany przez nas), bez zb\u0119dnej zw\u0142oki, a w ka\u017cdym razie nie p\u00f3\u017aniej ni\u017c <strong>czterna\u015bcie (14) dni<\/strong> od dnia, w kt\u00f3rym zostali\u015bmy poinformowani o Pa\u0144stwa decyzji o odst\u0105pieniu od niniejszej umowy.<\/p>\n\n<hr class=\"wp-block-separator has-alpha-channel-opacity\"\/>\n\n<p><strong>Wy\u0142\u0105czenie \/ wcze\u015bniejsze wyga\u015bni\u0119cie prawa do odst\u0105pienia od umowy<\/strong><\/p>\n\n<p>Prawo do odst\u0105pienia od umowy nie ma zastosowania lub mo\u017ce wygasn\u0105\u0107 przed terminem w przypadku um\u00f3w zawieranych na odleg\u0142o\u015b\u0107 dotycz\u0105cych:<\/p>\n\n<ul class=\"wp-block-list\">\n<li>towary, kt\u00f3re mog\u0105 ulec szybkiemu zepsuciu lub maj\u0105 kr\u00f3tki termin przydatno\u015bci do spo\u017cycia;<\/li>\n\n\n\n<li>towary zapiecz\u0119towane, kt\u00f3re nie nadaj\u0105 si\u0119 do zwrotu ze wzgl\u0119d\u00f3w zdrowotnych lub higienicznych, je\u015bli po dostawie zosta\u0142y rozpiecz\u0119towane.<\/li>\n<\/ul>\n\n<hr class=\"wp-block-separator has-alpha-channel-opacity\"\/>\n\n<p>Przyk\u0142adowy formularz rezygnacji<\/p>\n\n<p>Je\u015bli chcesz odst\u0105pi\u0107 od umowy, wype\u0142nij ten formularz i ode\u015blij go na adres:<\/p>\n\n<p><strong>Cofana International B.V.<\/strong><br\/>Attn: Daniel Becker<br\/>Karveelweg 20<br\/>6222 NH Maastricht<br\/>Netherlands<\/p>\n\n<p>lub poczt\u0105 elektroniczn\u0105 na adres: info@cofanainternational.com<\/p>\n\n<p>Niniejszym odst\u0119puj\u0119\/odst\u0119pujemy od umowy zawartej przeze mnie\/nas dotycz\u0105cej zakupu nast\u0119puj\u0105cych towar\u00f3w:<\/p>\n\n<p>\u2013 Imi\u0119 i nazwisko konsumenta (konsument\u00f3w):<br\/>\u2013 Adres konsumenta (konsument\u00f3w):<br\/>\u2013 Data zam\u00f3wienia:<br\/>\u2013 Zam\u00f3wione towary:<br\/>\u2013 Data:<br\/>\u2013 Podpis konsumenta (konsument\u00f3w) (tylko w przypadku zam\u00f3wienia w formie papierowej):<\/p>\n","protected":false},"excerpt":{"rendered":"<p>Masz prawo odst\u0105pi\u0107 od niniejszej umowy w ci\u0105gu czternastu (14) dni bez podania przyczyny.Okres odst\u0105pienia od umowy wygasa czterna\u015bcie (14) dni od daty zawarcia umowy. Aby skorzysta\u0107 z prawa do odst\u0105pienia od umowy, nale\u017cy poinformowa\u0107 nas o swojej decyzji w jasny spos\u00f3b (np. poczt\u0105, telefonicznie lub poczt\u0105 elektroniczn\u0105), korzystaj\u0105c z poni\u017cszych danych kontaktowych: Cofana International [&hellip;]<\/p>\n","protected":false},"author":9051,"featured_media":0,"parent":0,"menu_order":0,"comment_status":"closed","ping_status":"closed","template":"","meta":{"_acf_changed":false,"_uf_show_specific_survey":0,"_uf_disable_surveys":false,"footnotes":""},"class_list":["post-60618","page","type-page","status-publish","hentry"],"acf":[],"_links":{"self":[{"href":"https:\/\/lsd-legal.com\/pl\/wp-json\/wp\/v2\/pages\/60618","targetHints":{"allow":["GET"]}}],"collection":[{"href":"https:\/\/lsd-legal.com\/pl\/wp-json\/wp\/v2\/pages"}],"about":[{"href":"https:\/\/lsd-legal.com\/pl\/wp-json\/wp\/v2\/types\/page"}],"author":[{"embeddable":true,"href":"https:\/\/lsd-legal.com\/pl\/wp-json\/wp\/v2\/users\/9051"}],"replies":[{"embeddable":true,"href":"https:\/\/lsd-legal.com\/pl\/wp-json\/wp\/v2\/comments?post=60618"}],"version-history":[{"count":1,"href":"https:\/\/lsd-legal.com\/pl\/wp-json\/wp\/v2\/pages\/60618\/revisions"}],"predecessor-version":[{"id":60619,"href":"https:\/\/lsd-legal.com\/pl\/wp-json\/wp\/v2\/pages\/60618\/revisions\/60619"}],"wp:attachment":[{"href":"https:\/\/lsd-legal.com\/pl\/wp-json\/wp\/v2\/media?parent=60618"}],"curies":[{"name":"wp","href":"https:\/\/api.w.org\/{rel}","templated":true}]}}