{"id":61409,"date":"2023-07-14T15:57:36","date_gmt":"2023-07-14T15:57:36","guid":{"rendered":"https:\/\/lsd-legal.com\/stopka-redakcyjna\/"},"modified":"2026-03-12T11:24:07","modified_gmt":"2026-03-12T11:24:07","slug":"imprint","status":"publish","type":"page","link":"https:\/\/lsd-legal.com\/pl\/imprint\/","title":{"rendered":"Nadruk"},"content":{"rendered":"\t\t<div data-elementor-type=\"wp-page\" data-elementor-id=\"61409\" class=\"elementor elementor-61409 elementor-4167\" data-elementor-post-type=\"page\">\n\t\t\t\t<div class=\"elementor-element elementor-element-27a14e5 e-flex e-con-boxed e-con e-parent\" data-id=\"27a14e5\" data-element_type=\"container\" data-e-type=\"container\">\n\t\t\t\t\t<div class=\"e-con-inner\">\n\t\t\t\t<div class=\"elementor-element elementor-element-5e683b3 elementor-widget elementor-widget-heading\" data-id=\"5e683b3\" data-element_type=\"widget\" data-e-type=\"widget\" data-widget_type=\"heading.default\">\n\t\t\t\t<div class=\"elementor-widget-container\">\n\t\t\t\t\t<h1 class=\"elementor-heading-title elementor-size-default\">Nadruk<\/h1>\t\t\t\t<\/div>\n\t\t\t\t<\/div>\n\t\t\t\t<div class=\"elementor-element elementor-element-8b13a3e elementor-widget elementor-widget-text-editor\" data-id=\"8b13a3e\" data-element_type=\"widget\" data-e-type=\"widget\" data-widget_type=\"text-editor.default\">\n\t\t\t\t<div class=\"elementor-widget-container\">\n\t\t\t\t\t\t\t\t\t<div><p><strong>Lysentia B.V.<br><\/strong><br> Dyrektor Zarz\u0105dzaj\u0105cy: Daniel Becker i Manuel M\u00fchlhoff<\/p><p>Karveelweg 20<br>6222 NH Maastricht<br>Holandia<\/p><p>Telefon: <a href=\"http:\/\/tel:+31623012367\/\" target=\"_blank\" rel=\"noopener\">+31623012367<\/a><br>Email: <a href=\"mailto:support@lsd-legal.com\">support@lsd-legal.com<\/a><\/p><p>Rejestr handlowy:<br>Numer Izby Handlowej: 94284407<br>Numer VAT: NL866710796B01<\/p><p>Zgodnie z holenderskim prawem cywilnym (Burgerlijk Wetboek, Boek 6) i rozporz\u0105dzeniem (UE) 2022\/2065 (ustawa o us\u0142ugach cyfrowych) udost\u0119pniamy powy\u017csze informacje w celu zapewnienia przejrzysto\u015bci.  <br>Dalsze szczeg\u00f3\u0142y, takie jak w\u0142a\u015bciwe organy nadzorcze, nasza polityka prywatno\u015bci i warunki, s\u0105 dost\u0119pne na \u017c\u0105danie lub bezpo\u015brednio na naszej stronie internetowej.<\/p><\/div><div> <\/div><div><strong>Rozstrzyganie spor\u00f3w<\/strong><\/div><div><p>UE stworzy\u0142a internetow\u0105 procedur\u0119 rozstrzygania spor\u00f3w mi\u0119dzy przedsi\u0119biorstwami a konsumentami. Informacje na ten temat znajdziesz na stronie: <\/p><div><a href=\"https:\/\/ec.europa.eu\/consumers\/odr\">https:\/\/ec.europa.eu\/consumers\/odr<\/a><\/div><div> <\/div><div>Nie jeste\u015bmy przygotowani ani zobowi\u0105zani do udzia\u0142u w post\u0119powaniu rozstrzygaj\u0105cym spory przed konsumenckim organem arbitra\u017cowym.<\/div><div> <\/div><div><strong>Odpowiedzialno\u015b\u0107 za tre\u015b\u0107<\/strong><\/div><div><p>Dok\u0142adamy szczeg\u00f3lnej staranno\u015bci przy tworzeniu zawarto\u015bci naszej strony internetowej i staramy si\u0119 dostarcza\u0107 dok\u0142adne i aktualne informacje.<br>Zgodnie z art. 14 ustawy o us\u0142ugach cyfrowych i odpowiednimi przepisami holenderskimi, jeste\u015bmy odpowiedzialni za w\u0142asne tre\u015bci na tych stronach. <br>Nie jeste\u015bmy zobowi\u0105zani do monitorowania przesy\u0142anych lub przechowywanych tre\u015bci stron trzecich ani do badania okoliczno\u015bci wskazuj\u0105cych na nielegaln\u0105 dzia\u0142alno\u015b\u0107.<br>Odpowiedzialno\u015b\u0107 w tym zakresie jest mo\u017cliwa tylko od momentu, w kt\u00f3rym dowiemy si\u0119 o konkretnym naruszeniu. Gdy tylko si\u0119 o tym dowiemy, natychmiast usuniemy te tre\u015bci. <\/p><div> <\/div><div><strong>Odpowiedzialno\u015b\u0107 za linki<\/strong><\/div><div><p>Nasza witryna zawiera zewn\u0119trzne \u0142\u0105cza do innych witryn, na kt\u00f3rych tre\u015b\u0107 nie mamy wp\u0142ywu. Z tego powodu nie mo\u017cemy przyj\u0105\u0107 \u017cadnej odpowiedzialno\u015bci za te tre\u015bci. Za tre\u015b\u0107 i dok\u0142adno\u015b\u0107 podanych informacji odpowiada odpowiedni dostawca po\u0142\u0105czonej strony internetowej. W momencie tworzenia link\u00f3w nie stwierdzono \u017cadnych narusze\u0144 prawa. Je\u015bli dowiemy si\u0119 o jakichkolwiek naruszeniach, niezw\u0142ocznie usuniemy takie linki.    <\/p><div> <\/div><div><p><strong>Prawa autorskie<\/strong><br>Wszystkie tre\u015bci i dzie\u0142a stworzone przez operator\u00f3w strony internetowej podlegaj\u0105 holenderskiemu prawu autorskiemu i prawom pokrewnym. Wk\u0142ad stron trzecich jest oznaczony jako taki. <br>Jakiekolwiek powielanie, edytowanie, dystrybucja lub jakikolwiek rodzaj wykorzystania poza granicami prawa autorskiego wymaga uprzedniej pisemnej zgody odpowiedniego w\u0142a\u015bciciela praw autorskich.<br>Pobieranie i kopiowanie tej witryny jest dozwolone wy\u0142\u0105cznie do prywatnego, niekomercyjnego u\u017cytku. <br>Je\u015bli uwa\u017casz, \u017ce tre\u015bci na tej stronie naruszaj\u0105 prawa autorskie, skontaktuj si\u0119 z nami. Zbadamy spraw\u0119 i w razie potrzeby usuniemy tre\u015bci.  <\/p><\/div><\/div><\/div><\/div>\t\t\t\t\t\t\t\t<\/div>\n\t\t\t\t<\/div>\n\t\t\t\t\t<\/div>\n\t\t\t\t<\/div>\n\t\t\t\t<\/div>\n\t\t","protected":false},"excerpt":{"rendered":"<p>Lysentia B.V. Dyrektor Zarz\u0105dzaj\u0105cy: Daniel Becker i Manuel M\u00fchlhoff Karveelweg 206222 NH MaastrichtHolandia Telefon: +31623012367Email: support@lsd-legal.com Rejestr handlowy:Numer Izby Handlowej: 94284407Numer VAT: NL866710796B01 Zgodnie z holenderskim prawem cywilnym (Burgerlijk Wetboek, Boek 6) i rozporz\u0105dzeniem (UE) 2022\/2065 (ustawa o us\u0142ugach cyfrowych) udost\u0119pniamy powy\u017csze informacje w celu zapewnienia przejrzysto\u015bci. Dalsze szczeg\u00f3\u0142y, takie jak w\u0142a\u015bciwe organy nadzorcze, nasza [&hellip;]<\/p>\n","protected":false},"author":9051,"featured_media":0,"parent":0,"menu_order":0,"comment_status":"closed","ping_status":"closed","template":"","meta":{"_acf_changed":false,"_uf_show_specific_survey":0,"_uf_disable_surveys":false,"footnotes":""},"class_list":["post-61409","page","type-page","status-publish","hentry"],"acf":[],"_links":{"self":[{"href":"https:\/\/lsd-legal.com\/pl\/wp-json\/wp\/v2\/pages\/61409","targetHints":{"allow":["GET"]}}],"collection":[{"href":"https:\/\/lsd-legal.com\/pl\/wp-json\/wp\/v2\/pages"}],"about":[{"href":"https:\/\/lsd-legal.com\/pl\/wp-json\/wp\/v2\/types\/page"}],"author":[{"embeddable":true,"href":"https:\/\/lsd-legal.com\/pl\/wp-json\/wp\/v2\/users\/9051"}],"replies":[{"embeddable":true,"href":"https:\/\/lsd-legal.com\/pl\/wp-json\/wp\/v2\/comments?post=61409"}],"version-history":[{"count":4,"href":"https:\/\/lsd-legal.com\/pl\/wp-json\/wp\/v2\/pages\/61409\/revisions"}],"predecessor-version":[{"id":64682,"href":"https:\/\/lsd-legal.com\/pl\/wp-json\/wp\/v2\/pages\/61409\/revisions\/64682"}],"wp:attachment":[{"href":"https:\/\/lsd-legal.com\/pl\/wp-json\/wp\/v2\/media?parent=61409"}],"curies":[{"name":"wp","href":"https:\/\/api.w.org\/{rel}","templated":true}]}}