{"id":64201,"date":"2026-03-09T04:14:51","date_gmt":"2026-03-09T04:14:51","guid":{"rendered":"https:\/\/lsd-legal.com\/newsletter\/"},"modified":"2026-03-09T04:25:23","modified_gmt":"2026-03-09T04:25:23","slug":"newsletter","status":"publish","type":"page","link":"https:\/\/lsd-legal.com\/pl\/newsletter\/","title":{"rendered":"Legalny biuletyn LSD"},"content":{"rendered":"\t\t<div data-elementor-type=\"wp-page\" data-elementor-id=\"64201\" class=\"elementor elementor-64201 elementor-64185\" data-elementor-post-type=\"page\">\n\t\t\t\t<div class=\"elementor-element elementor-element-f0f24e2 e-flex e-con-boxed elementor-invisible e-con e-parent\" data-id=\"f0f24e2\" data-element_type=\"container\" data-e-type=\"container\" data-settings=\"{&quot;background_background&quot;:&quot;classic&quot;,&quot;animation&quot;:&quot;fadeIn&quot;}\">\n\t\t\t\t\t<div class=\"e-con-inner\">\n\t\t\t\t<div class=\"elementor-element elementor-element-2c82cad elementor-widget elementor-widget-shortcode\" data-id=\"2c82cad\" data-element_type=\"widget\" data-e-type=\"widget\" data-widget_type=\"shortcode.default\">\n\t\t\t\t<div class=\"elementor-widget-container\">\n\t\t\t\t\t\t\t<div class=\"elementor-shortcode\">\t\t<div class=\"newsletter-form-wrapper\">\n\t\t\t\t\t\t\t<h3 class=\"newsletter-form__title\">Newsletter LSD-legal<\/h3>\n\t\t\t\n\t\t\t\t\t\t\t<p class=\"newsletter-form__description\">Zapisz si\u0119 do naszego newslettera, aby by\u0107 na bie\u017c\u0105co z najnowszymi informacjami o LSD-legal i promocjach rabatowych. W podzi\u0119kowaniu otrzymasz 10% kod rabatowy e-mailem na nast\u0119pne zam\u00f3wienie online (maksymalna warto\u015b\u0107 zam\u00f3wienia: 250\u20ac, z wy\u0142\u0105czeniem zestaw\u00f3w).<\/p>\n\t\t\t\n\t\t\t<form id=\"newsletter-form\" class=\"newsletter-form\" method=\"post\">\n\t\t\t\t<input type=\"hidden\" id=\"newsletter_nonce\" name=\"newsletter_nonce\" value=\"1b104de89e\" \/><input type=\"hidden\" name=\"_wp_http_referer\" value=\"\/pl\/wp-json\/wp\/v2\/pages\/64201\" \/>\t\t\t\t<input type=\"hidden\" name=\"action\" value=\"newsletter_form_submit\" \/>\n\t\t\t\t<input type=\"hidden\" name=\"time_token\" value=\"MTc3NzM3ODIxNQ==\" \/>\n\t\t\t\t<input type=\"hidden\" name=\"language\" value=\"pl\" \/>\n\n\t\t\t\t<!-- Honeypot field - hidden from humans, bots will fill it -->\n\t\t\t\t<div class=\"newsletter-form__honeypot\" aria-hidden=\"true\">\n\t\t\t\t\t<label for=\"website_url\">Website<\/label>\n\t\t\t\t\t<input type=\"text\" name=\"website_url\" id=\"website_url\" tabindex=\"-1\" autocomplete=\"off\" \/>\n\t\t\t\t<\/div>\n\n\t\t\t\t\t\t\t\t\t<div class=\"newsletter-form__field\">\n\t\t\t\t\t\t<label for=\"newsletter_first_name\">\n\t\t\t\t\t\t\tImi\u0119\t\t\t\t\t\t\t<span class=\"required\">*<\/span>\n\t\t\t\t\t\t<\/label>\n\t\t\t\t\t\t<input\n\t\t\t\t\t\t\ttype=\"text\"\n\t\t\t\t\t\t\tname=\"first_name\"\n\t\t\t\t\t\t\tid=\"newsletter_first_name\"\n\t\t\t\t\t\t\tplaceholder=\"Podaj swoje imi\u0119.\"\n\t\t\t\t\t\t\trequired\n\t\t\t\t\t\t\/>\n\t\t\t\t\t<\/div>\n\n\t\t\t\t\t<div class=\"newsletter-form__field\">\n\t\t\t\t\t\t<label for=\"newsletter_last_name\">\n\t\t\t\t\t\t\tNazwisko\t\t\t\t\t\t<\/label>\n\t\t\t\t\t\t<input\n\t\t\t\t\t\t\ttype=\"text\"\n\t\t\t\t\t\t\tname=\"last_name\"\n\t\t\t\t\t\t\tid=\"newsletter_last_name\"\n\t\t\t\t\t\t\tplaceholder=\"Podaj swoje nazwisko.\"\n\t\t\t\t\t\t\/>\n\t\t\t\t\t<\/div>\n\t\t\t\t\n\t\t\t\t<div class=\"newsletter-form__field\">\n\t\t\t\t\t<label for=\"newsletter_email\">\n\t\t\t\t\t\tE-mail\t\t\t\t\t\t<span class=\"required\">*<\/span>\n\t\t\t\t\t<\/label>\n\t\t\t\t\t<input\n\t\t\t\t\t\ttype=\"email\"\n\t\t\t\t\t\tname=\"email\"\n\t\t\t\t\t\tid=\"newsletter_email\"\n\t\t\t\t\t\tplaceholder=\"Podaj sw\u00f3j adres e-mail.\"\n\t\t\t\t\t\trequired\n\t\t\t\t\t\/>\n\t\t\t\t<\/div>\n\n\t\t\t\t\t\t\t\t\t<p class=\"newsletter-form__legal\">\n\t\t\t\t\t\tZapisuj\u0105c si\u0119, zgadzasz si\u0119 na otrzymywanie newslettera drog\u0105 e-mailow\u0105. Tw\u00f3j adres e-mail wykorzystujemy wy\u0142\u0105cznie do wysy\u0142ki newslettera. Mo\u017cesz zrezygnowa\u0107 z subskrypcji w dowolnym momencie za pomoc\u0105 linku rezygnacji w ka\u017cdym e-mailu lub kontaktuj\u0105c si\u0119 z nami. Wi\u0119cej informacji znajdziesz w naszej\t\t\t\t\t\t<a href=\"https:\/\/lsd-legal.com\/data-privacy\/\" target=\"_blank\">Polityka prywatno\u015bci<\/a>.\n\t\t\t\t\t<\/p>\n\t\t\t\t\n\t\t\t\t<div class=\"newsletter-form__field newsletter-form__field--submit\">\n\t\t\t\t\t<button type=\"submit\" class=\"newsletter-form__submit\">\n\t\t\t\t\t\tSubskrybuj\t\t\t\t\t<\/button>\n\t\t\t\t<\/div>\n\n\t\t\t\t<div class=\"newsletter-form__message\" aria-live=\"polite\"><\/div>\n\t\t\t<\/form>\n\t\t<\/div>\n\t\t<\/div>\n\t\t\t\t\t\t<\/div>\n\t\t\t\t<\/div>\n\t\t\t\t\t<\/div>\n\t\t\t\t<\/div>\n\t\t\t\t<\/div>\n\t\t","protected":false},"excerpt":{"rendered":"","protected":false},"author":4,"featured_media":0,"parent":0,"menu_order":0,"comment_status":"closed","ping_status":"closed","template":"","meta":{"_acf_changed":false,"_uf_show_specific_survey":0,"_uf_disable_surveys":false,"footnotes":""},"class_list":["post-64201","page","type-page","status-publish","hentry"],"acf":[],"_links":{"self":[{"href":"https:\/\/lsd-legal.com\/pl\/wp-json\/wp\/v2\/pages\/64201","targetHints":{"allow":["GET"]}}],"collection":[{"href":"https:\/\/lsd-legal.com\/pl\/wp-json\/wp\/v2\/pages"}],"about":[{"href":"https:\/\/lsd-legal.com\/pl\/wp-json\/wp\/v2\/types\/page"}],"author":[{"embeddable":true,"href":"https:\/\/lsd-legal.com\/pl\/wp-json\/wp\/v2\/users\/4"}],"replies":[{"embeddable":true,"href":"https:\/\/lsd-legal.com\/pl\/wp-json\/wp\/v2\/comments?post=64201"}],"version-history":[{"count":1,"href":"https:\/\/lsd-legal.com\/pl\/wp-json\/wp\/v2\/pages\/64201\/revisions"}],"predecessor-version":[{"id":64202,"href":"https:\/\/lsd-legal.com\/pl\/wp-json\/wp\/v2\/pages\/64201\/revisions\/64202"}],"wp:attachment":[{"href":"https:\/\/lsd-legal.com\/pl\/wp-json\/wp\/v2\/media?parent=64201"}],"curies":[{"name":"wp","href":"https:\/\/api.w.org\/{rel}","templated":true}]}}