{"id":65581,"date":"2026-05-06T04:52:46","date_gmt":"2026-05-06T04:52:46","guid":{"rendered":"https:\/\/lsd-legal.com\/doswiadczenia\/nowa\/"},"modified":"2026-05-06T04:52:46","modified_gmt":"2026-05-06T04:52:46","slug":"nowa","status":"publish","type":"page","link":"https:\/\/lsd-legal.com\/pl\/doswiadczenia\/nowa\/","title":{"rendered":"Napisz recenzj\u0119"},"content":{"rendered":"<div class=\"lsdr-no-session\"><p>Opinie mo\u017cesz doda\u0107 tylko przez osobisty link z e-maila z pro\u015bb\u0105 o opini\u0119. Je\u015bli nie otrzyma\u0142e\u015b linku, skontaktuj si\u0119 z nasz\u0105 pomoc\u0105.<\/p><\/div>\n","protected":false},"excerpt":{"rendered":"","protected":false},"author":1,"featured_media":0,"parent":60530,"menu_order":0,"comment_status":"closed","ping_status":"closed","template":"","meta":{"_acf_changed":false,"_uf_show_specific_survey":0,"_uf_disable_surveys":false,"footnotes":""},"class_list":["post-65581","page","type-page","status-publish","hentry"],"acf":[],"_links":{"self":[{"href":"https:\/\/lsd-legal.com\/pl\/wp-json\/wp\/v2\/pages\/65581","targetHints":{"allow":["GET"]}}],"collection":[{"href":"https:\/\/lsd-legal.com\/pl\/wp-json\/wp\/v2\/pages"}],"about":[{"href":"https:\/\/lsd-legal.com\/pl\/wp-json\/wp\/v2\/types\/page"}],"author":[{"embeddable":true,"href":"https:\/\/lsd-legal.com\/pl\/wp-json\/wp\/v2\/users\/1"}],"replies":[{"embeddable":true,"href":"https:\/\/lsd-legal.com\/pl\/wp-json\/wp\/v2\/comments?post=65581"}],"version-history":[{"count":0,"href":"https:\/\/lsd-legal.com\/pl\/wp-json\/wp\/v2\/pages\/65581\/revisions"}],"up":[{"embeddable":true,"href":"https:\/\/lsd-legal.com\/pl\/wp-json\/wp\/v2\/pages\/60530"}],"wp:attachment":[{"href":"https:\/\/lsd-legal.com\/pl\/wp-json\/wp\/v2\/media?parent=65581"}],"curies":[{"name":"wp","href":"https:\/\/api.w.org\/{rel}","templated":true}]}}