{"id":59172,"date":"2023-07-14T15:57:36","date_gmt":"2023-07-14T15:57:36","guid":{"rendered":"https:\/\/lsd-legal.com\/imprint\/"},"modified":"2026-03-12T11:23:51","modified_gmt":"2026-03-12T11:23:51","slug":"imprint","status":"publish","type":"page","link":"https:\/\/lsd-legal.com\/pt-pt\/imprint\/","title":{"rendered":"Impress\u00e3o"},"content":{"rendered":"\t\t<div data-elementor-type=\"wp-page\" data-elementor-id=\"59172\" class=\"elementor elementor-59172 elementor-4167\" data-elementor-post-type=\"page\">\n\t\t\t\t<div class=\"elementor-element elementor-element-27a14e5 e-flex e-con-boxed e-con e-parent\" data-id=\"27a14e5\" data-element_type=\"container\" data-e-type=\"container\">\n\t\t\t\t\t<div class=\"e-con-inner\">\n\t\t\t\t<div class=\"elementor-element elementor-element-5e683b3 elementor-widget elementor-widget-heading\" data-id=\"5e683b3\" data-element_type=\"widget\" data-e-type=\"widget\" data-widget_type=\"heading.default\">\n\t\t\t\t<div class=\"elementor-widget-container\">\n\t\t\t\t\t<h1 class=\"elementor-heading-title elementor-size-default\">Impress\u00e3o<\/h1>\t\t\t\t<\/div>\n\t\t\t\t<\/div>\n\t\t\t\t<div class=\"elementor-element elementor-element-8b13a3e elementor-widget elementor-widget-text-editor\" data-id=\"8b13a3e\" data-element_type=\"widget\" data-e-type=\"widget\" data-widget_type=\"text-editor.default\">\n\t\t\t\t<div class=\"elementor-widget-container\">\n\t\t\t\t\t\t\t\t\t<div><p><strong>Lysentia B.V.<br><\/strong><br> Diretor Geral: Daniel Becker e Manuel M\u00fchlhoff<\/p><p>Karveelweg 20<br>6222 NH Maastricht<br>Pa\u00edses Baixos<\/p><p>Telefona: <a href=\"http:\/\/tel:+31623012367\/\" target=\"_blank\" rel=\"noopener\">+31623012367<\/a><br>Email: <a href=\"mailto:support@lsd-legal.com\">support@lsd-legal.com<\/a><\/p><p>Registo comercial:<br>N\u00famero da C\u00e2mara de Com\u00e9rcio: 94284407<br>N\u00famero de IVA: NL866710796B01<\/p><p>De acordo com o direito civil neerland\u00eas (Burgerlijk Wetboek, Boek 6) e o Regulamento (UE) 2022\/2065 (Lei dos Servi\u00e7os Digitais), fornecemos as informa\u00e7\u00f5es acima por raz\u00f5es de transpar\u00eancia.  <br>Para mais informa\u00e7\u00f5es, tais como as autoridades de controlo competentes, a nossa pol\u00edtica de privacidade e os nossos termos e condi\u00e7\u00f5es, podes ser solicitados ou consultados diretamente no nosso s\u00edtio Web.<\/p><\/div><div> <\/div><div><strong>Resolu\u00e7\u00e3o de lit\u00edgios<\/strong><\/div><div><p>A UE criou um procedimento em linha para a resolu\u00e7\u00e3o de lit\u00edgios entre empresas e consumidores. Podes encontrar informa\u00e7\u00f5es sobre este procedimento em: <\/p><div><a href=\"https:\/\/ec.europa.eu\/consumers\/odr\">https:\/\/ec.europa.eu\/consumers\/odr<\/a><\/div><div> <\/div><div>N\u00e3o estamos preparados ou obrigados a participar num processo de resolu\u00e7\u00e3o de lit\u00edgios perante uma comiss\u00e3o de arbitragem de consumidores.<\/div><div> <\/div><div><strong>Responsabilidade pelo conte\u00fado<\/strong><\/div><div><p>Temos muito cuidado ao criar o conte\u00fado do nosso s\u00edtio Web e esfor\u00e7amo-nos por fornecer informa\u00e7\u00f5es precisas e actualizadas.<br>De acordo com o artigo 14 da Lei dos Servi\u00e7os Digitais e a legisla\u00e7\u00e3o neerlandesa relevante, somos respons\u00e1veis pelo nosso pr\u00f3prio conte\u00fado nestas p\u00e1ginas. <br>N\u00e3o somos obrigados a controlar o conte\u00fado transmitido ou armazenado de terceiros ou a investigar circunst\u00e2ncias que indiquem atividade ilegal.<br>A responsabilidade a este respeito s\u00f3 \u00e9 poss\u00edvel a partir do momento em que tomamos conhecimento de uma infra\u00e7\u00e3o espec\u00edfica. Assim que tivermos conhecimento disso, removeremos o conte\u00fado imediatamente. <\/p><div> <\/div><div><strong>Responsabilidade pelas liga\u00e7\u00f5es<\/strong><\/div><div><p>O nosso s\u00edtio Web cont\u00e9m liga\u00e7\u00f5es externas a outros s\u00edtios Web sobre cujo conte\u00fado n\u00e3o temos qualquer influ\u00eancia. Por este motivo, n\u00e3o podemos aceitar qualquer responsabilidade por estes conte\u00fados. O respetivo fornecedor do s\u00edtio Web ligado \u00e9 respons\u00e1vel pelo conte\u00fado e pela exatid\u00e3o das informa\u00e7\u00f5es fornecidas. No momento da cria\u00e7\u00e3o das hiperliga\u00e7\u00f5es, n\u00e3o foram detectadas quaisquer viola\u00e7\u00f5es da lei. Se tivermos conhecimento de quaisquer infrac\u00e7\u00f5es, removeremos imediatamente essas liga\u00e7\u00f5es.    <\/p><div> <\/div><div><p><strong>Direitos de autor<\/strong><br>Todos os conte\u00fados e trabalhos criados pelos operadores do s\u00edtio Web est\u00e3o sujeitos \u00e0 legisla\u00e7\u00e3o neerlandesa em mat\u00e9ria de direitos de autor e direitos conexos. As contribui\u00e7\u00f5es de terceiros est\u00e3o assinaladas como tal. <br>Qualquer reprodu\u00e7\u00e3o, edi\u00e7\u00e3o, distribui\u00e7\u00e3o ou qualquer tipo de utiliza\u00e7\u00e3o fora dos limites da lei de direitos de autor requer o consentimento pr\u00e9vio por escrito do respetivo detentor dos direitos de autor.<br>Os downloads e c\u00f3pias deste s\u00edtio Web s\u00f3 s\u00e3o permitidos para uso privado e n\u00e3o comercial. <br>Se considerares que o conte\u00fado deste s\u00edtio Web viola os direitos de autor, contacta-nos. Investigaremos o assunto e removeremos o conte\u00fado, se necess\u00e1rio.  <\/p><\/div><\/div><\/div><\/div>\t\t\t\t\t\t\t\t<\/div>\n\t\t\t\t<\/div>\n\t\t\t\t\t<\/div>\n\t\t\t\t<\/div>\n\t\t\t\t<\/div>\n\t\t","protected":false},"excerpt":{"rendered":"<p>Lysentia B.V. Diretor Geral: Daniel Becker e Manuel M\u00fchlhoff Karveelweg 206222 NH MaastrichtPa\u00edses Baixos Telefona: +31623012367Email: support@lsd-legal.com Registo comercial:N\u00famero da C\u00e2mara de Com\u00e9rcio: 94284407N\u00famero de IVA: NL866710796B01 De acordo com o direito civil neerland\u00eas (Burgerlijk Wetboek, Boek 6) e o Regulamento (UE) 2022\/2065 (Lei dos Servi\u00e7os Digitais), fornecemos as informa\u00e7\u00f5es acima por raz\u00f5es de transpar\u00eancia. [&hellip;]<\/p>\n","protected":false},"author":9051,"featured_media":0,"parent":0,"menu_order":0,"comment_status":"closed","ping_status":"closed","template":"","meta":{"_acf_changed":false,"_uf_show_specific_survey":0,"_uf_disable_surveys":false,"footnotes":""},"class_list":["post-59172","page","type-page","status-publish","hentry"],"acf":[],"_links":{"self":[{"href":"https:\/\/lsd-legal.com\/pt-pt\/wp-json\/wp\/v2\/pages\/59172","targetHints":{"allow":["GET"]}}],"collection":[{"href":"https:\/\/lsd-legal.com\/pt-pt\/wp-json\/wp\/v2\/pages"}],"about":[{"href":"https:\/\/lsd-legal.com\/pt-pt\/wp-json\/wp\/v2\/types\/page"}],"author":[{"embeddable":true,"href":"https:\/\/lsd-legal.com\/pt-pt\/wp-json\/wp\/v2\/users\/9051"}],"replies":[{"embeddable":true,"href":"https:\/\/lsd-legal.com\/pt-pt\/wp-json\/wp\/v2\/comments?post=59172"}],"version-history":[{"count":5,"href":"https:\/\/lsd-legal.com\/pt-pt\/wp-json\/wp\/v2\/pages\/59172\/revisions"}],"predecessor-version":[{"id":64680,"href":"https:\/\/lsd-legal.com\/pt-pt\/wp-json\/wp\/v2\/pages\/59172\/revisions\/64680"}],"wp:attachment":[{"href":"https:\/\/lsd-legal.com\/pt-pt\/wp-json\/wp\/v2\/media?parent=59172"}],"curies":[{"name":"wp","href":"https:\/\/api.w.org\/{rel}","templated":true}]}}