{"id":59178,"date":"2023-08-21T16:19:46","date_gmt":"2023-08-21T16:19:46","guid":{"rendered":"https:\/\/lsd-legal.com\/direito-de-rescisao\/"},"modified":"2025-08-28T10:13:37","modified_gmt":"2025-08-28T10:13:37","slug":"direito-de-rescisao","status":"publish","type":"page","link":"https:\/\/lsd-legal.com\/pt-pt\/direito-de-rescisao\/","title":{"rendered":"Direito de rescis\u00e3o"},"content":{"rendered":"\n<p>Tem o direito de rescindir este contrato no prazo de <strong>catorze (14) dias<\/strong> sem indicar qualquer motivo.<br\/>O prazo de rescis\u00e3o expira <strong>catorze (14) dias ap\u00f3s a data de celebra\u00e7\u00e3o do contrato.<\/strong><\/p>\n\n<p>Para exercer o seu direito de rescis\u00e3o, deve informar-nos da sua decis\u00e3o atrav\u00e9s de uma declara\u00e7\u00e3o clara (por exemplo, por correio, telefone ou e-mail) utilizando os dados de contacto abaixo:<\/p>\n\n<p><strong>Cofana International B.V.<\/strong><br\/>A\/C: Daniel Becker<br\/>Karveelweg 20<br\/>6222 NH Maastricht<br\/>Pa\u00edses Baixos<\/p>\n\n<p>Telefone: +49 (0)176 434 499 27<br\/>E-mail: info@cofanainternational.com<\/p>\n\n<p>Pode utilizar o modelo de formul\u00e1rio de rescis\u00e3o fornecido abaixo, mas isso n\u00e3o \u00e9 obrigat\u00f3rio.<br\/>Para cumprir o prazo de rescis\u00e3o, basta enviar a sua comunica\u00e7\u00e3o relativa ao exerc\u00edcio do direito de rescis\u00e3o antes do termo do prazo de rescis\u00e3o.<\/p>\n\n<hr class=\"wp-block-separator has-alpha-channel-opacity\"\/>\n\n<p><strong>Consequ\u00eancias da retirada<\/strong><\/p>\n\n<p>Se rescindir este contrato, reembolsaremos todos os pagamentos recebidos de si, incluindo os custos de entrega (exceto quaisquer custos adicionais decorrentes da sua escolha de um m\u00e9todo de entrega diferente da entrega padr\u00e3o mais econ\u00f3mica oferecida por n\u00f3s), sem demora injustificada e, em qualquer caso, no prazo m\u00e1ximo de <strong>catorze (14) dias<\/strong> a partir da data em que formos informados da sua decis\u00e3o de rescindir este contrato.<\/p>\n\n<hr class=\"wp-block-separator has-alpha-channel-opacity\"\/>\n\n<p><strong>Exclus\u00e3o\/caducidade antecipada do direito de rescis\u00e3o<\/strong><\/p>\n\n<p>O direito de rescis\u00e3o n\u00e3o se aplica ou pode expirar antecipadamente para contratos \u00e0 dist\u00e2ncia relacionados com:<\/p>\n\n<ul class=\"wp-block-list\">\n<li>bens que se deterioram rapidamente ou t\u00eam um prazo de validade curto;<\/li>\n\n\n\n<li>produtos selados que n\u00e3o s\u00e3o adequados para devolu\u00e7\u00e3o por motivos de sa\u00fade ou higiene, se forem abertos ap\u00f3s a entrega.<\/li>\n<\/ul>\n\n<hr class=\"wp-block-separator has-alpha-channel-opacity\"\/>\n\n<p>Modelo de formul\u00e1rio de retirada<\/p>\n\n<p>Se desejar rescindir o contrato, preencha este formul\u00e1rio e envie-o para:<\/p>\n\n<p><strong>Cofana International B.V.<\/strong><br\/>A\/C: Daniel Becker<br\/>Karveelweg 20<br\/>6222 NH Maastricht<br\/>Pa\u00edses Baixos<\/p>\n\n<p>ou por e-mail para: info@cofanainternational.com<\/p>\n\n<p>Eu\/n\u00f3s, por meio deste, rescindimos o contrato celebrado por mim\/n\u00f3s para a compra dos seguintes produtos:<\/p>\n\n<p>\u2013 Nome do(s) consumidor(es):<br\/>\u2013 Endere\u00e7o do(s) consumidor(es):<br\/>\u2013 Data da encomenda:<br\/>\u2013 Produtos encomendados:<br\/>\u2013 Data:<br\/>\u2013 Assinatura do(s) consumidor(es) (apenas se enviado em papel):<\/p>\n","protected":false},"excerpt":{"rendered":"<p>Tem o direito de rescindir este contrato no prazo de catorze (14) dias sem indicar qualquer motivo.O prazo de rescis\u00e3o expira catorze (14) dias ap\u00f3s a data de celebra\u00e7\u00e3o do contrato. Para exercer o seu direito de rescis\u00e3o, deve informar-nos da sua decis\u00e3o atrav\u00e9s de uma declara\u00e7\u00e3o clara (por exemplo, por correio, telefone ou e-mail) [&hellip;]<\/p>\n","protected":false},"author":9051,"featured_media":0,"parent":0,"menu_order":0,"comment_status":"closed","ping_status":"closed","template":"","meta":{"_acf_changed":false,"_uf_show_specific_survey":0,"_uf_disable_surveys":false,"footnotes":""},"class_list":["post-59178","page","type-page","status-publish","hentry"],"acf":[],"_links":{"self":[{"href":"https:\/\/lsd-legal.com\/pt-pt\/wp-json\/wp\/v2\/pages\/59178","targetHints":{"allow":["GET"]}}],"collection":[{"href":"https:\/\/lsd-legal.com\/pt-pt\/wp-json\/wp\/v2\/pages"}],"about":[{"href":"https:\/\/lsd-legal.com\/pt-pt\/wp-json\/wp\/v2\/types\/page"}],"author":[{"embeddable":true,"href":"https:\/\/lsd-legal.com\/pt-pt\/wp-json\/wp\/v2\/users\/9051"}],"replies":[{"embeddable":true,"href":"https:\/\/lsd-legal.com\/pt-pt\/wp-json\/wp\/v2\/comments?post=59178"}],"version-history":[{"count":1,"href":"https:\/\/lsd-legal.com\/pt-pt\/wp-json\/wp\/v2\/pages\/59178\/revisions"}],"predecessor-version":[{"id":59179,"href":"https:\/\/lsd-legal.com\/pt-pt\/wp-json\/wp\/v2\/pages\/59178\/revisions\/59179"}],"wp:attachment":[{"href":"https:\/\/lsd-legal.com\/pt-pt\/wp-json\/wp\/v2\/media?parent=59178"}],"curies":[{"name":"wp","href":"https:\/\/api.w.org\/{rel}","templated":true}]}}