{"id":59181,"date":"2023-08-25T21:25:22","date_gmt":"2023-08-25T21:25:22","guid":{"rendered":"https:\/\/lsd-legal.com\/termos-de-servico\/"},"modified":"2026-03-12T12:04:25","modified_gmt":"2026-03-12T12:04:25","slug":"terms","status":"publish","type":"page","link":"https:\/\/lsd-legal.com\/pt-pt\/terms\/","title":{"rendered":"Termos e condi\u00e7\u00f5es"},"content":{"rendered":"\t\t<div data-elementor-type=\"wp-page\" data-elementor-id=\"59181\" class=\"elementor elementor-59181 elementor-4152\" data-elementor-post-type=\"page\">\n\t\t\t\t<div class=\"elementor-element elementor-element-550ebec e-flex e-con-boxed e-con e-parent\" data-id=\"550ebec\" data-element_type=\"container\" data-e-type=\"container\">\n\t\t\t\t\t<div class=\"e-con-inner\">\n\t\t\t\t<div class=\"elementor-element elementor-element-19099da elementor-widget elementor-widget-heading\" data-id=\"19099da\" data-element_type=\"widget\" data-e-type=\"widget\" data-widget_type=\"heading.default\">\n\t\t\t\t<div class=\"elementor-widget-container\">\n\t\t\t\t\t<h1 class=\"elementor-heading-title elementor-size-default\">Termos e condi\u00e7\u00f5es gerais<\/h1>\t\t\t\t<\/div>\n\t\t\t\t<\/div>\n\t\t\t\t<div class=\"elementor-element elementor-element-41f2081 elementor-widget elementor-widget-text-editor\" data-id=\"41f2081\" data-element_type=\"widget\" data-e-type=\"widget\" data-widget_type=\"text-editor.default\">\n\t\t\t\t<div class=\"elementor-widget-container\">\n\t\t\t\t\t\t\t\t\t<p><em>A partir de fevereiro de 2026<\/em><\/p><h2>1. \u00c2mbito de aplica\u00e7\u00e3o<\/h2><p>Os seguintes Termos e Condi\u00e7\u00f5es Gerais (TCG) aplicam-se a todas as encomendas efectuadas \u00e0 Lysentia B.V. (doravante designada por &#8220;Lysentia&#8221;), exceto se as mercadorias forem vendidas com base num contrato separado celebrado entre as partes, no qual \u00e9 feita refer\u00eancia expl\u00edcita \u00e0 exclus\u00e3o dos presentes TCG. As nossas ofertas destinam-se tanto aos consumidores como aos empres\u00e1rios. Um consumidor \u00e9 qualquer pessoa singular que conclua uma transa\u00e7\u00e3o legal para um fim espec\u00edfico,<br>que n\u00e3o pode ser predominantemente atribu\u00eddo \u00e0 sua atividade comercial ou profissional independente. Um empres\u00e1rio \u00e9 uma pessoa singular ou colectiva ou uma sociedade com capacidade jur\u00eddica que, ao celebrar um neg\u00f3cio jur\u00eddico, actua no exerc\u00edcio da sua atividade comercial, empresarial ou profissional. As condi\u00e7\u00f5es apresentadas pelo comprador s\u00e3o irrelevantes para o processo de encomenda. Em todos os outros aspectos, as presentes condi\u00e7\u00f5es gerais prevalecem sobre as condi\u00e7\u00f5es do comprador no s\u00edtio<br>ou sobre os documentos complementares trocados entre a Lysentia e o comprador.     <\/p><h2>2 Parceiro contratual, oferta e aceita\u00e7\u00e3o<\/h2><p><strong>2.1<\/strong> O contrato de compra \u00e9 celebrado com a Lysentia B.V., Karveelweg 20, 6222NH Maastricht, Pa\u00edses Baixos.<\/p><p><strong>2.2<\/strong> A apresenta\u00e7\u00e3o dos produtos na loja online n\u00e3o constitui uma oferta juridicamente vinculativa, mas sim um convite para efetuar uma encomenda. Podes inicialmente colocar os produtos no carrinho de compras sem qualquer obriga\u00e7\u00e3o e corrigir as tuas entradas em qualquer altura antes de submeteres uma encomenda vinculativa, utilizando as ajudas de corre\u00e7\u00e3o fornecidas e explicadas para este fim no processo de encomenda. <\/p><p><strong>2.3<\/strong> Ao clicar no bot\u00e3o de encomenda, submete uma oferta vinculativa para os produtos contidos no carrinho de compras. A confirma\u00e7\u00e3o da rece\u00e7\u00e3o da tua encomenda ser\u00e1 enviada por correio eletr\u00f3nico imediatamente ap\u00f3s o envio da encomenda. <\/p><p><strong>2.4<\/strong> O contrato de compra \u00e9 celebrado quando aceitamos a tua oferta no prazo de alguns dias. Isto pode ser feito atrav\u00e9s de <\/p><ul><li>emite uma declara\u00e7\u00e3o de aceita\u00e7\u00e3o numa mensagem de correio eletr\u00f3nico separada; ou<\/li><li>recebermos a mercadoria; ou<\/li><li>a opera\u00e7\u00e3o de pagamento \u00e9 efectuada, se for caso disso. A alternativa relevante para ti depende de qual dos eventos acima mencionados ocorre primeiro. <\/li><\/ul><h2>3. Condi\u00e7\u00f5es de entrega<\/h2><p><strong>3.1<\/strong> A entrega \u00e9 efectuada nos seguintes pa\u00edses selecionados: It\u00e1lia, Alemanha, Pol\u00f3nia, Portugal, Eslov\u00e1quia, Espanha, Rep\u00fablica Checa e Pa\u00edses Baixos.<\/p><p><strong>3.2<\/strong> O envio \u00e9 efectuado pela DHL. Os prazos de entrega n\u00e3o s\u00e3o vinculativos, exceto se tiverem sido expressamente acordados por escrito como vinculativos. <\/p><p><strong>3.3<\/strong> Os INCOTERMS 2020, condi\u00e7\u00e3o de entrega DAP aplicam-se \u00e0s condi\u00e7\u00f5es de entrega e ao risco de perda para os consumidores.<\/p><p>a) A entrega ser\u00e1 efectuada no endere\u00e7o de entrega indicado pelo comprador. O vendedor suporta os custos e os riscos do transporte at\u00e9 \u00e0 porta do comprador. <\/p><p><strong>3.4<\/strong> Os INCOTERMS 2020, condi\u00e7\u00e3o de entrega FCA, aplicam-se \u00e0s condi\u00e7\u00f5es de entrega e ao risco de perda perante as empresas.<\/p><p>a) O vendedor entrega as mercadorias \u00e0 DHL devidamente embaladas e etiquetadas.<\/p><p>b) O risco (perda, dano, atraso), bem como a responsabilidade pela alf\u00e2ndega, importa\u00e7\u00e3o, transporte e seguro, passam para o comprador aquando da entrega no local indicado.<\/p><p><strong>3.5<\/strong> O cliente \u00e9 respons\u00e1vel por garantir que os produtos qu\u00edmicos de investiga\u00e7\u00e3o encomendados s\u00e3o legalmente permitidos no respetivo pa\u00eds destinat\u00e1rio. A Lysentia n\u00e3o assume qualquer responsabilidade perante o cliente por apreens\u00f5es, atrasos ou consequ\u00eancias legais resultantes de importa\u00e7\u00f5es para pa\u00edses com regulamentos qu\u00edmicos espec\u00edficos. <\/p><p><strong>3.6<\/strong> Os custos de envio dependem do pa\u00eds de entrega, do peso e do tamanho da encomenda. Os custos exactos s\u00e3o indicados no processo de encomenda antes de esta ser conclu\u00edda. <\/p><p><strong>3.7<\/strong> O prazo de entrega varia consoante o pa\u00eds de entrega.<\/p><p><strong>3.8<\/strong> Em caso de atraso na entrega, ser\u00e1s imediatamente informado. Os direitos legais n\u00e3o s\u00e3o afectados por este facto. <\/p><h2>4. Pre\u00e7o e pagamento<\/h2><p><strong>4.1<\/strong> Os pre\u00e7os indicados s\u00e3o pre\u00e7os l\u00edquidos, incluindo o IVA e outros impostos aplic\u00e1veis aos bens. Todos os impostos ficam a cargo do comprador. <\/p><p><strong>4.2<\/strong> O comprador receber\u00e1 uma fatura por cada encomenda. A fatura deve ser paga pelo comprador no prazo de 14 dias a contar da data da fatura na moeda indicada na fatura. <\/p><p><strong>4.3<\/strong> O pagamento da fatura deve ser efectuado antecipadamente. A mercadoria ser\u00e1 entregue ap\u00f3s a rece\u00e7\u00e3o do pagamento. <\/p><p><strong>4.4<\/strong> Excluem-se compensa\u00e7\u00f5es, redu\u00e7\u00f5es ou outras dedu\u00e7\u00f5es por parte do cliente.<\/p><p><strong>4.5<\/strong> As reclama\u00e7\u00f5es relativas \u00e0s facturas enviadas pela Lysentia devem ser apresentadas por escrito \u00e0 Lysentia no prazo de cinco (5) dias a contar da data da fatura.<\/p><h2>5. Reten\u00e7\u00e3o do t\u00edtulo<\/h2><p><strong>5.1<\/strong> Todos os bens permanecem propriedade exclusiva da Lysentia at\u00e9 que todas as reivindica\u00e7\u00f5es que a Lysentia tenha<br>contra o comprador, por qualquer motivo, tenham sido liquidadas na totalidade.<\/p><p><strong>5.2<\/strong> A Lysentia tem &#8211; se o comprador for classificado como empres\u00e1rio &#8211; o direito, sem aviso de<br>incumprimento ou interven\u00e7\u00e3o judicial, de tomar posse dos bens ainda na posse do<br>parceiro contratual se e assim que o comprador estiver em dificuldades financeiras e\/ou<br>insolvente e\/ou em risco de o ser, por qualquer raz\u00e3o, no cumprimento das suas obriga\u00e7\u00f5es<br>para com a Lysentia.<\/p><p><strong>5.3<\/strong> O comprador, se for empres\u00e1rio, \u00e9 obrigado a indemnizar a Lysentia pelos custos, danos,<br>e lucros cessantes incorridos pela devolu\u00e7\u00e3o dos bens.<\/p><p><strong>5.4<\/strong> O comprador, se for empres\u00e1rio, \u00e9 obrigado a conceder \u00e0 Lysentia livre acesso \u00e0s suas instala\u00e7\u00f5es e\/ou aos edif\u00edcios<br>em qualquer altura para inspecionar os produtos e\/ou exercer os direitos da Lysentia.<\/p><p><strong>5.5<\/strong> Enquanto a propriedade dos produtos n\u00e3o for transferida para o comprador, o comprador<br>n\u00e3o pode onerar, vender, penhorar, arrendar ou de qualquer forma ou sob qualquer t\u00edtulo renunciar ao seu poder (real)<br>sobre os bens.<\/p><p><strong>5.6<\/strong> O comprador s\u00f3 est\u00e1 autorizado a vender os bens no decurso normal da sua atividade comercial ap\u00f3s<br>acordo escrito com a Lysentia, atrav\u00e9s do qual a Lysentia ficar\u00e1 sub-rogada nos direitos do comprador<br>em rela\u00e7\u00e3o \u00e0 parte contratante at\u00e9 que o comprador tenha pago os bens na totalidade e<br>cumprido as suas outras obriga\u00e7\u00f5es para com a Lysentia, independentemente do motivo. Estes direitos incluem expressamente<br>todas as (futuras) reclama\u00e7\u00f5es e todas as (futuras) reclama\u00e7\u00f5es por danos ou perda de produtos.<br>Quando aplic\u00e1vel, o comprador transfere incondicional e irrevogavelmente estes direitos para<br>a Lysentia, que aceita esta transfer\u00eancia. <\/p>\t\t\t\t\t\t\t\t<\/div>\n\t\t\t\t<\/div>\n\t\t\t\t<div class=\"elementor-element elementor-element-47e5443 elementor-widget elementor-widget-text-editor\" data-id=\"47e5443\" data-element_type=\"widget\" data-e-type=\"widget\" data-widget_type=\"text-editor.default\">\n\t\t\t\t<div class=\"elementor-widget-container\">\n\t\t\t\t\t\t\t\t\t<h2>6 Garantia e cau\u00e7\u00e3o<\/h2>\n<p><strong>6.1<\/strong> A Lysentia garante ao comprador que:<\/p>\n<ul>\n<li>a) os bens entregues est\u00e3o em conformidade com as especifica\u00e7\u00f5es, ou seja, tal como constam da encomenda;<\/li>\n<li>b) A Lysentia mant\u00e9m a plena propriedade dos bens; e<\/li>\n<li>c) todos os bens est\u00e3o isentos de \u00f3nus, reclama\u00e7\u00f5es, \u00f3nus, penhoras ou outros \u00f3nus.<\/li>\n\n<\/ul><div><br><\/div>\n<p><strong>6.2<\/strong> Caso se aplique qualquer uma das garantias acima referidas, a Lysentia dever\u00e1, \u00e0 sua escolha, substituir os bens ou reembolsar o pre\u00e7o dos bens. Se e na medida em que a Lysentia entregar bens de substitui\u00e7\u00e3o, o comprador \u00e9 obrigado a devolver imediatamente os produtos defeituosos \u00e0 Lysentia, a expensas suas. <\/p>\n<p><strong>6.3<\/strong> N\u00e3o existem outras garantias para al\u00e9m das mencionadas em 7.1. Em particular, n\u00e3o s\u00e3o dadas quaisquer garantias suplementares, declara\u00e7\u00f5es e\/ou garantias. Isto inclui, mas n\u00e3o se limita, aos bens, \u00e0 aplica\u00e7\u00e3o e\/ou utiliza\u00e7\u00e3o dos bens, \u00e0 comercializa\u00e7\u00e3o, \u00e0 adequa\u00e7\u00e3o a um determinado fim ou \u00e0 n\u00e3o viola\u00e7\u00e3o dos direitos de terceiros.  <\/p>\n<p><strong>6.4<\/strong> O parceiro contratual \u00e9 obrigado a inspecionar os produtos imediatamente ap\u00f3s a sua rece\u00e7\u00e3o, nomeadamente quanto a defeitos, qualidade e quantidade.<\/p>\n<p><strong>6.5<\/strong> O comprador n\u00e3o pode alegar que a mercadoria entregue n\u00e3o corresponde \u00e0 encomenda se n\u00e3o tiver informado a Lysentia por escrito no prazo de oito (8) dias ap\u00f3s a entrega. Para os defeitos n\u00e3o vis\u00edveis, aplica-se um prazo de catorze (14) dias ap\u00f3s a descoberta dos defeitos. Estas notifica\u00e7\u00f5es devem ser efectuadas por escrito e conter uma descri\u00e7\u00e3o t\u00e3o detalhada quanto poss\u00edvel da reclama\u00e7\u00e3o, para que a Lysentia possa responder adequadamente. O comprador deve dar \u00e0 Lysentia a oportunidade de examinar legalmente a reclama\u00e7\u00e3o.   <\/p>\n<p><strong>6.6<\/strong> Qualquer garantia concedida pela Lysentia caducar\u00e1 irrevogavelmente se os defeitos se deverem ao desgaste normal, a uma utiliza\u00e7\u00e3o incorrecta, a causas externas ou a motivos de for\u00e7a maior.<\/p>\n<p><strong>6.7<\/strong> A Lysentia n\u00e3o assume qualquer garantia para os produtos que n\u00e3o sejam fabricados exclusivamente de acordo com a receita pr\u00f3pria da Lysentia.<\/p>\n<p><strong>6.8<\/strong> O direito de garantia do comprador caduca se e assim que os produtos deixarem de estar na sua embalagem original, tiverem sido processados e\/ou modificados de outra forma (no todo ou em parte).<\/p>\n<p><strong>6.9<\/strong> A Lysentia salienta que os produtos oferecidos s\u00e3o produtos qu\u00edmicos de investiga\u00e7\u00e3o que n\u00e3o se destinam nem s\u00e3o adequados ao consumo humano. O objetivo dos produtos propostos limita-se a an\u00e1lises laboratoriais. Este facto determina igualmente a qualidade dos produtos.  <\/p>\n<h2>7 Responsabilidade e exclus\u00e3o de responsabilidade<\/h2>\n<p><strong>7.1<\/strong> A Lysentia s\u00f3 ser\u00e1 respons\u00e1vel por um defeito se este se dever a dolo ou neglig\u00eancia deliberada por parte da Lysentia ou se a Lysentia tiver cometido um ato incorreto pelo qual a Lysentia seja seriamente respons\u00e1vel. A responsabilidade da Lysentia perante o comprador est\u00e1 sempre limitada \u00e0 garantia referida no artigo 7. <\/p>\n<p><strong>7.2<\/strong> A Lysentia nunca ser\u00e1 respons\u00e1vel se o comprador n\u00e3o tiver seguido, n\u00e3o tiver seguido totalmente e\/ou n\u00e3o tiver seguido corretamente os conselhos e\/ou instru\u00e7\u00f5es da Lysentia e\/ou de terceiros contratados pela Lysentia. A Lysentia n\u00e3o ser\u00e1, em caso algum, respons\u00e1vel se o comprador e\/ou o seu parceiro contratual ou o utilizador final: <\/p>\n<ul>\n<li>a) n\u00e3o tiveres seguido as instru\u00e7\u00f5es de utiliza\u00e7\u00e3o;<\/li>\n<li>b) tenha adicionado outras subst\u00e2ncias \u00e0s mercadorias;<\/li>\n<li>c) n\u00e3o tenha armazenado as mercadorias na forma prescrita ou as tenha utilizado para fins diferentes daqueles a que se destinavam;<\/li>\n<li>d) n\u00e3o tenha armazenado corretamente as mercadorias;<\/li>\n<li>e) tiveres ingerido o produto n\u00e3o destinado ao consumo humano;<\/li>\n<li>f) tiver utilizado os bens ap\u00f3s o termo do prazo de validade;<\/li>\n<li>g) tiver transmitido \u00e0 Lysentia dados incorrectos e\/ou incompletos;<\/li>\n<li>h) tenha utilizado os bens apesar de ter conhecimento ou poder razoavelmente ter conhecimento de que os bens eram defeituosos;<\/li>\n<li>i) tenha adquirido bens que n\u00e3o tenham sido fabricados exclusivamente segundo a sua pr\u00f3pria receita<\/li>\n<\/ul><div><br><\/div>\n<p><strong>7.3<\/strong> O Comprador \u00e9 obrigado a cumprir todos os regulamentos de exporta\u00e7\u00e3o e importa\u00e7\u00e3o relevantes. A Lysentia n\u00e3o ser\u00e1 respons\u00e1vel por quaisquer danos causados pelo facto de os bens, incluindo a rotulagem e a ficha de dados de seguran\u00e7a, n\u00e3o estarem em conformidade com os regulamentos locais. Isto aplica-se independentemente de estes se aplicarem no local onde o comprador tem o seu domic\u00edlio e\/ou resid\u00eancia ou onde os bens s\u00e3o vendidos.  <\/p>\n<p><strong>7.4<\/strong> O comprador &#8211; se atuar como revendedor de acordo com a Lysentia &#8211; \u00e9 obrigado a garantir que os produtos, incluindo a rotulagem e a ficha de dados de seguran\u00e7a e\/ou os artigos que adquire \u00e0 Lysentia para efeitos de revenda, cumprem todos os regulamentos locais aplic\u00e1veis a essa revenda.<\/p>\n<p><strong>7.5<\/strong> A Lysentia nunca ser\u00e1 respons\u00e1vel por conselhos relativos aos bens ou outros conselhos, nem por danos consequentes, perda de lucros, perda de poupan\u00e7as, danos imateriais, danos operacionais e\/ou ambientais.<\/p>\n<p><strong>7.6<\/strong> O contrato n\u00e3o cont\u00e9m quaisquer disposi\u00e7\u00f5es que limitem ou excluam a responsabilidade da Lysentia por (a) morte ou danos pessoais resultantes de dolo e\/ou neglig\u00eancia grosseira por parte da Lysentia; (b) fraude ou deturpa\u00e7\u00e3o fraudulenta; ou (c) possa dar origem a outras circunst\u00e2ncias em rela\u00e7\u00e3o \u00e0s quais uma exclus\u00e3o ou limita\u00e7\u00e3o de responsabilidade por parte da Lysentia seja legalmente inadmiss\u00edvel.   <\/p>\n<p><strong>7.7<\/strong> Sem preju\u00edzo do disposto no artigo 6:89 do C\u00f3digo Civil neerland\u00eas, qualquer reclama\u00e7\u00e3o da outra parte contra a Lysentia, seja qual for o motivo, caducar\u00e1 se o comprador n\u00e3o tiver iniciado um processo contra a Lysentia no prazo de um (1) ano ap\u00f3s o surgimento da reclama\u00e7\u00e3o.<\/p>\n<h2>8. For\u00e7a maior<\/h2>\n<p>Se a Lysentia n\u00e3o puder entregar os bens e, assim, cumprir as obriga\u00e7\u00f5es decorrentes do contrato celebrado devido a for\u00e7a maior e\/ou outras circunst\u00e2ncias extraordin\u00e1rias, a Lysentia tem o direito de compensar o cumprimento numa data posterior. Considera-se for\u00e7a maior uma circunst\u00e2ncia que n\u00e3o se encontra na esfera de influ\u00eancia da Lysentia e que n\u00e3o pode ser evitada atrav\u00e9s de medidas razo\u00e1veis. Estas podem incluir, mas n\u00e3o est\u00e3o limitadas a: Inc\u00eandio, inunda\u00e7\u00e3o, greves, estagna\u00e7\u00e3o no fornecimento de bens, a\u00e7\u00e3o governamental, terramoto ou outros eventos naturais, epidemia, pandemia, guerra, emerg\u00eancia nacional, terrorismo, ordens e\/ou ac\u00e7\u00f5es de governos estrangeiros, nacionais ou regionais.  <\/p>\n<h2>9. Rescis\u00e3o \/ suspens\u00e3o<\/h2>\n<p>A Lysentia n\u00e3o \u00e9 obrigada a aceitar outras encomendas no decurso de uma encomenda. A rela\u00e7\u00e3o contratual com o cliente pode ser rescindida em qualquer altura ap\u00f3s o cumprimento das obriga\u00e7\u00f5es contratuais sem aviso pr\u00e9vio. O cliente n\u00e3o tem direito a qualquer indemniza\u00e7\u00e3o em caso de cessa\u00e7\u00e3o da coopera\u00e7\u00e3o.  <\/p>\n<h2>10. Resolu\u00e7\u00e3o de lit\u00edgios<\/h2>\n<p><strong>10.1<\/strong> A Comiss\u00e3o Europeia criou uma plataforma Internet para a resolu\u00e7\u00e3o de lit\u00edgios em linha. A plataforma serve de ponto de contacto para a resolu\u00e7\u00e3o extrajudicial de lit\u00edgios relativos a obriga\u00e7\u00f5es contratuais decorrentes de contratos de venda em linha. Para mais informa\u00e7\u00f5es, consulta o s\u00edtio Web da Comiss\u00e3o Europeia.  <\/p>\n<p><strong>10.2<\/strong> N\u00e3o somos obrigados nem estamos dispostos a participar num processo de resolu\u00e7\u00e3o de lit\u00edgios perante uma comiss\u00e3o de arbitragem de consumidores.<\/p>\n<h2>11 Escolha da lei e do local de jurisdi\u00e7\u00e3o<\/h2>\n<p>A todas as rela\u00e7\u00f5es jur\u00eddicas contratuais e extracontratuais entre o Vendedor e o Comprador aplica-se o direito substantivo dos Pa\u00edses Baixos, com exclus\u00e3o da Conven\u00e7\u00e3o das Na\u00e7\u00f5es Unidas sobre os Contratos de Compra e Venda Internacional de Mercadorias (CISG). O local exclusivo de jurisdi\u00e7\u00e3o para todos os lit\u00edgios decorrentes ou relacionados com esta rela\u00e7\u00e3o contratual ser\u00e1 a sede social do Vendedor nos Pa\u00edses Baixos. Cada parte contratante aceita a jurisdi\u00e7\u00e3o do tribunal acima mencionado e dos tribunais competentes da sede do vendedor.  <\/p>\n<h2>12. Confidencialidade<\/h2>\n<p>As partes contratantes comprometem-se a n\u00e3o divulgar segredos comerciais e outras informa\u00e7\u00f5es confidenciais a terceiros. Tal n\u00e3o se aplica se a divulga\u00e7\u00e3o for necess\u00e1ria para o cumprimento e\/ou a execu\u00e7\u00e3o do contrato e se estiver assegurado o tratamento confidencial dos dados por parte do terceiro. Tamb\u00e9m n\u00e3o se aplica se disposi\u00e7\u00f5es legais obrigat\u00f3rias e\/ou ordens judiciais ou oficiais tornarem necess\u00e1ria a divulga\u00e7\u00e3o dos dados. A obriga\u00e7\u00e3o de confidencialidade mant\u00e9m-se em pleno vigor e efeito mesmo ap\u00f3s a cessa\u00e7\u00e3o do contrato.   <\/p>\n<h2>13. L\u00edngua do contrato e armazenamento do texto do contrato<\/h2>\n<p>A l\u00edngua dispon\u00edvel para a celebra\u00e7\u00e3o do contrato \u00e9 o ingl\u00eas. Guardamos o texto do contrato e enviamos-te os dados da encomenda e as nossas CGV em forma de texto. Por raz\u00f5es de seguran\u00e7a, o texto do contrato n\u00e3o est\u00e1 acess\u00edvel atrav\u00e9s da Internet. Em caso de diverg\u00eancias entre as diferentes vers\u00f5es lingu\u00edsticas, prevalece a vers\u00e3o inglesa.   <\/p>\n<h2>14. Clarifica\u00e7\u00e3o do direito de retrata\u00e7\u00e3o<\/h2>\n<p>De acordo com a Diretiva da UE relativa \u00e0 prote\u00e7\u00e3o dos consumidores (2011\/83\/UE) e as correspondentes implementa\u00e7\u00f5es nacionais, um consumidor tem um direito de retrata\u00e7\u00e3o de 14 dias quando faz compras em linha, a menos que se aplique uma exce\u00e7\u00e3o legal. O direito de retrata\u00e7\u00e3o est\u00e1 exclu\u00eddo para: <\/p>\n<ul>\n<li>Riscos para a seguran\u00e7a ou a sa\u00fade se o selo tiver sido retirado;<\/li>\n<li>Subst\u00e2ncias perigosas que n\u00e3o podem ser devolvidas em seguran\u00e7a.<br><br><\/li>\n<\/ul>\n<p>Por conseguinte, n\u00e3o pode ser concedido um direito de retrata\u00e7\u00e3o para os produtos qu\u00edmicos de investiga\u00e7\u00e3o por n\u00f3s distribu\u00eddos.<\/p>\n<p>No entanto, esclarece-se que os regulamentos obrigat\u00f3rios de prote\u00e7\u00e3o do consumidor do pa\u00eds de resid\u00eancia s\u00e3o sempre aplic\u00e1veis se forem mais favor\u00e1veis do que os regulamentos de prote\u00e7\u00e3o do consumidor da UE como normas m\u00ednimas. Se o cliente encomendar como consumidor de um pa\u00eds com regras de prote\u00e7\u00e3o do consumidor mais favor\u00e1veis, aplicam-se os requisitos m\u00ednimos legais do seu pa\u00eds de origem, n\u00e3o obstante as disposi\u00e7\u00f5es acima referidas. <\/p>\t\t\t\t\t\t\t\t<\/div>\n\t\t\t\t<\/div>\n\t\t\t\t\t<\/div>\n\t\t\t\t<\/div>\n\t\t\t\t<\/div>\n\t\t","protected":false},"excerpt":{"rendered":"<p>Termos e condi\u00e7\u00f5es gerais A partir de fevereiro de 2026 1. \u00c2mbito de aplica\u00e7\u00e3o Os seguintes Termos e Condi\u00e7\u00f5es Gerais (TCG) aplicam-se a todas as encomendas efectuadas \u00e0 Lysentia B.V. (doravante designada por &#8220;Lysentia&#8221;), exceto se as mercadorias forem vendidas com base num contrato separado celebrado entre as partes, no qual \u00e9 feita refer\u00eancia expl\u00edcita [&hellip;]<\/p>\n","protected":false},"author":9051,"featured_media":0,"parent":0,"menu_order":0,"comment_status":"closed","ping_status":"closed","template":"","meta":{"_acf_changed":false,"_uf_show_specific_survey":0,"_uf_disable_surveys":false,"footnotes":""},"class_list":["post-59181","page","type-page","status-publish","hentry"],"acf":[],"_links":{"self":[{"href":"https:\/\/lsd-legal.com\/pt-pt\/wp-json\/wp\/v2\/pages\/59181","targetHints":{"allow":["GET"]}}],"collection":[{"href":"https:\/\/lsd-legal.com\/pt-pt\/wp-json\/wp\/v2\/pages"}],"about":[{"href":"https:\/\/lsd-legal.com\/pt-pt\/wp-json\/wp\/v2\/types\/page"}],"author":[{"embeddable":true,"href":"https:\/\/lsd-legal.com\/pt-pt\/wp-json\/wp\/v2\/users\/9051"}],"replies":[{"embeddable":true,"href":"https:\/\/lsd-legal.com\/pt-pt\/wp-json\/wp\/v2\/comments?post=59181"}],"version-history":[{"count":6,"href":"https:\/\/lsd-legal.com\/pt-pt\/wp-json\/wp\/v2\/pages\/59181\/revisions"}],"predecessor-version":[{"id":64708,"href":"https:\/\/lsd-legal.com\/pt-pt\/wp-json\/wp\/v2\/pages\/59181\/revisions\/64708"}],"wp:attachment":[{"href":"https:\/\/lsd-legal.com\/pt-pt\/wp-json\/wp\/v2\/media?parent=59181"}],"curies":[{"name":"wp","href":"https:\/\/api.w.org\/{rel}","templated":true}]}}